{"id":6840,"date":"2025-06-10T13:59:56","date_gmt":"2025-06-10T19:59:56","guid":{"rendered":"https:\/\/libreriahistoriasdebolsillo.com\/?post_type=product&#038;p=6840"},"modified":"2025-11-20T13:31:13","modified_gmt":"2025-11-20T19:31:13","slug":"too-much","status":"publish","type":"product","link":"https:\/\/libreriahistoriasdebolsillo.com\/index.php\/producto\/too-much\/","title":{"rendered":"Too Much"},"content":{"rendered":"<p>Muchas personas presentan una tendencia: satisfacer al otro, cuidar sus necesidades o resolver sus problemas. No lo hacen desde un lugar de generosidad, sino desde una necesidad de ser reconocidas, como una forma de buscar amor a trav\u00e9s de hacer Too Much, o demasiado.<\/p>\n<p>En estas p\u00e1ginas, Terri Cole (terapeuta con m\u00e1s de 25 a\u00f1os de experiencia y ex codependiente) ayuda a las lectoras a identificar estos patrones de conducta limitantes y a eliminarlos para que se alineen con sus propios deseos.<\/p>\n<p>Explica los mitos en torno al concepto de la codependencia, aclara su significado y nos comparte las v\u00edas para poder trabajarla. Adem\u00e1s, no solo se enfoca en eliminar comportamientos dependientes, sino en c\u00f3mo crecer en autoestima, valor propio, y edificar una personalidad resiliente, firme y clara.<\/p>\n","protected":false},"excerpt":{"rendered":"<p>Terri Cole<\/p>\n<p>280 p\u00e1ginas<\/p>\n","protected":false},"featured_media":6841,"template":"","meta":{"_joinchat":[]},"product_brand":[],"product_cat":[58,41,70],"product_tag":[48],"class_list":{"0":"post-6840","1":"product","2":"type-product","3":"status-publish","4":"has-post-thumbnail","6":"product_cat-desarrollo-humano-y-superacion","7":"product_cat-desarrollo-humano","8":"product_cat-novedades","9":"product_tag-vr-editoras","11":"first","12":"instock","13":"shipping-taxable","14":"purchasable","15":"product-type-simple"},"_links":{"self":[{"href":"https:\/\/libreriahistoriasdebolsillo.com\/index.php\/wp-json\/wp\/v2\/product\/6840","targetHints":{"allow":["GET"]}}],"collection":[{"href":"https:\/\/libreriahistoriasdebolsillo.com\/index.php\/wp-json\/wp\/v2\/product"}],"about":[{"href":"https:\/\/libreriahistoriasdebolsillo.com\/index.php\/wp-json\/wp\/v2\/types\/product"}],"wp:featuredmedia":[{"embeddable":true,"href":"https:\/\/libreriahistoriasdebolsillo.com\/index.php\/wp-json\/wp\/v2\/media\/6841"}],"wp:attachment":[{"href":"https:\/\/libreriahistoriasdebolsillo.com\/index.php\/wp-json\/wp\/v2\/media?parent=6840"}],"wp:term":[{"taxonomy":"product_brand","embeddable":true,"href":"https:\/\/libreriahistoriasdebolsillo.com\/index.php\/wp-json\/wp\/v2\/product_brand?post=6840"},{"taxonomy":"product_cat","embeddable":true,"href":"https:\/\/libreriahistoriasdebolsillo.com\/index.php\/wp-json\/wp\/v2\/product_cat?post=6840"},{"taxonomy":"product_tag","embeddable":true,"href":"https:\/\/libreriahistoriasdebolsillo.com\/index.php\/wp-json\/wp\/v2\/product_tag?post=6840"}],"curies":[{"name":"wp","href":"https:\/\/api.w.org\/{rel}","templated":true}]}}