{"id":6846,"date":"2025-06-10T14:06:55","date_gmt":"2025-06-10T20:06:55","guid":{"rendered":"https:\/\/libreriahistoriasdebolsillo.com\/?post_type=product&#038;p=6846"},"modified":"2025-06-10T14:06:56","modified_gmt":"2025-06-10T20:06:56","slug":"la-guerrera","status":"publish","type":"product","link":"https:\/\/libreriahistoriasdebolsillo.com\/index.php\/producto\/la-guerrera\/","title":{"rendered":"La guerrera"},"content":{"rendered":"<p>UN CL\u00c1SICO MODERNO GANADOR DEL NATIONAL BOOK CRITICS CIRCLE AWARD M\u00c1S DE UN MILL\u00d3N DE EJEMPLARES VENDIDOS UNA ESTIMULANTE MEZCLA DE AUTOBIOGRAF\u00cdA Y MITOLOG\u00cdA \u00abVertiginoso, elemental, un poema convertido en espada\u00bb. The New York Times. Un cl\u00e1sico, y con raz\u00f3n. CELESTE NG Cuando era ni\u00f1a, Kingston habit\u00f3 dos mundos muy diferentes: la California a la que emigraron sus padres y la China de las historias de su madre. Las feroces y astutas guerreras que poblaban los cuentos de su madre chocaban frontalmente con la dura realidad que le hab\u00eda tocado vivir a las mujeres de su familia. El sentido de identidad de Kingston emergi\u00f3 en las grietas de estas historias, vac\u00edos que aprendi\u00f3 a llenar con sus propias fabulaciones. Guerrera de las palabras, la autora forja en estas p\u00e1ginas mitos y recuerdos, fundi\u00e9ndolo todo para hallar una comprensi\u00f3n nueva de su linaje y de su propio presente. Un libro que combina la autobiograf\u00eda con el folclore chino para crear un rico tapiz de historias que exploran temas universales como la identidad, el feminismo o la herencia cultural. \u00abIntensa, feroz e inquietante. Una historia salvajemente aterradora y literalmente maravillosa\u00bb. The WASHINGTON POST \u00abUn triunfo. Sorprendentemente lograda\u00bb . TIME<\/p>\n","protected":false},"excerpt":{"rendered":"<p>Maxine Hong Kingston<\/p>\n<p>272 p\u00e1ginas<\/p>\n","protected":false},"featured_media":6847,"template":"","meta":{"_joinchat":[]},"product_brand":[],"product_cat":[41,70],"product_tag":[48],"class_list":{"0":"post-6846","1":"product","2":"type-product","3":"status-publish","4":"has-post-thumbnail","6":"product_cat-desarrollo-humano","7":"product_cat-novedades","8":"product_tag-vr-editoras","10":"first","11":"instock","12":"shipping-taxable","13":"purchasable","14":"product-type-simple"},"_links":{"self":[{"href":"https:\/\/libreriahistoriasdebolsillo.com\/index.php\/wp-json\/wp\/v2\/product\/6846","targetHints":{"allow":["GET"]}}],"collection":[{"href":"https:\/\/libreriahistoriasdebolsillo.com\/index.php\/wp-json\/wp\/v2\/product"}],"about":[{"href":"https:\/\/libreriahistoriasdebolsillo.com\/index.php\/wp-json\/wp\/v2\/types\/product"}],"wp:featuredmedia":[{"embeddable":true,"href":"https:\/\/libreriahistoriasdebolsillo.com\/index.php\/wp-json\/wp\/v2\/media\/6847"}],"wp:attachment":[{"href":"https:\/\/libreriahistoriasdebolsillo.com\/index.php\/wp-json\/wp\/v2\/media?parent=6846"}],"wp:term":[{"taxonomy":"product_brand","embeddable":true,"href":"https:\/\/libreriahistoriasdebolsillo.com\/index.php\/wp-json\/wp\/v2\/product_brand?post=6846"},{"taxonomy":"product_cat","embeddable":true,"href":"https:\/\/libreriahistoriasdebolsillo.com\/index.php\/wp-json\/wp\/v2\/product_cat?post=6846"},{"taxonomy":"product_tag","embeddable":true,"href":"https:\/\/libreriahistoriasdebolsillo.com\/index.php\/wp-json\/wp\/v2\/product_tag?post=6846"}],"curies":[{"name":"wp","href":"https:\/\/api.w.org\/{rel}","templated":true}]}}