{"id":6850,"date":"2025-06-10T14:12:00","date_gmt":"2025-06-10T20:12:00","guid":{"rendered":"https:\/\/libreriahistoriasdebolsillo.com\/?post_type=product&#038;p=6850"},"modified":"2025-06-10T14:12:00","modified_gmt":"2025-06-10T20:12:00","slug":"crossroads","status":"publish","type":"product","link":"https:\/\/libreriahistoriasdebolsillo.com\/index.php\/producto\/crossroads\/","title":{"rendered":"Crossroads"},"content":{"rendered":"<p>A VECES EL PRIMER AMOR TIENE UNA SEGUNDA OPORTUNIDAD Conoc\u00ed a West Haven cuando ten\u00eda ocho a\u00f1os. Me ense\u00f1\u00f3 a jugar a p\u00f3ker con nueve e hicimos aviones de papel juntos con una vez. Me bes\u00f3 cuando ten\u00eda diecis\u00e9is y se convirti\u00f3 en lo mejor de mis vacaciones de verano en Montana. Fue el chico que me rob\u00f3 el coraz\u00f3n, y tambi\u00e9n el hombre que me lo destroz\u00f3 a los veintitr\u00e9s. A\u00f1os despu\u00e9s, rompo mi promesa: vuelvo al rancho, aunque esta vez no como invitada, sino como la due\u00f1a. Puede que West quiera perderme de vista, pero incluso \u00e9l tiene que admitir que la \u00fanica manera de salvar su legado familiar es con mi ayuda. Soy yo o la quiebra. No ser\u00e1 f\u00e1cil trabajar junto a \u00e9l y enfrentarnos a todos esos recuerdos, pero esta situaci\u00f3n es temporal. Quiz\u00e1 esta encrucijada nos permite enterrar el pasado\u2026 Quiz\u00e1 por fin ha llegado el momento de decir adi\u00f3s. Solo tengo que evitar cometer el error de enamorarme de West Haven otra vez.<\/p>\n","protected":false},"excerpt":{"rendered":"<p>Devney Perry<\/p>\n<p>368 p\u00e1ginas<\/p>\n","protected":false},"featured_media":6851,"template":"","meta":{"_joinchat":[]},"product_brand":[],"product_cat":[70,35],"product_tag":[48],"class_list":{"0":"post-6850","1":"product","2":"type-product","3":"status-publish","4":"has-post-thumbnail","6":"product_cat-novedades","7":"product_cat-romantica","8":"product_tag-vr-editoras","10":"first","11":"instock","12":"shipping-taxable","13":"purchasable","14":"product-type-simple"},"_links":{"self":[{"href":"https:\/\/libreriahistoriasdebolsillo.com\/index.php\/wp-json\/wp\/v2\/product\/6850","targetHints":{"allow":["GET"]}}],"collection":[{"href":"https:\/\/libreriahistoriasdebolsillo.com\/index.php\/wp-json\/wp\/v2\/product"}],"about":[{"href":"https:\/\/libreriahistoriasdebolsillo.com\/index.php\/wp-json\/wp\/v2\/types\/product"}],"wp:featuredmedia":[{"embeddable":true,"href":"https:\/\/libreriahistoriasdebolsillo.com\/index.php\/wp-json\/wp\/v2\/media\/6851"}],"wp:attachment":[{"href":"https:\/\/libreriahistoriasdebolsillo.com\/index.php\/wp-json\/wp\/v2\/media?parent=6850"}],"wp:term":[{"taxonomy":"product_brand","embeddable":true,"href":"https:\/\/libreriahistoriasdebolsillo.com\/index.php\/wp-json\/wp\/v2\/product_brand?post=6850"},{"taxonomy":"product_cat","embeddable":true,"href":"https:\/\/libreriahistoriasdebolsillo.com\/index.php\/wp-json\/wp\/v2\/product_cat?post=6850"},{"taxonomy":"product_tag","embeddable":true,"href":"https:\/\/libreriahistoriasdebolsillo.com\/index.php\/wp-json\/wp\/v2\/product_tag?post=6850"}],"curies":[{"name":"wp","href":"https:\/\/api.w.org\/{rel}","templated":true}]}}