{"id":6863,"date":"2025-06-17T14:48:31","date_gmt":"2025-06-17T20:48:31","guid":{"rendered":"https:\/\/libreriahistoriasdebolsillo.com\/?post_type=product&#038;p=6863"},"modified":"2025-10-14T09:40:36","modified_gmt":"2025-10-14T15:40:36","slug":"el-taylor-verso-la-vida-de-taylor-swift-a-traves-de-sus-letras","status":"publish","type":"product","link":"https:\/\/libreriahistoriasdebolsillo.com\/index.php\/producto\/el-taylor-verso-la-vida-de-taylor-swift-a-traves-de-sus-letras\/","title":{"rendered":"El Taylor-verso: La vida de Taylor Swift a trav\u00e9s de sus letras"},"content":{"rendered":"<p>Una maravillosa obra ilustrada llena de datos curiosos, historias y referencias que exploran la trayectoria de Taylor Swift desde su adolescencia hasta la actualidad, a trav\u00e9s de su evoluci\u00f3n como cantautora.<\/p>\n<p>Este libro es una joya atemporal, que resalta temas perennes como la experiencia vital de ser una chica, el desamor y las amistades entre mujeres. Asimismo, se centra en c\u00f3mo Taylor ha perfeccionado su t\u00e9cnica, su gira, sus fans y su posici\u00f3n como mujer de negocios que ha conseguido reapropiarse de su obra. Gracias a su est\u00e9tica perfecta para BookTok e Instagram, todos los fans de la artista querr\u00e1n compartirlo y lucirlo al lado de sus vinilos de edici\u00f3n especial Taylor&#8217;s Version.<\/p>\n","protected":false},"excerpt":{"rendered":"<p>Satu H\u00e4meenaho-Fox<\/p>\n<p>&nbsp;<\/p>\n","protected":false},"featured_media":6864,"template":"","meta":{"_joinchat":[]},"product_brand":[],"product_cat":[41],"product_tag":[34],"class_list":{"0":"post-6863","1":"product","2":"type-product","3":"status-publish","4":"has-post-thumbnail","6":"product_cat-desarrollo-humano","7":"product_tag-penguin-random-house","9":"first","10":"outofstock","11":"shipping-taxable","12":"purchasable","13":"product-type-simple"},"_links":{"self":[{"href":"https:\/\/libreriahistoriasdebolsillo.com\/index.php\/wp-json\/wp\/v2\/product\/6863","targetHints":{"allow":["GET"]}}],"collection":[{"href":"https:\/\/libreriahistoriasdebolsillo.com\/index.php\/wp-json\/wp\/v2\/product"}],"about":[{"href":"https:\/\/libreriahistoriasdebolsillo.com\/index.php\/wp-json\/wp\/v2\/types\/product"}],"wp:featuredmedia":[{"embeddable":true,"href":"https:\/\/libreriahistoriasdebolsillo.com\/index.php\/wp-json\/wp\/v2\/media\/6864"}],"wp:attachment":[{"href":"https:\/\/libreriahistoriasdebolsillo.com\/index.php\/wp-json\/wp\/v2\/media?parent=6863"}],"wp:term":[{"taxonomy":"product_brand","embeddable":true,"href":"https:\/\/libreriahistoriasdebolsillo.com\/index.php\/wp-json\/wp\/v2\/product_brand?post=6863"},{"taxonomy":"product_cat","embeddable":true,"href":"https:\/\/libreriahistoriasdebolsillo.com\/index.php\/wp-json\/wp\/v2\/product_cat?post=6863"},{"taxonomy":"product_tag","embeddable":true,"href":"https:\/\/libreriahistoriasdebolsillo.com\/index.php\/wp-json\/wp\/v2\/product_tag?post=6863"}],"curies":[{"name":"wp","href":"https:\/\/api.w.org\/{rel}","templated":true}]}}