{"id":6867,"date":"2025-06-17T14:53:04","date_gmt":"2025-06-17T20:53:04","guid":{"rendered":"https:\/\/libreriahistoriasdebolsillo.com\/?post_type=product&#038;p=6867"},"modified":"2025-10-14T09:40:52","modified_gmt":"2025-10-14T15:40:52","slug":"los-vendedores-de-almas","status":"publish","type":"product","link":"https:\/\/libreriahistoriasdebolsillo.com\/index.php\/producto\/los-vendedores-de-almas\/","title":{"rendered":"Los vendedores de almas"},"content":{"rendered":"<p><b>\u00abHe venido para decirte que yo ya no<\/b>\u00a0<b>estoy aqu\u00ed.\u00bb<\/b><\/p>\n<p>Corre el a\u00f1o de\u00a0<b>1666<\/b>\u00a0y Sal\u00f3nica forma parte del vasto\u00a0<b>Imperio<\/b>\u00a0<b>otomano<\/b>. Una figura amenaza con provocar el mayor cisma de la di\u00e1spora jud\u00eda desde Jes\u00fas:\u00a0<b>Sabbatai<\/b>\u00a0<b>Zevi<\/b>, a quienes muchos llaman\u00a0<b>el Mes\u00edas<\/b>. Este profeta incomoda a las autoridades turcas pero a\u00fan m\u00e1s a los rabinos, quienes conjuran para ordenar su arresto. Inmersos en la vor\u00e1gine,\u00a0<b>Ana Blanco y Jos\u00e9<\/b>\u00a0<b>Galante<\/b>\u00a0se ven obligados a huir de la ciudad junto con sus familias, dejando trunco su amor y sabiendo que una desgracia m\u00e1s grande que el destierro espera en el horizonte.<\/p>\n<p>Las vidas de\u00a0<b>Yago Galante y Hans Bauer<\/b>\u00a0se cruzan en\u00a0<b>1904<\/b>, en Cracovia. A pesar de sus or\u00edgenes diversos, surge entre ellos una amistad casi instant\u00e1nea. Hans invita a Yago a participar en su empresa: la\u00a0<b>compraventa de almas<\/b>, es decir, la contrataci\u00f3n y el desplazamiento de\u00a0<b>trabajadores<\/b>\u00a0por toda Europa. Los a\u00f1os pasan y el negocio prospera, se especializa de acuerdo con las supuestas aptitudes de los pueblos. Se levantan censos que caer\u00e1n en las manos equivocadas. Poco a poco un\u00a0<b>odio ciego<\/b>\u00a0y terrible asoma su rostro desde el fondo de la historia.<\/p>\n<p><i><b>Los vendedores de almas<\/b><\/i>\u00a0es una novela de ecos en el tiempo, de dobles que niegan su reflejo. Alejandro P\u00e1ez Varela ha escrito el relato de la minuciosa\u00a0<b>gestaci\u00f3n del mal<\/b>, en el coraz\u00f3n de las personas y en el escenario de la historia. Pero tambi\u00e9n, y sobre todo, la luminosa constataci\u00f3n de que el amor \u2014entre amigos, entre padres e hijos, entre amantes\u2014 permanece y nos salva.<\/p>\n<p>&nbsp;<\/p>\n","protected":false},"excerpt":{"rendered":"<p>Alejandro P\u00e1ez Varela<\/p>\n<p>256 p\u00e1ginas<\/p>\n","protected":false},"featured_media":6868,"template":"","meta":{"_joinchat":[]},"product_brand":[],"product_cat":[33,56,70],"product_tag":[34],"class_list":{"0":"post-6867","1":"product","2":"type-product","3":"status-publish","4":"has-post-thumbnail","6":"product_cat-ficcion-general","7":"product_cat-historica","8":"product_cat-novedades","9":"product_tag-penguin-random-house","11":"first","12":"outofstock","13":"shipping-taxable","14":"purchasable","15":"product-type-simple"},"_links":{"self":[{"href":"https:\/\/libreriahistoriasdebolsillo.com\/index.php\/wp-json\/wp\/v2\/product\/6867","targetHints":{"allow":["GET"]}}],"collection":[{"href":"https:\/\/libreriahistoriasdebolsillo.com\/index.php\/wp-json\/wp\/v2\/product"}],"about":[{"href":"https:\/\/libreriahistoriasdebolsillo.com\/index.php\/wp-json\/wp\/v2\/types\/product"}],"wp:featuredmedia":[{"embeddable":true,"href":"https:\/\/libreriahistoriasdebolsillo.com\/index.php\/wp-json\/wp\/v2\/media\/6868"}],"wp:attachment":[{"href":"https:\/\/libreriahistoriasdebolsillo.com\/index.php\/wp-json\/wp\/v2\/media?parent=6867"}],"wp:term":[{"taxonomy":"product_brand","embeddable":true,"href":"https:\/\/libreriahistoriasdebolsillo.com\/index.php\/wp-json\/wp\/v2\/product_brand?post=6867"},{"taxonomy":"product_cat","embeddable":true,"href":"https:\/\/libreriahistoriasdebolsillo.com\/index.php\/wp-json\/wp\/v2\/product_cat?post=6867"},{"taxonomy":"product_tag","embeddable":true,"href":"https:\/\/libreriahistoriasdebolsillo.com\/index.php\/wp-json\/wp\/v2\/product_tag?post=6867"}],"curies":[{"name":"wp","href":"https:\/\/api.w.org\/{rel}","templated":true}]}}