{"id":6869,"date":"2025-06-17T14:56:50","date_gmt":"2025-06-17T20:56:50","guid":{"rendered":"https:\/\/libreriahistoriasdebolsillo.com\/?post_type=product&#038;p=6869"},"modified":"2025-10-13T12:47:20","modified_gmt":"2025-10-13T18:47:20","slug":"el-arte-de-la-guerra-ed-ilustrada","status":"publish","type":"product","link":"https:\/\/libreriahistoriasdebolsillo.com\/index.php\/producto\/el-arte-de-la-guerra-ed-ilustrada\/","title":{"rendered":"El arte de la guerra (Ed. ilustrada)"},"content":{"rendered":"<p><b>El manual de estrategia y liderazgo en el<\/b>\u00a0<b>que se han inspirado los grandes dirigentes,<\/b>\u00a0<b>generales y pol\u00edticos de todos los tiempos<\/b><\/p>\n<p>Venerado desde el siglo v a. e. c.,\u00a0<i>El arte de la guerra<\/i>\u00a0es algo m\u00e1s que un cl\u00e1sico de la literatura universal. Atemporales y sabias,\u00a0<b>las ense\u00f1anzas de<\/b>\u00a0<b>Sun<\/b><b>\u00a0Tzu pueden aplicarse para<\/b>\u00a0<b>triunfar en cualquier \u00e1mbito<\/b>\u00a0(pol\u00edtica, negocios, relaciones personales, autodisciplina\u2026).<\/p>\n<p>Con una nueva traducci\u00f3n directa del chino al espa\u00f1ol, en estas p\u00e1ginas se encuentra\u00a0<b>la edici\u00f3n definitiva de una obra<\/b><b>imprescindible<\/b>\u00a0que sigue hipnotiz\u00e1ndonos generaci\u00f3n tras generaci\u00f3n, y que nos abre los ojos a conceptos que van mucho m\u00e1s all\u00e1 de la guerra o la batalla: el liderazgo y la gesti\u00f3n de grupos humanos, el \u00e9xito y el coste de nuestros esfuerzos y los elementos que conforman\u00a0<b>la aut\u00e9ntica sabidur\u00eda de un<\/b>\u00a0<b>buen l\u00edder.<\/b><\/p>\n","protected":false},"excerpt":{"rendered":"<p>Sun Tzu<\/p>\n<p>144 p\u00e1ginas<\/p>\n","protected":false},"featured_media":6870,"template":"","meta":{"_joinchat":[]},"product_brand":[],"product_cat":[42,41],"product_tag":[34],"class_list":{"0":"post-6869","1":"product","2":"type-product","3":"status-publish","4":"has-post-thumbnail","6":"product_cat-literatura-clasica","7":"product_cat-desarrollo-humano","8":"product_tag-penguin-random-house","10":"first","11":"outofstock","12":"shipping-taxable","13":"purchasable","14":"product-type-simple"},"_links":{"self":[{"href":"https:\/\/libreriahistoriasdebolsillo.com\/index.php\/wp-json\/wp\/v2\/product\/6869","targetHints":{"allow":["GET"]}}],"collection":[{"href":"https:\/\/libreriahistoriasdebolsillo.com\/index.php\/wp-json\/wp\/v2\/product"}],"about":[{"href":"https:\/\/libreriahistoriasdebolsillo.com\/index.php\/wp-json\/wp\/v2\/types\/product"}],"wp:featuredmedia":[{"embeddable":true,"href":"https:\/\/libreriahistoriasdebolsillo.com\/index.php\/wp-json\/wp\/v2\/media\/6870"}],"wp:attachment":[{"href":"https:\/\/libreriahistoriasdebolsillo.com\/index.php\/wp-json\/wp\/v2\/media?parent=6869"}],"wp:term":[{"taxonomy":"product_brand","embeddable":true,"href":"https:\/\/libreriahistoriasdebolsillo.com\/index.php\/wp-json\/wp\/v2\/product_brand?post=6869"},{"taxonomy":"product_cat","embeddable":true,"href":"https:\/\/libreriahistoriasdebolsillo.com\/index.php\/wp-json\/wp\/v2\/product_cat?post=6869"},{"taxonomy":"product_tag","embeddable":true,"href":"https:\/\/libreriahistoriasdebolsillo.com\/index.php\/wp-json\/wp\/v2\/product_tag?post=6869"}],"curies":[{"name":"wp","href":"https:\/\/api.w.org\/{rel}","templated":true}]}}