{"id":6874,"date":"2025-06-17T15:02:05","date_gmt":"2025-06-17T21:02:05","guid":{"rendered":"https:\/\/libreriahistoriasdebolsillo.com\/?post_type=product&#038;p=6874"},"modified":"2025-10-14T09:41:09","modified_gmt":"2025-10-14T15:41:09","slug":"amarse-es-de-valientes","status":"publish","type":"product","link":"https:\/\/libreriahistoriasdebolsillo.com\/index.php\/producto\/amarse-es-de-valientes\/","title":{"rendered":"Amar(se) es de valientes"},"content":{"rendered":"<p><b>Debes ser muy valiente para avanzar cuando el coraz\u00f3n se acostumbra a vivir herido. Pelear la batalla contra ti mismo para sanar, para transformar la herida en cicatriz sin dejar nunca de creer en el amor.<\/b><\/p>\n<p>Amar (a otros o a ti mismo) es de valientes&#8230; porque te enfrentas a realidades que no esperas, a\u00a0<b>dolores\u00a0<\/b>que pueden tardar en desaparecer. Pero nunca dejes que el miedo te gane. Mucho menos, cuando es tu propia\u00a0<b>felicidad\u00a0<\/b>la que est\u00e1 en juego. Ama y \u00e1mate sin cobard\u00eda.\u00a0<b>No te mereces menos.<\/b><\/p>\n<p>En<i>\u00a0Amar(se) es de valientes\u00a0<\/i>entender\u00e1s que el amor debe sumar, siempre.\u00a0<b>Si resta, no es amor.<\/b>\u00a0Con palabras que tienen el poder de llegar hasta el fondo de tus emociones, Alejandro Ord\u00f3\u00f1ez de nueva cuenta nos regala sus m\u00e1s \u00edntimas reflexiones al m\u00e1s puro estilo de su exitoso blog\u00a0<i>Por escribir.<\/i><\/p>\n","protected":false},"excerpt":{"rendered":"<p>Alejandro Ordo\u00f1ez<\/p>\n<p>176 p\u00e1ginas<\/p>\n","protected":false},"featured_media":6875,"template":"","meta":{"_joinchat":[]},"product_brand":[],"product_cat":[41,70],"product_tag":[34],"class_list":{"0":"post-6874","1":"product","2":"type-product","3":"status-publish","4":"has-post-thumbnail","6":"product_cat-desarrollo-humano","7":"product_cat-novedades","8":"product_tag-penguin-random-house","10":"first","11":"outofstock","12":"shipping-taxable","13":"purchasable","14":"product-type-simple"},"_links":{"self":[{"href":"https:\/\/libreriahistoriasdebolsillo.com\/index.php\/wp-json\/wp\/v2\/product\/6874","targetHints":{"allow":["GET"]}}],"collection":[{"href":"https:\/\/libreriahistoriasdebolsillo.com\/index.php\/wp-json\/wp\/v2\/product"}],"about":[{"href":"https:\/\/libreriahistoriasdebolsillo.com\/index.php\/wp-json\/wp\/v2\/types\/product"}],"wp:featuredmedia":[{"embeddable":true,"href":"https:\/\/libreriahistoriasdebolsillo.com\/index.php\/wp-json\/wp\/v2\/media\/6875"}],"wp:attachment":[{"href":"https:\/\/libreriahistoriasdebolsillo.com\/index.php\/wp-json\/wp\/v2\/media?parent=6874"}],"wp:term":[{"taxonomy":"product_brand","embeddable":true,"href":"https:\/\/libreriahistoriasdebolsillo.com\/index.php\/wp-json\/wp\/v2\/product_brand?post=6874"},{"taxonomy":"product_cat","embeddable":true,"href":"https:\/\/libreriahistoriasdebolsillo.com\/index.php\/wp-json\/wp\/v2\/product_cat?post=6874"},{"taxonomy":"product_tag","embeddable":true,"href":"https:\/\/libreriahistoriasdebolsillo.com\/index.php\/wp-json\/wp\/v2\/product_tag?post=6874"}],"curies":[{"name":"wp","href":"https:\/\/api.w.org\/{rel}","templated":true}]}}