{"id":6878,"date":"2025-06-17T15:08:13","date_gmt":"2025-06-17T21:08:13","guid":{"rendered":"https:\/\/libreriahistoriasdebolsillo.com\/?post_type=product&#038;p=6878"},"modified":"2025-10-14T09:41:26","modified_gmt":"2025-10-14T15:41:26","slug":"la-ninera-de-la-mafia-1","status":"publish","type":"product","link":"https:\/\/libreriahistoriasdebolsillo.com\/index.php\/producto\/la-ninera-de-la-mafia-1\/","title":{"rendered":"La ni\u00f1era de la mafia 1"},"content":{"rendered":"<p><b>El fen\u00f3meno Webtoon m\u00e1s esperado del a\u00f1o llega a librer\u00edas:\u00a0<\/b><i><b>La ni\u00f1era de la mafia<\/b><\/i><b>, un enemies to lovers meets mafia romance que encantar\u00e1 tanto a los amantes del c\u00f3mic como a los lectores de la rom\u00e1ntica juvenil m\u00e1s actual.<\/b><\/p>\n<p><b>Divertida, emocionante y con la dosis justa de sensualidad.<\/b><\/p>\n<p>Ser una ni\u00f1era de \u00e9lite es simple: proteger al protegido, obedecer al tutor y no involucrarse emocionalmente.<\/p>\n<p>Pero esto es m\u00e1s f\u00e1cil decirlo que hacerlo cuando tu primer cliente es un peligroso y cautivador sottocapo de la mafia decidido a meterse bajo tu piel. Davina no puede imaginarse qu\u00e9 es lo que \u00e9l quiere de ella, pero Gabriel Angelini se ha propuesto arrastrarla de vuelta al deslumbrante mundo del crimen organizado del que crey\u00f3 haberse alejado para siempre.<\/p>\n<p>Ella podr\u00eda descubrir respuestas sobre su pasado si investiga lo suficiente, pero su mayor reto ser\u00e1 proteger a Mikey del trabajo de su padre y evitar que la oscuridad del mundo criminal se apodere su coraz\u00f3n.<\/p>\n<p>Este volumen recopila los episodios 1 a 12 del exitoso Webtoon\u00a0<i>La ni\u00f1era de la mafia<\/i>.<\/p>\n","protected":false},"excerpt":{"rendered":"<p>Sh00 \/ Violet Matter \/ Amaya Zorriqueta Ruiz<\/p>\n<p>272 p\u00e1ginas<\/p>\n","protected":false},"featured_media":6879,"template":"","meta":{"_joinchat":[]},"product_brand":[],"product_cat":[67,70],"product_tag":[34],"class_list":{"0":"post-6878","1":"product","2":"type-product","3":"status-publish","4":"has-post-thumbnail","6":"product_cat-manga","7":"product_cat-novedades","8":"product_tag-penguin-random-house","10":"first","11":"outofstock","12":"shipping-taxable","13":"purchasable","14":"product-type-simple"},"_links":{"self":[{"href":"https:\/\/libreriahistoriasdebolsillo.com\/index.php\/wp-json\/wp\/v2\/product\/6878","targetHints":{"allow":["GET"]}}],"collection":[{"href":"https:\/\/libreriahistoriasdebolsillo.com\/index.php\/wp-json\/wp\/v2\/product"}],"about":[{"href":"https:\/\/libreriahistoriasdebolsillo.com\/index.php\/wp-json\/wp\/v2\/types\/product"}],"wp:featuredmedia":[{"embeddable":true,"href":"https:\/\/libreriahistoriasdebolsillo.com\/index.php\/wp-json\/wp\/v2\/media\/6879"}],"wp:attachment":[{"href":"https:\/\/libreriahistoriasdebolsillo.com\/index.php\/wp-json\/wp\/v2\/media?parent=6878"}],"wp:term":[{"taxonomy":"product_brand","embeddable":true,"href":"https:\/\/libreriahistoriasdebolsillo.com\/index.php\/wp-json\/wp\/v2\/product_brand?post=6878"},{"taxonomy":"product_cat","embeddable":true,"href":"https:\/\/libreriahistoriasdebolsillo.com\/index.php\/wp-json\/wp\/v2\/product_cat?post=6878"},{"taxonomy":"product_tag","embeddable":true,"href":"https:\/\/libreriahistoriasdebolsillo.com\/index.php\/wp-json\/wp\/v2\/product_tag?post=6878"}],"curies":[{"name":"wp","href":"https:\/\/api.w.org\/{rel}","templated":true}]}}