{"id":6880,"date":"2025-06-17T15:10:50","date_gmt":"2025-06-17T21:10:50","guid":{"rendered":"https:\/\/libreriahistoriasdebolsillo.com\/?post_type=product&#038;p=6880"},"modified":"2025-10-14T09:41:41","modified_gmt":"2025-10-14T15:41:41","slug":"el-espanol","status":"publish","type":"product","link":"https:\/\/libreriahistoriasdebolsillo.com\/index.php\/producto\/el-espanol\/","title":{"rendered":"El espa\u00f1ol"},"content":{"rendered":"<p><b>En el a\u00f1o 1771, la corona espa\u00f1ola extiende sus inmensos dominios a ambos lados del oc\u00e9ano gobernando el mayor imperio de la \u00e9poca. Son tiempos de esplendor, pero tambi\u00e9n de sombras.<\/b><\/p>\n<p>Con solo dieciocho a\u00f1os,\u00a0<b>Jaime abandona Menorca<\/b>, ocupada por los brit\u00e1nicos, para estudiar Navegaci\u00f3n en\u00a0<b>Barcelona.<\/b>\u00a0Quiere combatirles en el Caribe, junto con las fuerzas de\u00a0<b>Carlos III<\/b>, y vengar as\u00ed el da\u00f1o que los ingleses hicieron a su familia. Mientras, en Madrid, Almudena se encuentra en una situaci\u00f3n desesperada a ra\u00edz de la represi\u00f3n que sigui\u00f3 al mot\u00edn de Esquilache.<\/p>\n<p>Cuando ambos coinciden en la capital, ella suplica a Jaime que la ayude a escapar. El joven, cautivado, acepta a\u00fan sabiendo que\u00a0<b>Almudena<\/b>\u00a0est\u00e1 casada y que salvarla puede condenarle. Juntos emprender\u00e1n un viaje apasionante y peligroso de\u00a0<b>C\u00e1diz a La Habana\u00a0<\/b>, y a la lucha por la independencia norteamericana, mientras tratan de reprimir un amor tan inevitable como prohibido.<\/p>\n<p>Una gran aventura en la que tanto los protagonistas como el propio lector ir\u00e1n descubriendo que la\u00a0<b>verdadera fuerza<\/b>\u00a0de un imperio no radica en sus gobernantes, sino en las gentes sencillas que lo sostienen.<\/p>\n<p><b>Jorge Molist<\/b>\u00a0firma su novela m\u00e1s ambiciosa, inspirada en un personaje real que pas\u00f3 a la Historia con el sobrenombre de \u00abel Espa\u00f1ol\u00bb.<\/p>\n","protected":false},"excerpt":{"rendered":"<p>Jorge Molist<\/p>\n<p>560 p\u00e1ginas<\/p>\n","protected":false},"featured_media":6881,"template":"","meta":{"_joinchat":[]},"product_brand":[],"product_cat":[33,56,70],"product_tag":[34],"class_list":{"0":"post-6880","1":"product","2":"type-product","3":"status-publish","4":"has-post-thumbnail","6":"product_cat-ficcion-general","7":"product_cat-historica","8":"product_cat-novedades","9":"product_tag-penguin-random-house","11":"first","12":"outofstock","13":"shipping-taxable","14":"purchasable","15":"product-type-simple"},"_links":{"self":[{"href":"https:\/\/libreriahistoriasdebolsillo.com\/index.php\/wp-json\/wp\/v2\/product\/6880","targetHints":{"allow":["GET"]}}],"collection":[{"href":"https:\/\/libreriahistoriasdebolsillo.com\/index.php\/wp-json\/wp\/v2\/product"}],"about":[{"href":"https:\/\/libreriahistoriasdebolsillo.com\/index.php\/wp-json\/wp\/v2\/types\/product"}],"wp:featuredmedia":[{"embeddable":true,"href":"https:\/\/libreriahistoriasdebolsillo.com\/index.php\/wp-json\/wp\/v2\/media\/6881"}],"wp:attachment":[{"href":"https:\/\/libreriahistoriasdebolsillo.com\/index.php\/wp-json\/wp\/v2\/media?parent=6880"}],"wp:term":[{"taxonomy":"product_brand","embeddable":true,"href":"https:\/\/libreriahistoriasdebolsillo.com\/index.php\/wp-json\/wp\/v2\/product_brand?post=6880"},{"taxonomy":"product_cat","embeddable":true,"href":"https:\/\/libreriahistoriasdebolsillo.com\/index.php\/wp-json\/wp\/v2\/product_cat?post=6880"},{"taxonomy":"product_tag","embeddable":true,"href":"https:\/\/libreriahistoriasdebolsillo.com\/index.php\/wp-json\/wp\/v2\/product_tag?post=6880"}],"curies":[{"name":"wp","href":"https:\/\/api.w.org\/{rel}","templated":true}]}}