{"id":6882,"date":"2025-06-17T15:13:09","date_gmt":"2025-06-17T21:13:09","guid":{"rendered":"https:\/\/libreriahistoriasdebolsillo.com\/?post_type=product&#038;p=6882"},"modified":"2025-10-14T09:42:00","modified_gmt":"2025-10-14T15:42:00","slug":"las-aventuras-de-pinocho-2","status":"publish","type":"product","link":"https:\/\/libreriahistoriasdebolsillo.com\/index.php\/producto\/las-aventuras-de-pinocho-2\/","title":{"rendered":"Las aventuras de Pinocho"},"content":{"rendered":"<p>Aunque su historia se cuenta entre las m\u00e1s c\u00e9lebres del mundo,\u00a0<i><b>Las aventuras de Pinocho<\/b><\/i>\u00a0es tambi\u00e9n una obra en gran medida\u00a0<b>desco<\/b><b>nocida<\/b>. En realidad, las peripecias de un trozo de madera parlante no son aqu\u00ed un\u00a0<b>cuento moralizante<\/b>\u00a0ni sentimental, sino un examen profundamente subversivo de la infancia perdida. Con toques de crueldad, magia y s\u00e1tira,\u00a0<b>Carlo<\/b>\u00a0<b>Collodi<\/b>\u00a0remite a la picaresca, al teatro callejero y a los cuentos de hadas, al tiempo que anticipa el surrealismo e incluso el realismo m\u00e1gico.<\/p>\n<p>La presente edici\u00f3n incluye un abarcador\u00a0<b>estudio introductorio<\/b>\u00a0de la narrativa fant\u00e1stica popular y ofrece una fabulosa traducci\u00f3n contempor\u00e1nea que realza la actualidad de la obra.<\/p>\n","protected":false},"excerpt":{"rendered":"<p>Carlo Collodi<\/p>\n<p>176 p\u00e1ginas<\/p>\n","protected":false},"featured_media":6883,"template":"","meta":{"_joinchat":[]},"product_brand":[],"product_cat":[42],"product_tag":[34],"class_list":{"0":"post-6882","1":"product","2":"type-product","3":"status-publish","4":"has-post-thumbnail","6":"product_cat-literatura-clasica","7":"product_tag-penguin-random-house","9":"first","10":"outofstock","11":"shipping-taxable","12":"purchasable","13":"product-type-simple"},"_links":{"self":[{"href":"https:\/\/libreriahistoriasdebolsillo.com\/index.php\/wp-json\/wp\/v2\/product\/6882","targetHints":{"allow":["GET"]}}],"collection":[{"href":"https:\/\/libreriahistoriasdebolsillo.com\/index.php\/wp-json\/wp\/v2\/product"}],"about":[{"href":"https:\/\/libreriahistoriasdebolsillo.com\/index.php\/wp-json\/wp\/v2\/types\/product"}],"wp:featuredmedia":[{"embeddable":true,"href":"https:\/\/libreriahistoriasdebolsillo.com\/index.php\/wp-json\/wp\/v2\/media\/6883"}],"wp:attachment":[{"href":"https:\/\/libreriahistoriasdebolsillo.com\/index.php\/wp-json\/wp\/v2\/media?parent=6882"}],"wp:term":[{"taxonomy":"product_brand","embeddable":true,"href":"https:\/\/libreriahistoriasdebolsillo.com\/index.php\/wp-json\/wp\/v2\/product_brand?post=6882"},{"taxonomy":"product_cat","embeddable":true,"href":"https:\/\/libreriahistoriasdebolsillo.com\/index.php\/wp-json\/wp\/v2\/product_cat?post=6882"},{"taxonomy":"product_tag","embeddable":true,"href":"https:\/\/libreriahistoriasdebolsillo.com\/index.php\/wp-json\/wp\/v2\/product_tag?post=6882"}],"curies":[{"name":"wp","href":"https:\/\/api.w.org\/{rel}","templated":true}]}}