{"id":6884,"date":"2025-06-17T15:15:16","date_gmt":"2025-06-17T21:15:16","guid":{"rendered":"https:\/\/libreriahistoriasdebolsillo.com\/?post_type=product&#038;p=6884"},"modified":"2025-07-01T16:53:07","modified_gmt":"2025-07-01T22:53:07","slug":"grandes-esperanzas","status":"publish","type":"product","link":"https:\/\/libreriahistoriasdebolsillo.com\/index.php\/producto\/grandes-esperanzas\/","title":{"rendered":"Grandes esperanzas"},"content":{"rendered":"<p>Esta es la historia de\u00a0<b>Pip, un joven hu\u00e9rfano y miedoso<\/b>\u00a0cuyo humilde destino se ve agraciado por un benefactor inesperado que cambiar\u00e1 el sino de su vida y har\u00e1 de \u00e9l un\u00a0<b>caballero<\/b>.\u00a0<i>Grandes esperanzas<\/i>\u00a0es una maravillosa\u00a0<b>novela de aprendizaje<\/b>, con una inolvidable galer\u00eda de protagonistas que trazan un acabado retrato de \u00e9poca, y, al mismo tiempo, una honda reflexi\u00f3n sobre las constantes de la\u00a0<b>condici\u00f3n humana.<\/b><\/p>\n<p>El catedr\u00e1tico em\u00e9rito de la Universidad de Cambridge y eminente estudioso del<b>\u00a0mundo victoriano\u00a0<\/b>David Trotter firma la introducci\u00f3n que abre el volumen. La sigue la espl\u00e9ndida traducci\u00f3n de Jonio Gonz\u00e1lez, que acerca fielmente al lector a la que, para muchos, es la obra maestra de Charles Dickens.\u00a0<b>Vladimir Nabokov\u00a0<\/b>dijo&#8230; \u00abDickens es siempre profundo y sincero en su escritura.\u00bb<\/p>\n<p>Introducci\u00f3n de DAVID TROTTER<\/p>\n<p>Traducci\u00f3n de JONIO GONZ\u00c1LEZDICKENS<\/p>\n","protected":false},"excerpt":{"rendered":"<p>Charles Dickens<\/p>\n<p>672 p\u00e1ginas<\/p>\n","protected":false},"featured_media":6885,"template":"","meta":{"_joinchat":[]},"product_brand":[],"product_cat":[42],"product_tag":[34],"class_list":{"0":"post-6884","1":"product","2":"type-product","3":"status-publish","4":"has-post-thumbnail","6":"product_cat-literatura-clasica","7":"product_tag-penguin-random-house","9":"first","10":"outofstock","11":"shipping-taxable","12":"purchasable","13":"product-type-simple"},"_links":{"self":[{"href":"https:\/\/libreriahistoriasdebolsillo.com\/index.php\/wp-json\/wp\/v2\/product\/6884","targetHints":{"allow":["GET"]}}],"collection":[{"href":"https:\/\/libreriahistoriasdebolsillo.com\/index.php\/wp-json\/wp\/v2\/product"}],"about":[{"href":"https:\/\/libreriahistoriasdebolsillo.com\/index.php\/wp-json\/wp\/v2\/types\/product"}],"wp:featuredmedia":[{"embeddable":true,"href":"https:\/\/libreriahistoriasdebolsillo.com\/index.php\/wp-json\/wp\/v2\/media\/6885"}],"wp:attachment":[{"href":"https:\/\/libreriahistoriasdebolsillo.com\/index.php\/wp-json\/wp\/v2\/media?parent=6884"}],"wp:term":[{"taxonomy":"product_brand","embeddable":true,"href":"https:\/\/libreriahistoriasdebolsillo.com\/index.php\/wp-json\/wp\/v2\/product_brand?post=6884"},{"taxonomy":"product_cat","embeddable":true,"href":"https:\/\/libreriahistoriasdebolsillo.com\/index.php\/wp-json\/wp\/v2\/product_cat?post=6884"},{"taxonomy":"product_tag","embeddable":true,"href":"https:\/\/libreriahistoriasdebolsillo.com\/index.php\/wp-json\/wp\/v2\/product_tag?post=6884"}],"curies":[{"name":"wp","href":"https:\/\/api.w.org\/{rel}","templated":true}]}}