{"id":689,"date":"2023-11-20T13:09:53","date_gmt":"2023-11-20T19:09:53","guid":{"rendered":"https:\/\/libreriahistoriasdebolsillo.com\/?post_type=product&#038;p=689"},"modified":"2025-11-15T11:51:34","modified_gmt":"2025-11-15T17:51:34","slug":"una-luna-sin-miel","status":"publish","type":"product","link":"https:\/\/libreriahistoriasdebolsillo.com\/index.php\/producto\/una-luna-sin-miel\/","title":{"rendered":"Una luna sin miel"},"content":{"rendered":"<p>Olive siempre tiene mala suerte. Su gemela, en cambio, es tan afortunada que ha conseguido organizar su boda ganando concursos en las redes. Sin embargo, cuando todos se intoxican con la comida de la fiesta, la luna de miel queda vacante.Solo Olive e Ethan, su n\u00e9mesis, est\u00e1n a salvo.Si quieren disfrutar de unas vacaciones en Haw\u00e1i,el \u00fanico precio que deber\u00e1n pagar ser\u00e1 fingirque se aman como reci\u00e9n casados.\u00bfPOR CU\u00c1NTO TIEMPO PODR\u00c1 OLIVE SOSTENER LA MENTIRA?<\/p>\n","protected":false},"excerpt":{"rendered":"<p>Christina Lauren<\/p>\n","protected":false},"featured_media":690,"template":"","meta":{"_joinchat":[]},"product_brand":[],"product_cat":[35],"product_tag":[48],"class_list":{"0":"post-689","1":"product","2":"type-product","3":"status-publish","4":"has-post-thumbnail","6":"product_cat-romantica","7":"product_tag-vr-editoras","9":"first","10":"instock","11":"shipping-taxable","12":"purchasable","13":"product-type-simple"},"_links":{"self":[{"href":"https:\/\/libreriahistoriasdebolsillo.com\/index.php\/wp-json\/wp\/v2\/product\/689","targetHints":{"allow":["GET"]}}],"collection":[{"href":"https:\/\/libreriahistoriasdebolsillo.com\/index.php\/wp-json\/wp\/v2\/product"}],"about":[{"href":"https:\/\/libreriahistoriasdebolsillo.com\/index.php\/wp-json\/wp\/v2\/types\/product"}],"wp:featuredmedia":[{"embeddable":true,"href":"https:\/\/libreriahistoriasdebolsillo.com\/index.php\/wp-json\/wp\/v2\/media\/690"}],"wp:attachment":[{"href":"https:\/\/libreriahistoriasdebolsillo.com\/index.php\/wp-json\/wp\/v2\/media?parent=689"}],"wp:term":[{"taxonomy":"product_brand","embeddable":true,"href":"https:\/\/libreriahistoriasdebolsillo.com\/index.php\/wp-json\/wp\/v2\/product_brand?post=689"},{"taxonomy":"product_cat","embeddable":true,"href":"https:\/\/libreriahistoriasdebolsillo.com\/index.php\/wp-json\/wp\/v2\/product_cat?post=689"},{"taxonomy":"product_tag","embeddable":true,"href":"https:\/\/libreriahistoriasdebolsillo.com\/index.php\/wp-json\/wp\/v2\/product_tag?post=689"}],"curies":[{"name":"wp","href":"https:\/\/api.w.org\/{rel}","templated":true}]}}