{"id":6894,"date":"2025-06-17T15:27:30","date_gmt":"2025-06-17T21:27:30","guid":{"rendered":"https:\/\/libreriahistoriasdebolsillo.com\/?post_type=product&#038;p=6894"},"modified":"2025-06-19T09:38:38","modified_gmt":"2025-06-19T15:38:38","slug":"la-republica","status":"publish","type":"product","link":"https:\/\/libreriahistoriasdebolsillo.com\/index.php\/producto\/la-republica\/","title":{"rendered":"La Rep\u00fablica"},"content":{"rendered":"<p><i>La Rep\u00fablica<\/i>\u00a0es una de las obras m\u00e1s influyentes de la historia de la filosof\u00eda. Presentada en forma de di\u00e1logo entre S\u00f3crates y varios interlocutores, indaga en la noci\u00f3n de la comunidad perfecta y en el papel del individuo en ella. A lo largo de la conversaci\u00f3n, se plantean cuestiones de vital importancia no solo para la vida en sociedad, sino para el conjunto de la filosof\u00eda. \u00bfQu\u00e9 es el bien? \u00bfQu\u00e9 es la realidad? \u00bfQu\u00e9 es el conocimiento? \u00bfPara qu\u00e9 sirve la educaci\u00f3n? Con notable lucidez y un h\u00e1bil uso de la alegor\u00eda, Plat\u00f3n acaba describiendo un Estado unido por la armon\u00eda y gobernado por \u00abreyes fil\u00f3sofos\u00bb.<\/p>\n<p>La presente edici\u00f3n ofrece una acendrada versi\u00f3n castellana de Jos\u00e9 Antonio M\u00edguez, Premio Nacional de Traducci\u00f3n, y una iluminadora introducci\u00f3n de Andrea Marcolongo, pensadora de referencia sobre la cultura cl\u00e1sica y autora del fen\u00f3meno internacional\u00a0<i>La lengua de los dioses<\/i>.<\/p>\n","protected":false},"excerpt":{"rendered":"<p>Plat\u00f3n<\/p>\n<p>504 p\u00e1ginas<\/p>\n","protected":false},"featured_media":6895,"template":"","meta":{"_joinchat":[]},"product_brand":[],"product_cat":[42],"product_tag":[34],"class_list":{"0":"post-6894","1":"product","2":"type-product","3":"status-publish","4":"has-post-thumbnail","6":"product_cat-literatura-clasica","7":"product_tag-penguin-random-house","9":"first","10":"instock","11":"shipping-taxable","12":"purchasable","13":"product-type-simple"},"_links":{"self":[{"href":"https:\/\/libreriahistoriasdebolsillo.com\/index.php\/wp-json\/wp\/v2\/product\/6894","targetHints":{"allow":["GET"]}}],"collection":[{"href":"https:\/\/libreriahistoriasdebolsillo.com\/index.php\/wp-json\/wp\/v2\/product"}],"about":[{"href":"https:\/\/libreriahistoriasdebolsillo.com\/index.php\/wp-json\/wp\/v2\/types\/product"}],"wp:featuredmedia":[{"embeddable":true,"href":"https:\/\/libreriahistoriasdebolsillo.com\/index.php\/wp-json\/wp\/v2\/media\/6895"}],"wp:attachment":[{"href":"https:\/\/libreriahistoriasdebolsillo.com\/index.php\/wp-json\/wp\/v2\/media?parent=6894"}],"wp:term":[{"taxonomy":"product_brand","embeddable":true,"href":"https:\/\/libreriahistoriasdebolsillo.com\/index.php\/wp-json\/wp\/v2\/product_brand?post=6894"},{"taxonomy":"product_cat","embeddable":true,"href":"https:\/\/libreriahistoriasdebolsillo.com\/index.php\/wp-json\/wp\/v2\/product_cat?post=6894"},{"taxonomy":"product_tag","embeddable":true,"href":"https:\/\/libreriahistoriasdebolsillo.com\/index.php\/wp-json\/wp\/v2\/product_tag?post=6894"}],"curies":[{"name":"wp","href":"https:\/\/api.w.org\/{rel}","templated":true}]}}