{"id":6896,"date":"2025-06-17T15:29:29","date_gmt":"2025-06-17T21:29:29","guid":{"rendered":"https:\/\/libreriahistoriasdebolsillo.com\/?post_type=product&#038;p=6896"},"modified":"2025-10-14T09:43:41","modified_gmt":"2025-10-14T15:43:41","slug":"los-maridos","status":"publish","type":"product","link":"https:\/\/libreriahistoriasdebolsillo.com\/index.php\/producto\/los-maridos\/","title":{"rendered":"Los maridos"},"content":{"rendered":"<p><b>A veces, esperas que llegue el hombre de tu vida&#8230;<\/b><br \/>\n<b>Y entonces la vida te manda 203.<\/b><\/p>\n<p><b>Una novela divertid\u00edsima que se ha convertido en un<\/b>\u00a0<b>best<\/b>\u00a0<b>seller instant\u00e1neo de<\/b>\u00a0<i><b>The New York Times<\/b><\/i><b>\u00a0y ha causado furor entre los lectores internacionales.<\/b><\/p>\n<p>Una noche, en su piso, Lauren encuentra a un desconocido que dice ser su marido. Todas las pruebas que aporta apuntan a que es cierto.<\/p>\n<p>Poco a poco, Lauren se da cuenta de que es el \u00e1tico de su casa el que le est\u00e1 creando un sinf\u00edn de maridos. Est\u00e1 el que es demasiado guapo (ah\u00ed tiene que haber gato encerrado), el que prepara unos desayunos espectaculares, el que convierte todo en un doble sentido (\u00ab\u00bfTe desatasco las tuber\u00edas?\u00bb)&#8230; y el que puede hacer que se calme con solo tocarla.<\/p>\n<p>Pero cuando se puede cambiar de marido tan f\u00e1cilmente como de camisa, \u00bfc\u00f3mo saber si el que tienes es lo suficientemente bueno, o el equivocado, o el mejor? \u00bfY cu\u00e1nto tiempo puedes seguir intentando averiguarlo?<\/p>\n","protected":false},"excerpt":{"rendered":"<p>Holly Gramazio<\/p>\n<p>376 p\u00e1ginas<\/p>\n","protected":false},"featured_media":6897,"template":"","meta":{"_joinchat":[]},"product_brand":[],"product_cat":[33,70],"product_tag":[34],"class_list":{"0":"post-6896","1":"product","2":"type-product","3":"status-publish","4":"has-post-thumbnail","6":"product_cat-ficcion-general","7":"product_cat-novedades","8":"product_tag-penguin-random-house","10":"first","11":"outofstock","12":"shipping-taxable","13":"purchasable","14":"product-type-simple"},"_links":{"self":[{"href":"https:\/\/libreriahistoriasdebolsillo.com\/index.php\/wp-json\/wp\/v2\/product\/6896","targetHints":{"allow":["GET"]}}],"collection":[{"href":"https:\/\/libreriahistoriasdebolsillo.com\/index.php\/wp-json\/wp\/v2\/product"}],"about":[{"href":"https:\/\/libreriahistoriasdebolsillo.com\/index.php\/wp-json\/wp\/v2\/types\/product"}],"wp:featuredmedia":[{"embeddable":true,"href":"https:\/\/libreriahistoriasdebolsillo.com\/index.php\/wp-json\/wp\/v2\/media\/6897"}],"wp:attachment":[{"href":"https:\/\/libreriahistoriasdebolsillo.com\/index.php\/wp-json\/wp\/v2\/media?parent=6896"}],"wp:term":[{"taxonomy":"product_brand","embeddable":true,"href":"https:\/\/libreriahistoriasdebolsillo.com\/index.php\/wp-json\/wp\/v2\/product_brand?post=6896"},{"taxonomy":"product_cat","embeddable":true,"href":"https:\/\/libreriahistoriasdebolsillo.com\/index.php\/wp-json\/wp\/v2\/product_cat?post=6896"},{"taxonomy":"product_tag","embeddable":true,"href":"https:\/\/libreriahistoriasdebolsillo.com\/index.php\/wp-json\/wp\/v2\/product_tag?post=6896"}],"curies":[{"name":"wp","href":"https:\/\/api.w.org\/{rel}","templated":true}]}}