{"id":6898,"date":"2025-06-17T15:32:03","date_gmt":"2025-06-17T21:32:03","guid":{"rendered":"https:\/\/libreriahistoriasdebolsillo.com\/?post_type=product&#038;p=6898"},"modified":"2025-10-14T09:43:56","modified_gmt":"2025-10-14T15:43:56","slug":"time-keeper-2-el-imperio-del-caos","status":"publish","type":"product","link":"https:\/\/libreriahistoriasdebolsillo.com\/index.php\/producto\/time-keeper-2-el-imperio-del-caos\/","title":{"rendered":"Time Keeper 2. El imperio del caos"},"content":{"rendered":"<p><b>LA SAGA DE FANTAS\u00cdA M\u00c1S AMBICIOSA Y ADICTIVA DE LAS AUTORAS DE\u00a0<i>P\u00c9TALOS DE PAPEL<\/i><\/b><\/p>\n<p><b>Cuando el amuleto del tiempo despierta, el caos acecha.<\/b><\/p>\n<p>Antes de la muerte de Adam, Nathan Tabiz era solo el Portador del Amuleto del Tiempo, Lilith Rheiz, la hija olvidada de la Suma Celestial, y Darien Veriz, un celestial m\u00e1s con un don que lo superaba.<\/p>\n<p>Despu\u00e9s de la muerte de Adam, todo ha cambiado. Ahora Nathan es un brujo dispuesto a todo por traer de vuelta a su antiguo amor, Lilith ha renacido como la santa elegida por Destino para llevar a los celestiales a la gloria y Darien se ha convertido en un reh\u00e9n que deber\u00e1 dominar su poder si quiere conseguir salir de la c\u00e1rcel en la que le han metido.<\/p>\n<p>Antes de la muerte de Adam, el mundo estaba en calma. Despu\u00e9s de su muerte, solo queda un caos, en el que los demonios toman el control, los milagros retuercen el mundo y el pasado se confunde con el futuro cada vez m\u00e1s.<\/p>\n<p>Nathan, Lilith y Darien est\u00e1n preparados para tomar las riendas de sus nuevas vidas.<\/p>\n<p>Lo que no saben es que son piezas en el tablero de los dioses.<\/p>\n<p>Y la partida solo acaba de empezar.<\/p>\n","protected":false},"excerpt":{"rendered":"<p>Iria G. Parente \/ Selene M. Pascual<\/p>\n<p>400 p\u00e1ginas<\/p>\n","protected":false},"featured_media":6899,"template":"","meta":{"_joinchat":[]},"product_brand":[],"product_cat":[39,38,70],"product_tag":[34],"class_list":{"0":"post-6898","1":"product","2":"type-product","3":"status-publish","4":"has-post-thumbnail","6":"product_cat-fantasia","7":"product_cat-lgbtq","8":"product_cat-novedades","9":"product_tag-penguin-random-house","11":"first","12":"outofstock","13":"shipping-taxable","14":"purchasable","15":"product-type-simple"},"_links":{"self":[{"href":"https:\/\/libreriahistoriasdebolsillo.com\/index.php\/wp-json\/wp\/v2\/product\/6898","targetHints":{"allow":["GET"]}}],"collection":[{"href":"https:\/\/libreriahistoriasdebolsillo.com\/index.php\/wp-json\/wp\/v2\/product"}],"about":[{"href":"https:\/\/libreriahistoriasdebolsillo.com\/index.php\/wp-json\/wp\/v2\/types\/product"}],"wp:featuredmedia":[{"embeddable":true,"href":"https:\/\/libreriahistoriasdebolsillo.com\/index.php\/wp-json\/wp\/v2\/media\/6899"}],"wp:attachment":[{"href":"https:\/\/libreriahistoriasdebolsillo.com\/index.php\/wp-json\/wp\/v2\/media?parent=6898"}],"wp:term":[{"taxonomy":"product_brand","embeddable":true,"href":"https:\/\/libreriahistoriasdebolsillo.com\/index.php\/wp-json\/wp\/v2\/product_brand?post=6898"},{"taxonomy":"product_cat","embeddable":true,"href":"https:\/\/libreriahistoriasdebolsillo.com\/index.php\/wp-json\/wp\/v2\/product_cat?post=6898"},{"taxonomy":"product_tag","embeddable":true,"href":"https:\/\/libreriahistoriasdebolsillo.com\/index.php\/wp-json\/wp\/v2\/product_tag?post=6898"}],"curies":[{"name":"wp","href":"https:\/\/api.w.org\/{rel}","templated":true}]}}