{"id":6900,"date":"2025-06-17T15:34:30","date_gmt":"2025-06-17T21:34:30","guid":{"rendered":"https:\/\/libreriahistoriasdebolsillo.com\/?post_type=product&#038;p=6900"},"modified":"2025-10-14T09:44:14","modified_gmt":"2025-10-14T15:44:14","slug":"la-voz-del-oraculo","status":"publish","type":"product","link":"https:\/\/libreriahistoriasdebolsillo.com\/index.php\/producto\/la-voz-del-oraculo\/","title":{"rendered":"La voz del or\u00e1culo"},"content":{"rendered":"<p>Desde la Antig\u00fcedad -con el or\u00e1culo de Delfos- hasta la actualidad -con los influencers de salud-, los humanos siempre hemos buscado consejo de los \u00abexpertos\u00bb para mejorar cualquier aspecto de nuestra vida. Esta tendencia se ha convertido en una obsesi\u00f3n colectiva en el presente: Internet est\u00e1 lleno de expertos con millones de seguidores dispuestos a guiarnos en cualquier \u00e1mbito de nuestra existencia&#8230; desde gur\u00fas del amor hasta psic\u00f3logos de Instagram. \u00bfPor qu\u00e9?<\/p>\n<p>Bas\u00e1ndose en los escritos de numerosos fil\u00f3sofos y soci\u00f3logos, desde Zygmunt Bauman hasta Slavoj \u017di\u017eek, de Eva Illouz a Byung Chul pasando por Jacques Lacan, Liv Str\u00f6mquist responde a esa pregunta y desarrolla una sutil cr\u00edtica de nuestra obsesi\u00f3n contempor\u00e1nea por el bienestar y el desarrollo personal, a la vez que explora cuestiones existenciales m\u00e1s profundas, como el sentido de la vida o la aceptaci\u00f3n de la muerte. Con su tono afilado e imprescindible, la c\u00e1ustica autora sueca nos ofrece un an\u00e1lisis sat\u00edrico a la altura de sus grandes obras.<\/p>\n","protected":false},"excerpt":{"rendered":"<p>Liv Str\u00f6mquist \/ Alba Nerea Borja Pag\u00e1n<\/p>\n<p>248 p\u00e1ginas<\/p>\n","protected":false},"featured_media":6902,"template":"","meta":{"_joinchat":[]},"product_brand":[],"product_cat":[41,70],"product_tag":[34],"class_list":{"0":"post-6900","1":"product","2":"type-product","3":"status-publish","4":"has-post-thumbnail","6":"product_cat-desarrollo-humano","7":"product_cat-novedades","8":"product_tag-penguin-random-house","10":"first","11":"outofstock","12":"shipping-taxable","13":"purchasable","14":"product-type-simple"},"_links":{"self":[{"href":"https:\/\/libreriahistoriasdebolsillo.com\/index.php\/wp-json\/wp\/v2\/product\/6900","targetHints":{"allow":["GET"]}}],"collection":[{"href":"https:\/\/libreriahistoriasdebolsillo.com\/index.php\/wp-json\/wp\/v2\/product"}],"about":[{"href":"https:\/\/libreriahistoriasdebolsillo.com\/index.php\/wp-json\/wp\/v2\/types\/product"}],"wp:featuredmedia":[{"embeddable":true,"href":"https:\/\/libreriahistoriasdebolsillo.com\/index.php\/wp-json\/wp\/v2\/media\/6902"}],"wp:attachment":[{"href":"https:\/\/libreriahistoriasdebolsillo.com\/index.php\/wp-json\/wp\/v2\/media?parent=6900"}],"wp:term":[{"taxonomy":"product_brand","embeddable":true,"href":"https:\/\/libreriahistoriasdebolsillo.com\/index.php\/wp-json\/wp\/v2\/product_brand?post=6900"},{"taxonomy":"product_cat","embeddable":true,"href":"https:\/\/libreriahistoriasdebolsillo.com\/index.php\/wp-json\/wp\/v2\/product_cat?post=6900"},{"taxonomy":"product_tag","embeddable":true,"href":"https:\/\/libreriahistoriasdebolsillo.com\/index.php\/wp-json\/wp\/v2\/product_tag?post=6900"}],"curies":[{"name":"wp","href":"https:\/\/api.w.org\/{rel}","templated":true}]}}