{"id":6903,"date":"2025-06-17T15:38:22","date_gmt":"2025-06-17T21:38:22","guid":{"rendered":"https:\/\/libreriahistoriasdebolsillo.com\/?post_type=product&#038;p=6903"},"modified":"2025-12-08T13:59:50","modified_gmt":"2025-12-08T19:59:50","slug":"las-miradas-de-medusa","status":"publish","type":"product","link":"https:\/\/libreriahistoriasdebolsillo.com\/index.php\/producto\/las-miradas-de-medusa\/","title":{"rendered":"Las miradas de medusa"},"content":{"rendered":"<p>Gran conocedora del mundo antiguo, Natalie Haynes lleva a\u00f1os acercando en sus novelas los mitos cl\u00e1sicos a cientos de miles de personas desde una perspectiva contempor\u00e1nea. Esta vez le toca el turno a Medusa, la \u00fanica mortal en una familia de dioses, la Gorgona con serpientes en lugar de pelo cuya mirada pod\u00eda convertir en piedra a un ser vivo y que ser\u00eda decapitada por Perseo. As\u00ed es como la leyenda nos ha llegado hasta hoy, pero \u00bfqu\u00e9 pasar\u00eda, se pregunta Haynes, si todo lo que se ha dicho hasta ahora sobre ella estuviera equivocado?<\/p>\n<p>Medusa crece con sus hermanas, Esteno y Eur\u00edale, y pronto descubre, por los cuidados que todo el mundo le procura, que no s\u00f3lo es m\u00e1s bella que las otras dos, sino tambi\u00e9n m\u00e1s vulnerable. Es sensible, llena de una compasi\u00f3n que los inmortales no pueden comprender y preferir\u00edan aniquilar. Cuando la codicia lleva a Poseid\u00f3n, el dios del mar, a cometer un acto imperdonable en el templo de Atenea, la vida de Medusa cambia para siempre: indignada y celosa, Atenea descarga su venganza sobre ella transform\u00e1ndola en un monstruo de pelo de serpiente y mirada petrificante. Horrorizada por sus poderes, Medusa ya no puede mirar a las personas que ama sin destruirlas y se condena a la soledad y el exilio\u2026 al menos hasta que Perseo, hijo de Zeus y D\u00e1nae, se embarca en una persecuci\u00f3n para cobrarse su cabeza.<\/p>\n<p>Capaz de romper barreras intelectuales y generacionales, Natalie Haynes aporta en esta fascinante novela empat\u00eda y matices a una de las primeras historias en las que una mujer es culpada, castigada y reprendida por los abusos de un dios todopoderoso, y nos ofrece una nueva versi\u00f3n de este sobrecogedor mito de rabiosa actualidad.<\/p>\n","protected":false},"excerpt":{"rendered":"<p>Natalie Haynes<\/p>\n<p>384 p\u00e1ginas<\/p>\n","protected":false},"featured_media":6904,"template":"","meta":{"_joinchat":[]},"product_brand":[],"product_cat":[33,75,70],"product_tag":[34],"class_list":{"0":"post-6903","1":"product","2":"type-product","3":"status-publish","4":"has-post-thumbnail","6":"product_cat-ficcion-general","7":"product_cat-mitologia","8":"product_cat-novedades","9":"product_tag-penguin-random-house","11":"first","12":"outofstock","13":"shipping-taxable","14":"purchasable","15":"product-type-simple"},"_links":{"self":[{"href":"https:\/\/libreriahistoriasdebolsillo.com\/index.php\/wp-json\/wp\/v2\/product\/6903","targetHints":{"allow":["GET"]}}],"collection":[{"href":"https:\/\/libreriahistoriasdebolsillo.com\/index.php\/wp-json\/wp\/v2\/product"}],"about":[{"href":"https:\/\/libreriahistoriasdebolsillo.com\/index.php\/wp-json\/wp\/v2\/types\/product"}],"wp:featuredmedia":[{"embeddable":true,"href":"https:\/\/libreriahistoriasdebolsillo.com\/index.php\/wp-json\/wp\/v2\/media\/6904"}],"wp:attachment":[{"href":"https:\/\/libreriahistoriasdebolsillo.com\/index.php\/wp-json\/wp\/v2\/media?parent=6903"}],"wp:term":[{"taxonomy":"product_brand","embeddable":true,"href":"https:\/\/libreriahistoriasdebolsillo.com\/index.php\/wp-json\/wp\/v2\/product_brand?post=6903"},{"taxonomy":"product_cat","embeddable":true,"href":"https:\/\/libreriahistoriasdebolsillo.com\/index.php\/wp-json\/wp\/v2\/product_cat?post=6903"},{"taxonomy":"product_tag","embeddable":true,"href":"https:\/\/libreriahistoriasdebolsillo.com\/index.php\/wp-json\/wp\/v2\/product_tag?post=6903"}],"curies":[{"name":"wp","href":"https:\/\/api.w.org\/{rel}","templated":true}]}}