{"id":6905,"date":"2025-06-17T15:46:00","date_gmt":"2025-06-17T21:46:00","guid":{"rendered":"https:\/\/libreriahistoriasdebolsillo.com\/?post_type=product&#038;p=6905"},"modified":"2025-12-15T18:27:39","modified_gmt":"2025-12-16T00:27:39","slug":"el-mago-de-oz-ed-conmemorativa","status":"publish","type":"product","link":"https:\/\/libreriahistoriasdebolsillo.com\/index.php\/producto\/el-mago-de-oz-ed-conmemorativa\/","title":{"rendered":"El mago de Oz (Ed. conmemorativa tapa dura)"},"content":{"rendered":"<p align=\"JUSTIFY\">Arrancada de su hogar en Kansas por un hurac\u00e1n, la peque\u00f1a Dorothy aterriza en un mundo desconocido. Comienza as\u00ed una traves\u00eda junto a su perro Toto en busca de la \u00fanica persona capaz de devolverlos a casa: el Mago de Oz. Durante el viaje hasta Ciudad Esmeralda, donde vive esa figura, se enfrentar\u00e1n a un sinf\u00edn de obst\u00e1culos y peligros, pero contar\u00e1n tambi\u00e9n con inestimables aliados: un espantap\u00e1jaros sin cerebro, un le\u00f3n sin coraje y un hombre de hojalata sin coraz\u00f3n.<\/p>\n<p align=\"JUSTIFY\">M\u00e1s de un siglo despu\u00e9s de su publicaci\u00f3n, la magia de L. Frank Baum se despliega ante nosotros como si el tiempo apenas hubiera transcurrido. Con la iluminadora introducci\u00f3n del profesor y estudioso Jack Zipes y las ilustraciones que han acompa\u00f1ado a la novela desde sus inicios, esta edici\u00f3n rinde homenaje a una de las aventuras m\u00e1s entra\u00f1ables de todos los tiempos.<\/p>\n","protected":false},"excerpt":{"rendered":"<p>Frank L. Baum<\/p>\n<p>248 p\u00e1ginas<\/p>\n","protected":false},"featured_media":6906,"template":"","meta":{"_joinchat":[]},"product_brand":[],"product_cat":[42,70],"product_tag":[34],"class_list":{"0":"post-6905","1":"product","2":"type-product","3":"status-publish","4":"has-post-thumbnail","6":"product_cat-literatura-clasica","7":"product_cat-novedades","8":"product_tag-penguin-random-house","10":"first","11":"outofstock","12":"shipping-taxable","13":"purchasable","14":"product-type-simple"},"_links":{"self":[{"href":"https:\/\/libreriahistoriasdebolsillo.com\/index.php\/wp-json\/wp\/v2\/product\/6905","targetHints":{"allow":["GET"]}}],"collection":[{"href":"https:\/\/libreriahistoriasdebolsillo.com\/index.php\/wp-json\/wp\/v2\/product"}],"about":[{"href":"https:\/\/libreriahistoriasdebolsillo.com\/index.php\/wp-json\/wp\/v2\/types\/product"}],"wp:featuredmedia":[{"embeddable":true,"href":"https:\/\/libreriahistoriasdebolsillo.com\/index.php\/wp-json\/wp\/v2\/media\/6906"}],"wp:attachment":[{"href":"https:\/\/libreriahistoriasdebolsillo.com\/index.php\/wp-json\/wp\/v2\/media?parent=6905"}],"wp:term":[{"taxonomy":"product_brand","embeddable":true,"href":"https:\/\/libreriahistoriasdebolsillo.com\/index.php\/wp-json\/wp\/v2\/product_brand?post=6905"},{"taxonomy":"product_cat","embeddable":true,"href":"https:\/\/libreriahistoriasdebolsillo.com\/index.php\/wp-json\/wp\/v2\/product_cat?post=6905"},{"taxonomy":"product_tag","embeddable":true,"href":"https:\/\/libreriahistoriasdebolsillo.com\/index.php\/wp-json\/wp\/v2\/product_tag?post=6905"}],"curies":[{"name":"wp","href":"https:\/\/api.w.org\/{rel}","templated":true}]}}