{"id":6907,"date":"2025-06-17T15:48:11","date_gmt":"2025-06-17T21:48:11","guid":{"rendered":"https:\/\/libreriahistoriasdebolsillo.com\/?post_type=product&#038;p=6907"},"modified":"2025-10-14T09:44:47","modified_gmt":"2025-10-14T15:44:47","slug":"maple-hills-3-en-las-nubes","status":"publish","type":"product","link":"https:\/\/libreriahistoriasdebolsillo.com\/index.php\/producto\/maple-hills-3-en-las-nubes\/","title":{"rendered":"Maple Hills 3. En las nubes"},"content":{"rendered":"<p><b>E<\/b><b>L CAPIT\u00c1N DEL EQUIPO DE HOCKEY DEBER\u00c1 ALIARSE CON UNA ESCRITORA ENCANTADORA PARA SUPERAR LOS RETOS DEL A\u00d1O UNIVERSITARIO.<\/b><\/p>\n<p><b>Henry Turner<\/b>\u00a0se da cuenta de que va a tener que trabajar duro cuando acaba en una clase complicada con el profesor que menos le gusta. Encima, ahora es el nuevo\u00a0<b>capit\u00e1n del equipo<\/b>\u00a0de\u00a0<b>hockey<\/b>, as\u00ed que no puede permitirse fallar. Pero todo cambia cuando se cuela en un club de lectura accidentalmente y conoce a\u00a0<b>Halle Jacobs<\/b>.<\/p>\n<p>Ella es una aut\u00e9ntica\u00a0<b>superestrella<\/b>\u00a0cuando se trata\u00a0<b>de estudiar<\/b>. Aunque entre sus propias clases, el trabajo, el club de lectura y la novela que est\u00e1 intentando escribir no tiene tiempo para ser tutora de nadie, se ofrece a\u00a0<b>ayudar a Henry<\/b>. Adem\u00e1s, \u00bfno dicen que las nuevas experiencias ayudan a salir de los bloqueos creativos? Y \u00e9l promete que va a darle muchas\u2026<\/p>\n<p>Lo \u00fanico que tienen que hacer es ce\u00f1irse al\u00a0<b>reglamento<\/b>\u00a0que han establecido.<\/p>\n<p>Ah, y no\u00a0<b>enamorarse<\/b>, claro.<\/p>\n","protected":false},"excerpt":{"rendered":"<p>Hannah Grace<\/p>\n<p>464 p\u00e1ginas<\/p>\n","protected":false},"featured_media":6908,"template":"","meta":{"_joinchat":[]},"product_brand":[],"product_cat":[70,35],"product_tag":[34],"class_list":{"0":"post-6907","1":"product","2":"type-product","3":"status-publish","4":"has-post-thumbnail","6":"product_cat-novedades","7":"product_cat-romantica","8":"product_tag-penguin-random-house","10":"first","11":"outofstock","12":"shipping-taxable","13":"purchasable","14":"product-type-simple"},"_links":{"self":[{"href":"https:\/\/libreriahistoriasdebolsillo.com\/index.php\/wp-json\/wp\/v2\/product\/6907","targetHints":{"allow":["GET"]}}],"collection":[{"href":"https:\/\/libreriahistoriasdebolsillo.com\/index.php\/wp-json\/wp\/v2\/product"}],"about":[{"href":"https:\/\/libreriahistoriasdebolsillo.com\/index.php\/wp-json\/wp\/v2\/types\/product"}],"wp:featuredmedia":[{"embeddable":true,"href":"https:\/\/libreriahistoriasdebolsillo.com\/index.php\/wp-json\/wp\/v2\/media\/6908"}],"wp:attachment":[{"href":"https:\/\/libreriahistoriasdebolsillo.com\/index.php\/wp-json\/wp\/v2\/media?parent=6907"}],"wp:term":[{"taxonomy":"product_brand","embeddable":true,"href":"https:\/\/libreriahistoriasdebolsillo.com\/index.php\/wp-json\/wp\/v2\/product_brand?post=6907"},{"taxonomy":"product_cat","embeddable":true,"href":"https:\/\/libreriahistoriasdebolsillo.com\/index.php\/wp-json\/wp\/v2\/product_cat?post=6907"},{"taxonomy":"product_tag","embeddable":true,"href":"https:\/\/libreriahistoriasdebolsillo.com\/index.php\/wp-json\/wp\/v2\/product_tag?post=6907"}],"curies":[{"name":"wp","href":"https:\/\/api.w.org\/{rel}","templated":true}]}}