{"id":691,"date":"2023-11-20T13:14:02","date_gmt":"2023-11-20T19:14:02","guid":{"rendered":"https:\/\/libreriahistoriasdebolsillo.com\/?post_type=product&#038;p=691"},"modified":"2025-02-14T18:13:39","modified_gmt":"2025-02-15T00:13:39","slug":"la-ecuacion-de-las-almas-gemelas","status":"publish","type":"product","link":"https:\/\/libreriahistoriasdebolsillo.com\/index.php\/producto\/la-ecuacion-de-las-almas-gemelas\/","title":{"rendered":"La ecuaci\u00f3n de las almas gemelas"},"content":{"rendered":"<p>Jess es una experta en an\u00e1lisis de datos y estad\u00edstica pero cuando se trata de amor ha tenido que aceptar que no hay f\u00f3rmula m\u00e1gica. Hasta que conoce una empresa que, se espera revolucione el mundo de las citas: con una muestra de ADN analiza el perfil gen\u00e9tico de dos personas y promete formar las parejas m\u00e1s compatibles. \u00bfSe animar\u00e1 Jess a probar esta tecnolog\u00eda en nombre de la ciencia del amor?<\/p>\n","protected":false},"excerpt":{"rendered":"<p>Christina Lauren<\/p>\n","protected":false},"featured_media":692,"template":"","meta":{"_joinchat":[]},"product_brand":[],"product_cat":[35],"product_tag":[48],"class_list":{"0":"post-691","1":"product","2":"type-product","3":"status-publish","4":"has-post-thumbnail","6":"product_cat-romantica","7":"product_tag-vr-editoras","9":"first","10":"instock","11":"shipping-taxable","12":"purchasable","13":"product-type-simple"},"_links":{"self":[{"href":"https:\/\/libreriahistoriasdebolsillo.com\/index.php\/wp-json\/wp\/v2\/product\/691","targetHints":{"allow":["GET"]}}],"collection":[{"href":"https:\/\/libreriahistoriasdebolsillo.com\/index.php\/wp-json\/wp\/v2\/product"}],"about":[{"href":"https:\/\/libreriahistoriasdebolsillo.com\/index.php\/wp-json\/wp\/v2\/types\/product"}],"wp:featuredmedia":[{"embeddable":true,"href":"https:\/\/libreriahistoriasdebolsillo.com\/index.php\/wp-json\/wp\/v2\/media\/692"}],"wp:attachment":[{"href":"https:\/\/libreriahistoriasdebolsillo.com\/index.php\/wp-json\/wp\/v2\/media?parent=691"}],"wp:term":[{"taxonomy":"product_brand","embeddable":true,"href":"https:\/\/libreriahistoriasdebolsillo.com\/index.php\/wp-json\/wp\/v2\/product_brand?post=691"},{"taxonomy":"product_cat","embeddable":true,"href":"https:\/\/libreriahistoriasdebolsillo.com\/index.php\/wp-json\/wp\/v2\/product_cat?post=691"},{"taxonomy":"product_tag","embeddable":true,"href":"https:\/\/libreriahistoriasdebolsillo.com\/index.php\/wp-json\/wp\/v2\/product_tag?post=691"}],"curies":[{"name":"wp","href":"https:\/\/api.w.org\/{rel}","templated":true}]}}