{"id":6911,"date":"2025-06-19T09:49:32","date_gmt":"2025-06-19T15:49:32","guid":{"rendered":"https:\/\/libreriahistoriasdebolsillo.com\/?post_type=product&#038;p=6911"},"modified":"2026-04-23T12:54:25","modified_gmt":"2026-04-23T18:54:25","slug":"cuentos","status":"publish","type":"product","link":"https:\/\/libreriahistoriasdebolsillo.com\/index.php\/producto\/cuentos\/","title":{"rendered":"Cuentos"},"content":{"rendered":"<p><b>Las historias que recoge en este volumen ofrecen al lector una visi\u00f3n amplia de la compleja personalidad art\u00edstica de Fiodor Dostoievsky.<\/b><\/p>\n<p><b>Una nueva edici\u00f3n de los cuentos de Fiodor Dostoievski al cuidado de Bela Martinova, escritora, traductora, ensayista, doctora en filolog\u00eda eslava y especialista en la obra del autor ruso.<\/b><\/p>\n<p><i>Los payasos que lo son por voluntad propia ni siquiera inspiran l\u00e1stima.<\/i><\/p>\n<p>En los cuentos de Dostoievski, no por breves menos geniales que sus novelas, aparecen algunos de los motivos recurrentes de su obra: estafadores estafados, avaros delirantes o ladrones raramente honrados, todo ello tratado con la vena sat\u00edrica y humor\u00edstica que lo ha convertido en un cl\u00e1sico. Las historias que recoge en este volumen ofrecen al lector una visi\u00f3n amplia de la compleja personalidad art\u00edstica del escritor ruso, que siempre consider\u00f3 su deber \u00abrehabilitar al individuo destruido, aplastado por el injusto yugo de las circunstancias, del estancamiento secular y de los prejuicios sociales\u00bb.<\/p>\n","protected":false},"excerpt":{"rendered":"<p>Fi\u00f3dor Dostoievski<\/p>\n<p>528 p\u00e1ginas<\/p>\n","protected":false},"featured_media":6912,"template":"","meta":{"_joinchat":[]},"product_brand":[],"product_cat":[42],"product_tag":[34],"class_list":{"0":"post-6911","1":"product","2":"type-product","3":"status-publish","4":"has-post-thumbnail","6":"product_cat-literatura-clasica","7":"product_tag-penguin-random-house","9":"first","10":"outofstock","11":"shipping-taxable","12":"purchasable","13":"product-type-simple"},"_links":{"self":[{"href":"https:\/\/libreriahistoriasdebolsillo.com\/index.php\/wp-json\/wp\/v2\/product\/6911","targetHints":{"allow":["GET"]}}],"collection":[{"href":"https:\/\/libreriahistoriasdebolsillo.com\/index.php\/wp-json\/wp\/v2\/product"}],"about":[{"href":"https:\/\/libreriahistoriasdebolsillo.com\/index.php\/wp-json\/wp\/v2\/types\/product"}],"wp:featuredmedia":[{"embeddable":true,"href":"https:\/\/libreriahistoriasdebolsillo.com\/index.php\/wp-json\/wp\/v2\/media\/6912"}],"wp:attachment":[{"href":"https:\/\/libreriahistoriasdebolsillo.com\/index.php\/wp-json\/wp\/v2\/media?parent=6911"}],"wp:term":[{"taxonomy":"product_brand","embeddable":true,"href":"https:\/\/libreriahistoriasdebolsillo.com\/index.php\/wp-json\/wp\/v2\/product_brand?post=6911"},{"taxonomy":"product_cat","embeddable":true,"href":"https:\/\/libreriahistoriasdebolsillo.com\/index.php\/wp-json\/wp\/v2\/product_cat?post=6911"},{"taxonomy":"product_tag","embeddable":true,"href":"https:\/\/libreriahistoriasdebolsillo.com\/index.php\/wp-json\/wp\/v2\/product_tag?post=6911"}],"curies":[{"name":"wp","href":"https:\/\/api.w.org\/{rel}","templated":true}]}}