{"id":6925,"date":"2025-06-26T09:33:00","date_gmt":"2025-06-26T15:33:00","guid":{"rendered":"https:\/\/libreriahistoriasdebolsillo.com\/?post_type=product&#038;p=6925"},"modified":"2025-07-09T17:26:16","modified_gmt":"2025-07-09T23:26:16","slug":"obra-hermetica-tapa-dura","status":"publish","type":"product","link":"https:\/\/libreriahistoriasdebolsillo.com\/index.php\/producto\/obra-hermetica-tapa-dura\/","title":{"rendered":"Obra herm\u00e9tica (Tapa dura)"},"content":{"rendered":"<p><strong>Por primera vez se recoge en un solo volumen toda la obra de Moebius en la m\u00edtica revista M\u00e9tal Hurlant.<\/strong><\/p>\n<p>Moebius revolucion\u00f3 todos los mecanismos narrativos del c\u00f3mic a partir de los a\u00f1os setenta. Con \u00abEl Garaje Herm\u00e9tico\u00bb, \u00abArzach\u00bb, \u00abEl mayor Fatal\u00bb y varias decenas m\u00e1s de historias, cambi\u00f3 por completo el medio, redefini\u00f3 irremisiblemente la fantas\u00eda y la ciencia ficci\u00f3n de nuestra era e influy\u00f3 de manera perenne en varias generaciones de autores.<\/p>\n<p>Esto es lo que (re)descubre este volumen, que re\u00fane las p\u00e1ginas publicadas por Moebius, durante m\u00e1s de una d\u00e9cada, en la \u00e9poca dorada de la revista M\u00e9tal Hurlant.<\/p>\n<p>La cr\u00edtica ha dicho&#8230;<\/p>\n<p>\u00abEscribir de Moebius es como sentarse a escribir de Picasso, una extravagancia y una vanidad, vanidad de vano, de inservible, mucho sentido no tiene. \u00bfQu\u00e9 decir? Acaso que no habr\u00eda ni que leerlo, para qu\u00e9: Moebius satisface la mirada con solo rondar sus p\u00e1ginas\u00bb.<\/p>\n<p>Rub\u00e9n Lard\u00edn, Rockdelux<\/p>\n<p>\u00abNo hay discusi\u00f3n posible sobre cu\u00e1l es la edici\u00f3n m\u00e1s relevante en el mundo del c\u00f3mic en Espa\u00f1a. [\u2026] Moebius siempre brillante entre la solemnidad y los trazos s\u00faper org\u00e1nicos: una bacanal absoluta de talento\u00bb.<\/p>\n<p>Marcos Gendre, MondoSonoro<\/p>\n<p>\u00abEl c\u00f3mic elevado a la categor\u00eda de arte surrealista y metaf\u00edsico. [\u2026] El trabajo m\u00e1s enigm\u00e1tico y experimental de Moebius, que se empe\u00f1\u00f3 en hacer del c\u00f3mic un arte mayor\u00bb.<\/p>\n<p>Eduardo Bravo, El Peri\u00f3dico de Espa\u00f1a<\/p>\n<p>\u00abUn tomo de lectura obligatoria para cualquier amante del c\u00f3mic y la narrativa gr\u00e1fica. Trabajo imprescindible para entender la evoluci\u00f3n del medio a mediados de los a\u00f1os setenta y poder percibir c\u00f3mo influy\u00f3 en el futuro de la cultura popular. [&#8230;] Un regalo perfecto para los que disfrutamos del c\u00f3mic como medio de expresi\u00f3n art\u00edstica\u00bb.<\/p>\n<p>Alejandro Mart\u00ednez, Es la HORA de las TORTAS!!!<\/p>\n<p>\u00abUna obra maestra que revolucion\u00f3 la historieta y que ahora es recuperada con absoluta exquisitez\u00bb.<\/p>\n<p>\u00c1lvaro Pons, Babelia<\/p>\n<p>\u00abLas suculentas historietas, a caballo entre la ciencia ficci\u00f3n y la psicodelia, con toques de humor, erotismo y gui\u00f1os varios, [\u2026] permiten al lector adentrarse en un momento creativo \u00fanico [&#8230;]. Moebius dio pasos de gigante y dej\u00f3 claro para las futuras generaciones de dibujantes que el c\u00f3mic era un arte adulto y para adultos en el que todo era posible\u00bb.<\/p>\n<p>Mauricio Bach, The Objective<\/p>\n<p>\u00abMoebius es el dibujante infinito. [\u2026] Obra herm\u00e9tica supone poder disfrutar, tocar y recrearse en un formato digno de una parte de la obra y trayectoria de Moebius verdaderamente COMPLETA como nada que se haya editado nunca antes aqu\u00ed. [\u2026] Un libro que es imposible que te deje indiferente y que es todo un s\u00edmbolo de celebraci\u00f3n del triunfo de la imaginaci\u00f3n de un autor cuya obra le ha dado la inmortalidad a un nivel que va m\u00e1s all\u00e1 del mundo del c\u00f3mic\u00bb.<\/p>\n<p>Raul N. Rolo, LH Magazin<\/p>\n<p>\u00abEra un dibujante excelso, un maestro de la l\u00ednea, la perspectiva, el volumen y la trama. Pero, sobre todo, era un mago de la imaginaci\u00f3n, un demiurgo capaz de crear mundos enteros, aunque fueran de papel y en dos dimensi<\/p>\n","protected":false},"excerpt":{"rendered":"<p>Moebius<\/p>\n<p>480 p\u00e1ginas<\/p>\n","protected":false},"featured_media":6926,"template":"","meta":{"_joinchat":[]},"product_brand":[],"product_cat":[67,70],"product_tag":[34],"class_list":{"0":"post-6925","1":"product","2":"type-product","3":"status-publish","4":"has-post-thumbnail","6":"product_cat-manga","7":"product_cat-novedades","8":"product_tag-penguin-random-house","10":"first","11":"outofstock","12":"shipping-taxable","13":"purchasable","14":"product-type-simple"},"_links":{"self":[{"href":"https:\/\/libreriahistoriasdebolsillo.com\/index.php\/wp-json\/wp\/v2\/product\/6925","targetHints":{"allow":["GET"]}}],"collection":[{"href":"https:\/\/libreriahistoriasdebolsillo.com\/index.php\/wp-json\/wp\/v2\/product"}],"about":[{"href":"https:\/\/libreriahistoriasdebolsillo.com\/index.php\/wp-json\/wp\/v2\/types\/product"}],"wp:featuredmedia":[{"embeddable":true,"href":"https:\/\/libreriahistoriasdebolsillo.com\/index.php\/wp-json\/wp\/v2\/media\/6926"}],"wp:attachment":[{"href":"https:\/\/libreriahistoriasdebolsillo.com\/index.php\/wp-json\/wp\/v2\/media?parent=6925"}],"wp:term":[{"taxonomy":"product_brand","embeddable":true,"href":"https:\/\/libreriahistoriasdebolsillo.com\/index.php\/wp-json\/wp\/v2\/product_brand?post=6925"},{"taxonomy":"product_cat","embeddable":true,"href":"https:\/\/libreriahistoriasdebolsillo.com\/index.php\/wp-json\/wp\/v2\/product_cat?post=6925"},{"taxonomy":"product_tag","embeddable":true,"href":"https:\/\/libreriahistoriasdebolsillo.com\/index.php\/wp-json\/wp\/v2\/product_tag?post=6925"}],"curies":[{"name":"wp","href":"https:\/\/api.w.org\/{rel}","templated":true}]}}