{"id":6936,"date":"2025-06-26T09:51:34","date_gmt":"2025-06-26T15:51:34","guid":{"rendered":"https:\/\/libreriahistoriasdebolsillo.com\/?post_type=product&#038;p=6936"},"modified":"2025-12-23T14:50:27","modified_gmt":"2025-12-23T20:50:27","slug":"el-proceso","status":"publish","type":"product","link":"https:\/\/libreriahistoriasdebolsillo.com\/index.php\/producto\/el-proceso\/","title":{"rendered":"El proceso"},"content":{"rendered":"<p><b><i>El proceso<\/i>, sin duda una de las obras clave del genio del absurdo que fue Franz Kafka, enfrenta al lector a la angustia de comprobar que algunas cosas son demasiado reales para ser ciertas.<\/b><\/p>\n<p>El d\u00eda que es arrestado, K. abre la puerta de su habitaci\u00f3n para informarse sobre su desayuno. Acusado de un crimen que desconoce por jueces que no ve nunca y conforme a leyes que nadie puede explicarle, K. abrir\u00e1 un n\u00famero inimaginable de puertas intentando comprender la situaci\u00f3n.<\/p>\n<p>A medida que el proceso ocupa m\u00e1s y m\u00e1s lugar en su vida, cada puerta constituir\u00e1 una traba cada vez m\u00e1s alienante en el proceso judicial al que se ve sometido. S\u00f3lo K. parece darse cuenta, en una lucidez irrisoria e in\u00fatil hasta el fin, de la total ausencia de hechos o eventos que clarifiquen el proceso.<\/p>\n<p><b>Rese\u00f1a:<\/b><\/p>\n<p>\u00abEl mundo de Kafka es, en verdad, un universo indecible donde el hombre se da el lujo torturante de pescar en una ba\u00f1era, sabiendo que no saldr\u00e1 nada.\u00bb<\/p>\n<p><b>Albert Camus<\/b><\/p>\n","protected":false},"excerpt":{"rendered":"<p>Franz Kafka<\/p>\n<p>264 p\u00e1ginas<\/p>\n","protected":false},"featured_media":6937,"template":"","meta":{"_joinchat":[]},"product_brand":[],"product_cat":[42],"product_tag":[34],"class_list":{"0":"post-6936","1":"product","2":"type-product","3":"status-publish","4":"has-post-thumbnail","6":"product_cat-literatura-clasica","7":"product_tag-penguin-random-house","9":"first","10":"outofstock","11":"shipping-taxable","12":"purchasable","13":"product-type-simple"},"_links":{"self":[{"href":"https:\/\/libreriahistoriasdebolsillo.com\/index.php\/wp-json\/wp\/v2\/product\/6936","targetHints":{"allow":["GET"]}}],"collection":[{"href":"https:\/\/libreriahistoriasdebolsillo.com\/index.php\/wp-json\/wp\/v2\/product"}],"about":[{"href":"https:\/\/libreriahistoriasdebolsillo.com\/index.php\/wp-json\/wp\/v2\/types\/product"}],"wp:featuredmedia":[{"embeddable":true,"href":"https:\/\/libreriahistoriasdebolsillo.com\/index.php\/wp-json\/wp\/v2\/media\/6937"}],"wp:attachment":[{"href":"https:\/\/libreriahistoriasdebolsillo.com\/index.php\/wp-json\/wp\/v2\/media?parent=6936"}],"wp:term":[{"taxonomy":"product_brand","embeddable":true,"href":"https:\/\/libreriahistoriasdebolsillo.com\/index.php\/wp-json\/wp\/v2\/product_brand?post=6936"},{"taxonomy":"product_cat","embeddable":true,"href":"https:\/\/libreriahistoriasdebolsillo.com\/index.php\/wp-json\/wp\/v2\/product_cat?post=6936"},{"taxonomy":"product_tag","embeddable":true,"href":"https:\/\/libreriahistoriasdebolsillo.com\/index.php\/wp-json\/wp\/v2\/product_tag?post=6936"}],"curies":[{"name":"wp","href":"https:\/\/api.w.org\/{rel}","templated":true}]}}