{"id":6938,"date":"2025-06-26T09:54:06","date_gmt":"2025-06-26T15:54:06","guid":{"rendered":"https:\/\/libreriahistoriasdebolsillo.com\/?post_type=product&#038;p=6938"},"modified":"2025-10-14T13:02:46","modified_gmt":"2025-10-14T19:02:46","slug":"jonathan-strange-y-el-senor-norrell","status":"publish","type":"product","link":"https:\/\/libreriahistoriasdebolsillo.com\/index.php\/producto\/jonathan-strange-y-el-senor-norrell\/","title":{"rendered":"Jonathan Strange y el se\u00f1or Norrell"},"content":{"rendered":"<p><b>Entre la fina comedia social de Jane Austen y el sombr\u00edo universo de Tolkien, Susanna Clarke ha logrado crear un mundo imaginario de enorme belleza y misterio.<\/b><\/p>\n<p><b>Distinguida como Mejor Novela del A\u00f1o por los libreros independientes de Estados Unidos y candidata a los premios Whitbread, Booker y Guardian,\u00a0<\/b><i><b>Jonathan Strange y el se\u00f1or Norrell<\/b><\/i><b>\u00a0ha sido generosamente elogiada por la cr\u00edtica -\u00abUn cl\u00e1sico\u00bb \u00abUna obra prodigiosa\u00bb \u00abUna soberbia y elegante fantas\u00eda hist\u00f3rica\u00bb \u00abLa mejor novela fant\u00e1stica escrita en los \u00faltimos setenta a\u00f1os\u00bb \u00abUn placer perfecto\u00bb-, y ha permanecido en las listas de los libros m\u00e1s vendidos de Estados Unidos, Gran Breta\u00f1a y Alemania desde su publicaci\u00f3n.<\/b><\/p>\n<p>Una de las novelas\u00a0<b>m\u00e1s brillantes y originales<\/b>\u00a0que han aparecido en los \u00faltimos tiempos,\u00a0<i>Jonathan Strange y el se\u00f1or Norrell<\/i>\u00a0es\u00a0<b>un relato fabuloso<\/b>\u00a0en todos los sentidos: por su\u00a0<b>ambici\u00f3n narrativa<\/b>\u00a0y por las\u00a0<b>historias extraordinarias<\/b>\u00a0que cuenta.<\/p>\n<p>Como una aut\u00e9ntica obra de orfebrer\u00eda literaria, Susanna Clarke ha imaginado un\u00a0<b>universo fant\u00e1stico completo y coherente<\/b>\u00a0hasta en sus \u00faltimos detalles, creando en el lector la ilusi\u00f3n de sumergirse en una historia de absoluto realismo y verosimilitud. A principios del siglo XIX, las haza\u00f1as del Rey Cuervo, el m\u00e1s grande de todos los magos de la Edad Media, perviven en la memoria y la leyenda, pero\u00a0<b>la pr\u00e1ctica de la magia ha sido completamente olvidada<\/b>\u00a0en Inglaterra. Hasta el d\u00eda en que el esquivo se\u00f1or Norrell, de Hurtfew Abbey, logra que las piedras de la catedral de York hablen. La noticia del\u00a0<b>retorno de la magia<\/b>\u00a0se extiende como la p\u00f3lvora y el se\u00f1or Norrell, convencido de que debe poner sus artes al servicio del gobierno en la guerra contra Napole\u00f3n, se traslada a Londres. All\u00ed conoce al joven Jonathan Strange, un\u00a0<b>brillante y voluntarioso mago<\/b>, y tras superar algunos recelos, consiente en acogerlo como disc\u00edpulo. En una \u00e9poca en la que s\u00f3lo los charlatanes se hac\u00edan llamar magos, Norrell y Strange se proponen\u00a0<b>limpiar el buen nombre de su oficio<\/b>, al que consideran una ciencia con may\u00fasculas. Bajo las \u00f3rdenes de Wellington, realizar\u00e1n decenas de actos m\u00e1gicos, y su \u00e9xito es tal que muy pronto se los consultar\u00e1 sobre muchos otros problemas, desde la curaci\u00f3n de la locura del rey Jorge III hasta la mejor venganza para amantes despechados. A su paso encontrar\u00e1n\u00a0<b>amor y muerte, portentos y crueldades<\/b>, y arrastrados por\u00a0<b>la ambici\u00f3n y la rivalidad<\/b>, el camino de la\u00a0<b>gloria\u00a0<\/b>los acercar\u00e1 irremediablemente al\u00a0<b>abismo<\/b>.<\/p>\n","protected":false},"excerpt":{"rendered":"<p>Susanna Clarke<\/p>\n<p>800 p\u00e1ginas<\/p>\n","protected":false},"featured_media":6939,"template":"","meta":{"_joinchat":[]},"product_brand":[],"product_cat":[39,56,51],"product_tag":[34],"class_list":{"0":"post-6938","1":"product","2":"type-product","3":"status-publish","4":"has-post-thumbnail","6":"product_cat-fantasia","7":"product_cat-historica","8":"product_cat-oferta","9":"product_tag-penguin-random-house","11":"first","12":"instock","13":"sale","14":"shipping-taxable","15":"purchasable","16":"product-type-simple"},"_links":{"self":[{"href":"https:\/\/libreriahistoriasdebolsillo.com\/index.php\/wp-json\/wp\/v2\/product\/6938","targetHints":{"allow":["GET"]}}],"collection":[{"href":"https:\/\/libreriahistoriasdebolsillo.com\/index.php\/wp-json\/wp\/v2\/product"}],"about":[{"href":"https:\/\/libreriahistoriasdebolsillo.com\/index.php\/wp-json\/wp\/v2\/types\/product"}],"wp:featuredmedia":[{"embeddable":true,"href":"https:\/\/libreriahistoriasdebolsillo.com\/index.php\/wp-json\/wp\/v2\/media\/6939"}],"wp:attachment":[{"href":"https:\/\/libreriahistoriasdebolsillo.com\/index.php\/wp-json\/wp\/v2\/media?parent=6938"}],"wp:term":[{"taxonomy":"product_brand","embeddable":true,"href":"https:\/\/libreriahistoriasdebolsillo.com\/index.php\/wp-json\/wp\/v2\/product_brand?post=6938"},{"taxonomy":"product_cat","embeddable":true,"href":"https:\/\/libreriahistoriasdebolsillo.com\/index.php\/wp-json\/wp\/v2\/product_cat?post=6938"},{"taxonomy":"product_tag","embeddable":true,"href":"https:\/\/libreriahistoriasdebolsillo.com\/index.php\/wp-json\/wp\/v2\/product_tag?post=6938"}],"curies":[{"name":"wp","href":"https:\/\/api.w.org\/{rel}","templated":true}]}}