{"id":694,"date":"2023-11-20T13:16:58","date_gmt":"2023-11-20T19:16:58","guid":{"rendered":"https:\/\/libreriahistoriasdebolsillo.com\/?post_type=product&#038;p=694"},"modified":"2025-12-23T17:34:12","modified_gmt":"2025-12-23T23:34:12","slug":"experimento-de-amor-en-nueva-york","status":"publish","type":"product","link":"https:\/\/libreriahistoriasdebolsillo.com\/index.php\/producto\/experimento-de-amor-en-nueva-york\/","title":{"rendered":"Experimento de amor en Nueva York"},"content":{"rendered":"<p>De la autora del \u00e9xito Farsa de amor a la espa\u00f1ola, best seller de The New York Times, llega Experimento de amor en Nueva York, la tan ansiada historia de Rosie Graham y Lucas.<\/p>\n<p>Rosie est\u00e1 desesperada. Tiene solo ocho semanas para escribir una novela rom\u00e1ntica en medio de su bloqueo creativo. Y encima se le ha derrumbado el techo del ba\u00f1o delante de sus narices. Por suerte, puede huir al apartamento de Lina mientras ella est\u00e1 de viaje. Pero lo que Rosie no sabe es que tambi\u00e9n se quedar\u00e1 all\u00ed Lucas, el primo de su mejor amiga y de quien est\u00e1 virtualmente enamorada. As\u00ed que este caballero espa\u00f1ol le ofrecer\u00e1 compartir el apartamento y le propondr\u00e1 un extra\u00f1o experimento para ayudarla con su trabajo: tener 4 citas rom\u00e1nticas para que se ella inspire y pueda superar su bloqueo. Rosie acepta, y el experimento no solo la ayuda a escribir una gran novela, sino que tambi\u00e9n empiezan a enamorarse el uno del otro, pero la permanencia de Lucas en Nueva York tiene fecha de vencimiento. As\u00ed que estos dos compa\u00f1eros de apartamento deciden sortear sus problemas personales y la distancia para animarse a escribir su propia historia de amor.<\/p>\n","protected":false},"excerpt":{"rendered":"<p>Elena Armas<\/p>\n","protected":false},"featured_media":695,"template":"","meta":{"_joinchat":[]},"product_brand":[],"product_cat":[35],"product_tag":[48],"class_list":{"0":"post-694","1":"product","2":"type-product","3":"status-publish","4":"has-post-thumbnail","6":"product_cat-romantica","7":"product_tag-vr-editoras","9":"first","10":"outofstock","11":"shipping-taxable","12":"purchasable","13":"product-type-simple"},"_links":{"self":[{"href":"https:\/\/libreriahistoriasdebolsillo.com\/index.php\/wp-json\/wp\/v2\/product\/694","targetHints":{"allow":["GET"]}}],"collection":[{"href":"https:\/\/libreriahistoriasdebolsillo.com\/index.php\/wp-json\/wp\/v2\/product"}],"about":[{"href":"https:\/\/libreriahistoriasdebolsillo.com\/index.php\/wp-json\/wp\/v2\/types\/product"}],"wp:featuredmedia":[{"embeddable":true,"href":"https:\/\/libreriahistoriasdebolsillo.com\/index.php\/wp-json\/wp\/v2\/media\/695"}],"wp:attachment":[{"href":"https:\/\/libreriahistoriasdebolsillo.com\/index.php\/wp-json\/wp\/v2\/media?parent=694"}],"wp:term":[{"taxonomy":"product_brand","embeddable":true,"href":"https:\/\/libreriahistoriasdebolsillo.com\/index.php\/wp-json\/wp\/v2\/product_brand?post=694"},{"taxonomy":"product_cat","embeddable":true,"href":"https:\/\/libreriahistoriasdebolsillo.com\/index.php\/wp-json\/wp\/v2\/product_cat?post=694"},{"taxonomy":"product_tag","embeddable":true,"href":"https:\/\/libreriahistoriasdebolsillo.com\/index.php\/wp-json\/wp\/v2\/product_tag?post=694"}],"curies":[{"name":"wp","href":"https:\/\/api.w.org\/{rel}","templated":true}]}}