{"id":6940,"date":"2025-06-26T09:56:32","date_gmt":"2025-06-26T15:56:32","guid":{"rendered":"https:\/\/libreriahistoriasdebolsillo.com\/?post_type=product&#038;p=6940"},"modified":"2025-11-20T11:57:18","modified_gmt":"2025-11-20T17:57:18","slug":"la-metamorfosis-y-otros-cuentos-edicion-conmemorativa-tapa-dura","status":"publish","type":"product","link":"https:\/\/libreriahistoriasdebolsillo.com\/index.php\/producto\/la-metamorfosis-y-otros-cuentos-edicion-conmemorativa-tapa-dura\/","title":{"rendered":"La metamorfosis y otros cuentos (Edici\u00f3n conmemorativa, tapa dura)"},"content":{"rendered":"<p>Meditaci\u00f3n desgarradora pero extra\u00f1amente c\u00f3mica sobre la culpa y el aislamiento, \u00abLa metamorfosis\u00bb perdura como\u00a0<b>una de las obras m\u00e1s incisivas e influyentes de la narrativa del siglo XX<\/b>. En la presente edici\u00f3n, la acompa\u00f1an otros dos relatos,\u00a0<b>\u00abLa condena\u00bb y \u00abEl fogonero\u00bb<\/b>, que el propio Franz Kafka plane\u00f3 publicar en un volumen conjunto a poco de acabar la primera, sin conseguirlo. Unidas a su entender por un \u00abnexo secreto\u00bb, las tres historias hablan de\u00a0<b>las deudas y los deberes<\/b>\u00a0contra\u00eddos en el seno de la familia, c\u00e9lula conflictiva que, en su universo, representa a la sociedad entera.<\/p>\n","protected":false},"excerpt":{"rendered":"<p>Franz Kafka<\/p>\n<p>144 p\u00e1ginas<\/p>\n","protected":false},"featured_media":6941,"template":"","meta":{"_joinchat":[]},"product_brand":[],"product_cat":[42,70],"product_tag":[34],"class_list":{"0":"post-6940","1":"product","2":"type-product","3":"status-publish","4":"has-post-thumbnail","6":"product_cat-literatura-clasica","7":"product_cat-novedades","8":"product_tag-penguin-random-house","10":"first","11":"outofstock","12":"shipping-taxable","13":"purchasable","14":"product-type-simple"},"_links":{"self":[{"href":"https:\/\/libreriahistoriasdebolsillo.com\/index.php\/wp-json\/wp\/v2\/product\/6940","targetHints":{"allow":["GET"]}}],"collection":[{"href":"https:\/\/libreriahistoriasdebolsillo.com\/index.php\/wp-json\/wp\/v2\/product"}],"about":[{"href":"https:\/\/libreriahistoriasdebolsillo.com\/index.php\/wp-json\/wp\/v2\/types\/product"}],"wp:featuredmedia":[{"embeddable":true,"href":"https:\/\/libreriahistoriasdebolsillo.com\/index.php\/wp-json\/wp\/v2\/media\/6941"}],"wp:attachment":[{"href":"https:\/\/libreriahistoriasdebolsillo.com\/index.php\/wp-json\/wp\/v2\/media?parent=6940"}],"wp:term":[{"taxonomy":"product_brand","embeddable":true,"href":"https:\/\/libreriahistoriasdebolsillo.com\/index.php\/wp-json\/wp\/v2\/product_brand?post=6940"},{"taxonomy":"product_cat","embeddable":true,"href":"https:\/\/libreriahistoriasdebolsillo.com\/index.php\/wp-json\/wp\/v2\/product_cat?post=6940"},{"taxonomy":"product_tag","embeddable":true,"href":"https:\/\/libreriahistoriasdebolsillo.com\/index.php\/wp-json\/wp\/v2\/product_tag?post=6940"}],"curies":[{"name":"wp","href":"https:\/\/api.w.org\/{rel}","templated":true}]}}