{"id":6944,"date":"2025-06-26T10:01:14","date_gmt":"2025-06-26T16:01:14","guid":{"rendered":"https:\/\/libreriahistoriasdebolsillo.com\/?post_type=product&#038;p=6944"},"modified":"2025-10-28T12:19:40","modified_gmt":"2025-10-28T18:19:40","slug":"las-flores-del-mal-el-spleen-de-paris-los-paraisos-artificiales","status":"publish","type":"product","link":"https:\/\/libreriahistoriasdebolsillo.com\/index.php\/producto\/las-flores-del-mal-el-spleen-de-paris-los-paraisos-artificiales\/","title":{"rendered":"Las flores del mal | El Spleen de Par\u00eds | Los para\u00edsos artificiales"},"content":{"rendered":"<p>Poeta maldito por excelencia<b>, Baudelaire<\/b>\u00a0abri\u00f3 las puertas a un mundo nuevo con\u00a0<b>Las flores del mal<\/b>, una \u00abofensa a la moral\u00bb por la que fue procesado. Con sus versos, la l\u00edrica dejaba atr\u00e1s los paisajes buc\u00f3licos y las pasiones elevadas para hundirse en la bohemia parisina. Lejos de amedrentarse ante el rechazo de sus contempor\u00e1neos, ahond\u00f3 a\u00fan m\u00e1s en esos parajes oscuros con el florilegio de prosa po\u00e9tica de\u00a0<b>El<\/b><b>\u00a0spleen de Par\u00eds<\/b>\u00a0y el ensayo\u00a0<b>Los para\u00edsos artificiales<\/b>, en el que narra sus experiencias con\u00a0<b>el opio y el hach\u00eds<\/b>. Tras ellos se revela la decadencia de unos ideales muy criticados, la melancol\u00eda, el deseo de la inasible eternidad y el miedo al paso del tiempo.<\/p>\n<p>Esta edici\u00f3n presenta la soberbia versi\u00f3n que ofreci\u00f3 el gran poeta valenciano Llu\u00eds Guarner, as\u00ed como algunos poemas traducidos por el propio editor del volumen, Andreu Jaume.<\/p>\n","protected":false},"excerpt":{"rendered":"<p>Charles Baudelaire<\/p>\n<p>560 p\u00e1ginas<\/p>\n","protected":false},"featured_media":6945,"template":"","meta":{"_joinchat":[]},"product_brand":[],"product_cat":[42],"product_tag":[34],"class_list":{"0":"post-6944","1":"product","2":"type-product","3":"status-publish","4":"has-post-thumbnail","6":"product_cat-literatura-clasica","7":"product_tag-penguin-random-house","9":"first","10":"outofstock","11":"shipping-taxable","12":"purchasable","13":"product-type-simple"},"_links":{"self":[{"href":"https:\/\/libreriahistoriasdebolsillo.com\/index.php\/wp-json\/wp\/v2\/product\/6944","targetHints":{"allow":["GET"]}}],"collection":[{"href":"https:\/\/libreriahistoriasdebolsillo.com\/index.php\/wp-json\/wp\/v2\/product"}],"about":[{"href":"https:\/\/libreriahistoriasdebolsillo.com\/index.php\/wp-json\/wp\/v2\/types\/product"}],"wp:featuredmedia":[{"embeddable":true,"href":"https:\/\/libreriahistoriasdebolsillo.com\/index.php\/wp-json\/wp\/v2\/media\/6945"}],"wp:attachment":[{"href":"https:\/\/libreriahistoriasdebolsillo.com\/index.php\/wp-json\/wp\/v2\/media?parent=6944"}],"wp:term":[{"taxonomy":"product_brand","embeddable":true,"href":"https:\/\/libreriahistoriasdebolsillo.com\/index.php\/wp-json\/wp\/v2\/product_brand?post=6944"},{"taxonomy":"product_cat","embeddable":true,"href":"https:\/\/libreriahistoriasdebolsillo.com\/index.php\/wp-json\/wp\/v2\/product_cat?post=6944"},{"taxonomy":"product_tag","embeddable":true,"href":"https:\/\/libreriahistoriasdebolsillo.com\/index.php\/wp-json\/wp\/v2\/product_tag?post=6944"}],"curies":[{"name":"wp","href":"https:\/\/api.w.org\/{rel}","templated":true}]}}