{"id":6948,"date":"2025-06-26T10:06:43","date_gmt":"2025-06-26T16:06:43","guid":{"rendered":"https:\/\/libreriahistoriasdebolsillo.com\/?post_type=product&#038;p=6948"},"modified":"2025-11-20T12:45:04","modified_gmt":"2025-11-20T18:45:04","slug":"orgullo-y-prejuicio-edicion-conmemorativa-tapa-dura","status":"publish","type":"product","link":"https:\/\/libreriahistoriasdebolsillo.com\/index.php\/producto\/orgullo-y-prejuicio-edicion-conmemorativa-tapa-dura\/","title":{"rendered":"Orgullo y prejuicio (Edici\u00f3n conmemorativa, tapa dura)"},"content":{"rendered":"<p><b>Publicada originalmente en 1813, Orgullo y prejuicio es una de las obras maestras de la literatura inglesa de todos los tiempos.<\/b><\/p>\n<p align=\"JUSTIFY\">A lo largo de una trama que discurre con la precisi\u00f3n de un mecanismo de relojer\u00eda, Jane Austen perfila una galer\u00eda de personajes que conforman un perfecto y sutil retrato de la \u00e9poca: las peripecias de una dama empe\u00f1ada en casar a sus hijas con el mejor partido de la regi\u00f3n, los vaivenes sentimentales de las hermanas, el oportunismo de un cl\u00e9rigo adulador&#8230; El trazado de los caracteres y el an\u00e1lisis de las relaciones humanas sometidas a un r\u00edgido c\u00f3digo de costumbres, elementos esenciales de la narrativa de la autora, alcanzan en Orgullo y prejuicio cotas de maestr\u00eda insuperable.<\/p>\n<p align=\"JUSTIFY\">La presente edici\u00f3n incluye una detallada cronolog\u00eda de la autora. Asimismo recupera la introducci\u00f3n original de Penguin Cl\u00e1sicos a cargo de Tony Tanner, que desarroll\u00f3 su carrera como catedr\u00e1tico de literatura inglesa y norteamericana en la Universidad de Cambridge. Sus acertadas reflexiones sobre la obra de Jane Austen son la mejor gu\u00eda para adentrarse en el universo literario de esta autora.<\/p>\n<p><b>\u00abPero mi locura no ha sido el amor sino la vanidad.\u00bb<\/b><\/p>\n","protected":false},"excerpt":{"rendered":"<p>Jane Austen<\/p>\n<p>448 p\u00e1ginas<\/p>\n","protected":false},"featured_media":6951,"template":"","meta":{"_joinchat":[]},"product_brand":[],"product_cat":[42,70],"product_tag":[34],"class_list":{"0":"post-6948","1":"product","2":"type-product","3":"status-publish","4":"has-post-thumbnail","6":"product_cat-literatura-clasica","7":"product_cat-novedades","8":"product_tag-penguin-random-house","10":"first","11":"outofstock","12":"shipping-taxable","13":"purchasable","14":"product-type-simple"},"_links":{"self":[{"href":"https:\/\/libreriahistoriasdebolsillo.com\/index.php\/wp-json\/wp\/v2\/product\/6948","targetHints":{"allow":["GET"]}}],"collection":[{"href":"https:\/\/libreriahistoriasdebolsillo.com\/index.php\/wp-json\/wp\/v2\/product"}],"about":[{"href":"https:\/\/libreriahistoriasdebolsillo.com\/index.php\/wp-json\/wp\/v2\/types\/product"}],"wp:featuredmedia":[{"embeddable":true,"href":"https:\/\/libreriahistoriasdebolsillo.com\/index.php\/wp-json\/wp\/v2\/media\/6951"}],"wp:attachment":[{"href":"https:\/\/libreriahistoriasdebolsillo.com\/index.php\/wp-json\/wp\/v2\/media?parent=6948"}],"wp:term":[{"taxonomy":"product_brand","embeddable":true,"href":"https:\/\/libreriahistoriasdebolsillo.com\/index.php\/wp-json\/wp\/v2\/product_brand?post=6948"},{"taxonomy":"product_cat","embeddable":true,"href":"https:\/\/libreriahistoriasdebolsillo.com\/index.php\/wp-json\/wp\/v2\/product_cat?post=6948"},{"taxonomy":"product_tag","embeddable":true,"href":"https:\/\/libreriahistoriasdebolsillo.com\/index.php\/wp-json\/wp\/v2\/product_tag?post=6948"}],"curies":[{"name":"wp","href":"https:\/\/api.w.org\/{rel}","templated":true}]}}