{"id":6950,"date":"2025-06-26T10:11:33","date_gmt":"2025-06-26T16:11:33","guid":{"rendered":"https:\/\/libreriahistoriasdebolsillo.com\/?post_type=product&#038;p=6950"},"modified":"2025-10-28T12:12:52","modified_gmt":"2025-10-28T18:12:52","slug":"71-poemas","status":"publish","type":"product","link":"https:\/\/libreriahistoriasdebolsillo.com\/index.php\/producto\/71-poemas\/","title":{"rendered":"71 Poemas"},"content":{"rendered":"<p>Emily Dickinson es una de las poetas m\u00e1s grandes de todos los tiempos, comparable a Dante y a Shakespeare, y sin duda una de las mayores de Estados Unidos. De los 1.789 poemas conocidos hasta la fecha, solo diez fueron publicados en vida, todos de forma an\u00f3nima y la mayor\u00eda sin el consentimiento de la poeta. La mitad se encontraron tras su muerte en un cofre que conten\u00eda cuarenta cuadernillos cosidos a mano. El resto ha ido saliendo a la luz procedente de las 1.304 cartas existentes a d\u00eda de hoy.<\/p>\n<p>Nicole d&#8217;Amonville Alegr\u00eda, tambi\u00e9n poeta, public\u00f3 una personal y muy cuidada antolog\u00eda biling\u00fce en 2003 a partir de la \u00faltima edici\u00f3n cr\u00edtica de R. W. Franklin. Los poemas aqu\u00ed reunidos, cuya traducci\u00f3n D&#8217;Amonville ha revisado para la ocasi\u00f3n, no solo constituyen una excelente muestra de la profundidad, la concisi\u00f3n, la m\u00fasica y la ineludible modernidad de la poeta de Amherst, sino que se cuentan entre los imprescindibles de esta autora inmortal que contin\u00faa ganando lectores en todo el mundo.<\/p>\n<p>Edici\u00f3n, selecci\u00f3n y traducci\u00f3n de Nicole d\u2019Amonville Alegr\u00eda.<\/p>\n","protected":false},"excerpt":{"rendered":"<p>Emily Dickinson<\/p>\n<p>224 p\u00e1ginas<\/p>\n","protected":false},"featured_media":6952,"template":"","meta":{"_joinchat":[]},"product_brand":[],"product_cat":[65],"product_tag":[34],"class_list":{"0":"post-6950","1":"product","2":"type-product","3":"status-publish","4":"has-post-thumbnail","6":"product_cat-poesia","7":"product_tag-penguin-random-house","9":"first","10":"outofstock","11":"shipping-taxable","12":"purchasable","13":"product-type-simple"},"_links":{"self":[{"href":"https:\/\/libreriahistoriasdebolsillo.com\/index.php\/wp-json\/wp\/v2\/product\/6950","targetHints":{"allow":["GET"]}}],"collection":[{"href":"https:\/\/libreriahistoriasdebolsillo.com\/index.php\/wp-json\/wp\/v2\/product"}],"about":[{"href":"https:\/\/libreriahistoriasdebolsillo.com\/index.php\/wp-json\/wp\/v2\/types\/product"}],"wp:featuredmedia":[{"embeddable":true,"href":"https:\/\/libreriahistoriasdebolsillo.com\/index.php\/wp-json\/wp\/v2\/media\/6952"}],"wp:attachment":[{"href":"https:\/\/libreriahistoriasdebolsillo.com\/index.php\/wp-json\/wp\/v2\/media?parent=6950"}],"wp:term":[{"taxonomy":"product_brand","embeddable":true,"href":"https:\/\/libreriahistoriasdebolsillo.com\/index.php\/wp-json\/wp\/v2\/product_brand?post=6950"},{"taxonomy":"product_cat","embeddable":true,"href":"https:\/\/libreriahistoriasdebolsillo.com\/index.php\/wp-json\/wp\/v2\/product_cat?post=6950"},{"taxonomy":"product_tag","embeddable":true,"href":"https:\/\/libreriahistoriasdebolsillo.com\/index.php\/wp-json\/wp\/v2\/product_tag?post=6950"}],"curies":[{"name":"wp","href":"https:\/\/api.w.org\/{rel}","templated":true}]}}