{"id":6956,"date":"2025-06-26T10:17:18","date_gmt":"2025-06-26T16:17:18","guid":{"rendered":"https:\/\/libreriahistoriasdebolsillo.com\/?post_type=product&#038;p=6956"},"modified":"2025-10-28T12:19:14","modified_gmt":"2025-10-28T18:19:14","slug":"dragonriders-of-pern-2-la-busqueda-del-dragon","status":"publish","type":"product","link":"https:\/\/libreriahistoriasdebolsillo.com\/index.php\/producto\/dragonriders-of-pern-2-la-busqueda-del-dragon\/","title":{"rendered":"Dragonriders of Pern 2. La b\u00fasqueda del drag\u00f3n"},"content":{"rendered":"<p><strong>LAS HEBRAS VUELVEN A CAER. EL MUNDO VUELVE A ESTAR BAJO AMENAZA. UNA CARRERA VITAL CONTRA EL TIEMPO.<\/strong><\/p>\n<p><strong>Bienvenido a Pern. Bienvenido a la adictiva historia de una de las novelistas de fantas\u00eda y ciencia ficci\u00f3n m\u00e1s influyentes.<\/strong><\/p>\n<p>Ahora que han averiguado c\u00f3mo combatir las mortales hebras, los valientes jinetes de drag\u00f3n han recuperado el lustre de anta\u00f1o, surcando el aire a lomos de sus dragones y dispuestos a destruir aquello que amenaza su planeta.<\/p>\n<p>Pero F&#8217;lar y Lessa saben que tienen que encontrar una manera mejor de proteger a la poblaci\u00f3n y las tierras de Pern para evitar que algo se descontrole. Y deben hallarla antes de que los antiguos puedan generar m\u00e1s altercados entre sus compa\u00f1eros.<\/p>\n<p>Y cuando creen que por fin han dominado los problemas, la tensi\u00f3n aumenta cada vez m\u00e1s, tradici\u00f3n y novedad se enfrentan&#8230; y las hebras vuelven a aparecer, a\u00fan m\u00e1s peligrosas que antes.<\/p>\n<p>\u00abAnne McCaffffrey es una de las maestras de la fantas\u00eda y una de mis autoras favoritas de todos los tiempos\u00bb.<\/p>\n<p>BRANDON SANDERSON<\/p>\n<p>&nbsp;<\/p>\n","protected":false},"excerpt":{"rendered":"<p>Anne McCaffrey<br \/>\n400 p\u00e1ginas<\/p>\n","protected":false},"featured_media":6957,"template":"","meta":{"_joinchat":[]},"product_brand":[],"product_cat":[39,70],"product_tag":[34],"class_list":{"0":"post-6956","1":"product","2":"type-product","3":"status-publish","4":"has-post-thumbnail","6":"product_cat-fantasia","7":"product_cat-novedades","8":"product_tag-penguin-random-house","10":"first","11":"instock","12":"shipping-taxable","13":"purchasable","14":"product-type-simple"},"_links":{"self":[{"href":"https:\/\/libreriahistoriasdebolsillo.com\/index.php\/wp-json\/wp\/v2\/product\/6956","targetHints":{"allow":["GET"]}}],"collection":[{"href":"https:\/\/libreriahistoriasdebolsillo.com\/index.php\/wp-json\/wp\/v2\/product"}],"about":[{"href":"https:\/\/libreriahistoriasdebolsillo.com\/index.php\/wp-json\/wp\/v2\/types\/product"}],"wp:featuredmedia":[{"embeddable":true,"href":"https:\/\/libreriahistoriasdebolsillo.com\/index.php\/wp-json\/wp\/v2\/media\/6957"}],"wp:attachment":[{"href":"https:\/\/libreriahistoriasdebolsillo.com\/index.php\/wp-json\/wp\/v2\/media?parent=6956"}],"wp:term":[{"taxonomy":"product_brand","embeddable":true,"href":"https:\/\/libreriahistoriasdebolsillo.com\/index.php\/wp-json\/wp\/v2\/product_brand?post=6956"},{"taxonomy":"product_cat","embeddable":true,"href":"https:\/\/libreriahistoriasdebolsillo.com\/index.php\/wp-json\/wp\/v2\/product_cat?post=6956"},{"taxonomy":"product_tag","embeddable":true,"href":"https:\/\/libreriahistoriasdebolsillo.com\/index.php\/wp-json\/wp\/v2\/product_tag?post=6956"}],"curies":[{"name":"wp","href":"https:\/\/api.w.org\/{rel}","templated":true}]}}