{"id":6960,"date":"2025-06-26T10:24:47","date_gmt":"2025-06-26T16:24:47","guid":{"rendered":"https:\/\/libreriahistoriasdebolsillo.com\/?post_type=product&#038;p=6960"},"modified":"2025-10-28T12:21:29","modified_gmt":"2025-10-28T18:21:29","slug":"el-archivo-de-las-tormentas-5-viento-y-verdad-tapa-dura","status":"publish","type":"product","link":"https:\/\/libreriahistoriasdebolsillo.com\/index.php\/producto\/el-archivo-de-las-tormentas-5-viento-y-verdad-tapa-dura\/","title":{"rendered":"El Archivo de las Tormentas 5. Viento y verdad (Tapa dura)"},"content":{"rendered":"<p><b>La esperada y explosiva conclusi\u00f3n del primer arco de la saga El Archivo de las Tormentas, obra cumbre de Brandon Sanderson, con m\u00e1s de diez millones de lectores en todo el mundo<\/b>.<\/p>\n<p>Dalinar Kholin desafi\u00f3 al malvado dios Odium a un duelo de campeones en el que se decidir\u00e1 el futuro de Roshar. Los Caballeros Radiantes solo tienen diez d\u00edas para prepararse&#8230; y la repentina ascensi\u00f3n del taimado e implacable Taravangian al puesto de Odium lo ha sumido todo en una tremenda confusi\u00f3n.<\/p>\n<p>La lucha desesperada prosigue simult\u00e1neamente a lo largo y ancho del mundo: Adolin en Azimir, Sigzil y Venli en las Llanuras Quebradas y Jasnah en Ciudad Thaylen. El exasesino Seth deber\u00e1 purgar Shinovar, su tierra natal, de la oscura influencia de los Deshechos. Lo acompa\u00f1a Kaladin, que afronta una nueva batalla ayudando a Seth a combatir sus propios demonios&#8230; y tendr\u00e1 que hacer lo mismo con Ishar, el demente Heraldo del Todopoderoso.<\/p>\n<p>Al mismo tiempo, Shallan, Renarin y Rlain se esfuerzan en desentra\u00f1ar el misterio que hay tras la Deshecha Ba-Ado-Mishram, el de qu\u00e9 papel tuvo en la esclavizaci\u00f3n de la especie cantora y en el hecho de que los antiguos Caballeros Radiantes mataran a sus spren. Y Dalinar y Navani buscan una ventaja contra el campe\u00f3n de Odium que solo puede hallarse en el Reino Espiritual, donde el recuerdo y la posibilidad se combinan en el caos. El destino de todo el Cosmere pende de un hilo.<\/p>\n","protected":false},"excerpt":{"rendered":"<p>Brandon Sanderson<\/p>\n<p>1408 p\u00e1ginas<\/p>\n","protected":false},"featured_media":6961,"template":"","meta":{"_joinchat":[]},"product_brand":[],"product_cat":[39,70],"product_tag":[34],"class_list":{"0":"post-6960","1":"product","2":"type-product","3":"status-publish","4":"has-post-thumbnail","6":"product_cat-fantasia","7":"product_cat-novedades","8":"product_tag-penguin-random-house","10":"first","11":"outofstock","12":"shipping-taxable","13":"purchasable","14":"product-type-simple"},"_links":{"self":[{"href":"https:\/\/libreriahistoriasdebolsillo.com\/index.php\/wp-json\/wp\/v2\/product\/6960","targetHints":{"allow":["GET"]}}],"collection":[{"href":"https:\/\/libreriahistoriasdebolsillo.com\/index.php\/wp-json\/wp\/v2\/product"}],"about":[{"href":"https:\/\/libreriahistoriasdebolsillo.com\/index.php\/wp-json\/wp\/v2\/types\/product"}],"wp:featuredmedia":[{"embeddable":true,"href":"https:\/\/libreriahistoriasdebolsillo.com\/index.php\/wp-json\/wp\/v2\/media\/6961"}],"wp:attachment":[{"href":"https:\/\/libreriahistoriasdebolsillo.com\/index.php\/wp-json\/wp\/v2\/media?parent=6960"}],"wp:term":[{"taxonomy":"product_brand","embeddable":true,"href":"https:\/\/libreriahistoriasdebolsillo.com\/index.php\/wp-json\/wp\/v2\/product_brand?post=6960"},{"taxonomy":"product_cat","embeddable":true,"href":"https:\/\/libreriahistoriasdebolsillo.com\/index.php\/wp-json\/wp\/v2\/product_cat?post=6960"},{"taxonomy":"product_tag","embeddable":true,"href":"https:\/\/libreriahistoriasdebolsillo.com\/index.php\/wp-json\/wp\/v2\/product_tag?post=6960"}],"curies":[{"name":"wp","href":"https:\/\/api.w.org\/{rel}","templated":true}]}}