{"id":6962,"date":"2025-06-26T10:27:31","date_gmt":"2025-06-26T16:27:31","guid":{"rendered":"https:\/\/libreriahistoriasdebolsillo.com\/?post_type=product&#038;p=6962"},"modified":"2025-10-16T20:17:13","modified_gmt":"2025-10-17T02:17:13","slug":"de-hombre-en-hombre","status":"publish","type":"product","link":"https:\/\/libreriahistoriasdebolsillo.com\/index.php\/producto\/de-hombre-en-hombre\/","title":{"rendered":"De hombre en hombre"},"content":{"rendered":"<p><b>En la Sud\u00e1frica colonial del siglo XIX<\/b>, dos ni\u00f1as blancas de origen ingl\u00e9s nacen y se cr\u00edan en una granja<i>.<\/i>\u00a0La hermana mayor se casa con un exitoso hombre de negocios, pero, due\u00f1a de un esp\u00edritu curioso y adelantado a su \u00e9poca, no dejar\u00e1 nunca de luchar por la igualdad en el matrimonio. La hermana menor, en cambio, tras sufrir abusos a los quince a\u00f1os por parte de su tutor, se ver\u00e1 condenada al ostracismo y buscar\u00e1 la manera de desaparecer de la faz de la tierra.<\/p>\n<p><i>De hombre en hombre<\/i>\u00a0es una apasionante novela sobre el amor fraterno, el colonalismo y la subyugaci\u00f3n de las mujeres en la sociedad victoriana. Su autora, Olive Schreiner, una de las escritoras m\u00e1s c\u00e9lebres de la Sud\u00e1frica colonial de finales del siglo XIX y principios del XX, trabaj\u00f3 en ella durante m\u00e1s de cuarenta a\u00f1os, hasta su muerte en 1920. Adem\u00e1s de ser conocida por sus novelas y cr\u00f3nicas sobre las costumbres sudafricanas, fue una pionera del feminismo y una gran reformadora social antirracista. Seis a\u00f1os despu\u00e9s de su muerte, una versi\u00f3n inacabada de esta novela logr\u00f3 ver la luz. Casi un siglo despu\u00e9s, el premio Nobel J.M. Coetzee redescubre este gran cl\u00e1sico, in\u00e9dito hasta ahora en lengua espa\u00f1ola y, guiado por una profunda admiraci\u00f3n por \u00abel genio literario de Schreiner\u00bb, decide editarlo y a\u00f1adirle un final acorde a nuestros tiempos.<\/p>\n","protected":false},"excerpt":{"rendered":"<p>Olive Schreiner<br \/>\n328 p\u00e1ginas<\/p>\n","protected":false},"featured_media":6963,"template":"","meta":{"_joinchat":[]},"product_brand":[],"product_cat":[33,56,70],"product_tag":[34],"class_list":{"0":"post-6962","1":"product","2":"type-product","3":"status-publish","4":"has-post-thumbnail","6":"product_cat-ficcion-general","7":"product_cat-historica","8":"product_cat-novedades","9":"product_tag-penguin-random-house","11":"first","12":"outofstock","13":"shipping-taxable","14":"purchasable","15":"product-type-simple"},"_links":{"self":[{"href":"https:\/\/libreriahistoriasdebolsillo.com\/index.php\/wp-json\/wp\/v2\/product\/6962","targetHints":{"allow":["GET"]}}],"collection":[{"href":"https:\/\/libreriahistoriasdebolsillo.com\/index.php\/wp-json\/wp\/v2\/product"}],"about":[{"href":"https:\/\/libreriahistoriasdebolsillo.com\/index.php\/wp-json\/wp\/v2\/types\/product"}],"wp:featuredmedia":[{"embeddable":true,"href":"https:\/\/libreriahistoriasdebolsillo.com\/index.php\/wp-json\/wp\/v2\/media\/6963"}],"wp:attachment":[{"href":"https:\/\/libreriahistoriasdebolsillo.com\/index.php\/wp-json\/wp\/v2\/media?parent=6962"}],"wp:term":[{"taxonomy":"product_brand","embeddable":true,"href":"https:\/\/libreriahistoriasdebolsillo.com\/index.php\/wp-json\/wp\/v2\/product_brand?post=6962"},{"taxonomy":"product_cat","embeddable":true,"href":"https:\/\/libreriahistoriasdebolsillo.com\/index.php\/wp-json\/wp\/v2\/product_cat?post=6962"},{"taxonomy":"product_tag","embeddable":true,"href":"https:\/\/libreriahistoriasdebolsillo.com\/index.php\/wp-json\/wp\/v2\/product_tag?post=6962"}],"curies":[{"name":"wp","href":"https:\/\/api.w.org\/{rel}","templated":true}]}}