{"id":6966,"date":"2025-06-27T10:24:46","date_gmt":"2025-06-27T16:24:46","guid":{"rendered":"https:\/\/libreriahistoriasdebolsillo.com\/?post_type=product&#038;p=6966"},"modified":"2025-06-27T10:27:13","modified_gmt":"2025-06-27T16:27:13","slug":"la-ciencia-de-hacerse-rico","status":"publish","type":"product","link":"https:\/\/libreriahistoriasdebolsillo.com\/index.php\/producto\/la-ciencia-de-hacerse-rico\/","title":{"rendered":"La ciencia de hacerse rico"},"content":{"rendered":"<p>El hecho es que es imposible vivir una vida realmente completa o exitosa a menos que seas rico. Con la estructura social actual, nadie puede alcanzar la mayor altura posible en el desarrollo del talento o del alma a menos que tenga mucho dinero. Escrito en 1910, La ciencia de hacerse rico le mostrar\u00e1 c\u00f3mo superar el bagaje emocional o las circunstancias negativas para atraer riqueza y \u00e9xito, en todas sus formas, a su vida. Dentro de las p\u00e1ginas de este poderoso libro, Wattles va directamente a la fuente de la Ley de Atracci\u00f3n y, en un lenguaje sencillo y f\u00e1cil de entender, le ense\u00f1a c\u00f3mo usarla para sacar el m\u00e1ximo provecho. Rhonda Byrne lo cit\u00f3 como una de sus principales fuentes de inspiraci\u00f3n para su exitoso libro \u201cEl Secreto\u201d.<\/p>\n","protected":false},"excerpt":{"rendered":"<p>Wallace Wattles<\/p>\n<p>102 p\u00e1ginas<\/p>\n","protected":false},"featured_media":6967,"template":"","meta":{"_joinchat":[]},"product_brand":[],"product_cat":[58,41],"product_tag":[48],"class_list":{"0":"post-6966","1":"product","2":"type-product","3":"status-publish","4":"has-post-thumbnail","6":"product_cat-desarrollo-humano-y-superacion","7":"product_cat-desarrollo-humano","8":"product_tag-vr-editoras","10":"first","11":"instock","12":"shipping-taxable","13":"purchasable","14":"product-type-simple"},"_links":{"self":[{"href":"https:\/\/libreriahistoriasdebolsillo.com\/index.php\/wp-json\/wp\/v2\/product\/6966","targetHints":{"allow":["GET"]}}],"collection":[{"href":"https:\/\/libreriahistoriasdebolsillo.com\/index.php\/wp-json\/wp\/v2\/product"}],"about":[{"href":"https:\/\/libreriahistoriasdebolsillo.com\/index.php\/wp-json\/wp\/v2\/types\/product"}],"wp:featuredmedia":[{"embeddable":true,"href":"https:\/\/libreriahistoriasdebolsillo.com\/index.php\/wp-json\/wp\/v2\/media\/6967"}],"wp:attachment":[{"href":"https:\/\/libreriahistoriasdebolsillo.com\/index.php\/wp-json\/wp\/v2\/media?parent=6966"}],"wp:term":[{"taxonomy":"product_brand","embeddable":true,"href":"https:\/\/libreriahistoriasdebolsillo.com\/index.php\/wp-json\/wp\/v2\/product_brand?post=6966"},{"taxonomy":"product_cat","embeddable":true,"href":"https:\/\/libreriahistoriasdebolsillo.com\/index.php\/wp-json\/wp\/v2\/product_cat?post=6966"},{"taxonomy":"product_tag","embeddable":true,"href":"https:\/\/libreriahistoriasdebolsillo.com\/index.php\/wp-json\/wp\/v2\/product_tag?post=6966"}],"curies":[{"name":"wp","href":"https:\/\/api.w.org\/{rel}","templated":true}]}}