{"id":697,"date":"2023-11-20T13:18:57","date_gmt":"2023-11-20T19:18:57","guid":{"rendered":"https:\/\/libreriahistoriasdebolsillo.com\/?post_type=product&#038;p=697"},"modified":"2025-06-28T11:04:22","modified_gmt":"2025-06-28T17:04:22","slug":"farsa-de-amor-a-la-espanola","status":"publish","type":"product","link":"https:\/\/libreriahistoriasdebolsillo.com\/index.php\/producto\/farsa-de-amor-a-la-espanola\/","title":{"rendered":"Farsa de amor a la espa\u00f1ola"},"content":{"rendered":"<p>Catalina est\u00e1 desesperada. Cuatro semanas no son demasiado para que encuentre a alguien dispuesto a acompa\u00f1arla a la boda de su hermana al otro lado del Atl\u00e1ntico, y menos a\u00fan que finja que la ama. Pero lo m\u00e1s rid\u00edculo de todo es que sea Aaron Blackford, su compa\u00f1ero de trabajo al que no soporta, quien se ofrezca a hacerlo. Ahora Lina deber\u00e1 sopesar qu\u00e9 es peor: aguantar a Aaron, con su aire petulante y sus ojos de hielo, o admitirle a su familia que ha mentido y que es toda una farsa. Como dir\u00eda su abuela: que Dios nos pille confesados.<\/p>\n","protected":false},"excerpt":{"rendered":"<p>Elena Armas<\/p>\n","protected":false},"featured_media":698,"template":"","meta":{"_joinchat":[]},"product_brand":[],"product_cat":[35],"product_tag":[48],"class_list":{"0":"post-697","1":"product","2":"type-product","3":"status-publish","4":"has-post-thumbnail","6":"product_cat-romantica","7":"product_tag-vr-editoras","9":"first","10":"instock","11":"shipping-taxable","12":"purchasable","13":"product-type-simple"},"_links":{"self":[{"href":"https:\/\/libreriahistoriasdebolsillo.com\/index.php\/wp-json\/wp\/v2\/product\/697","targetHints":{"allow":["GET"]}}],"collection":[{"href":"https:\/\/libreriahistoriasdebolsillo.com\/index.php\/wp-json\/wp\/v2\/product"}],"about":[{"href":"https:\/\/libreriahistoriasdebolsillo.com\/index.php\/wp-json\/wp\/v2\/types\/product"}],"wp:featuredmedia":[{"embeddable":true,"href":"https:\/\/libreriahistoriasdebolsillo.com\/index.php\/wp-json\/wp\/v2\/media\/698"}],"wp:attachment":[{"href":"https:\/\/libreriahistoriasdebolsillo.com\/index.php\/wp-json\/wp\/v2\/media?parent=697"}],"wp:term":[{"taxonomy":"product_brand","embeddable":true,"href":"https:\/\/libreriahistoriasdebolsillo.com\/index.php\/wp-json\/wp\/v2\/product_brand?post=697"},{"taxonomy":"product_cat","embeddable":true,"href":"https:\/\/libreriahistoriasdebolsillo.com\/index.php\/wp-json\/wp\/v2\/product_cat?post=697"},{"taxonomy":"product_tag","embeddable":true,"href":"https:\/\/libreriahistoriasdebolsillo.com\/index.php\/wp-json\/wp\/v2\/product_tag?post=697"}],"curies":[{"name":"wp","href":"https:\/\/api.w.org\/{rel}","templated":true}]}}