{"id":6970,"date":"2025-06-27T10:34:09","date_gmt":"2025-06-27T16:34:09","guid":{"rendered":"https:\/\/libreriahistoriasdebolsillo.com\/?post_type=product&#038;p=6970"},"modified":"2025-06-27T10:34:09","modified_gmt":"2025-06-27T16:34:09","slug":"mas-vivo-que-el-diablo","status":"publish","type":"product","link":"https:\/\/libreriahistoriasdebolsillo.com\/index.php\/producto\/mas-vivo-que-el-diablo\/","title":{"rendered":"M\u00e1s vivo que el diablo"},"content":{"rendered":"<p>Napoleon Hill es uno de los autores m\u00e1s le\u00eddos del mundo en el campo del autoconocimiento y sus ideas han influido en toda una generaci\u00f3n de l\u00edderes con el objetivo de buscar el \u00e9xito, la realizaci\u00f3n personal y la felicidad. Extremadamente provocativo, cautivador y profundo, escribi\u00f3 este libro en 1938, poco despu\u00e9s del lanzamiento de su famoso libro Piense y h\u00e1gase rico. Pero el manuscrito m\u00e1s inteligente sobre el Diablo sigui\u00f3 oculto, en secreto, pues su lanzamiento no fue autorizado por considerarse muy controvertido para su familia, sus amigos y sus consejeros, especialmente para sus hermanos de iglesia.<\/p>\n","protected":false},"excerpt":{"rendered":"<p>Napoleon Hill<\/p>\n<p>202 p\u00e1ginas<\/p>\n","protected":false},"featured_media":6971,"template":"","meta":{"_joinchat":[]},"product_brand":[],"product_cat":[58,41],"product_tag":[48],"class_list":{"0":"post-6970","1":"product","2":"type-product","3":"status-publish","4":"has-post-thumbnail","6":"product_cat-desarrollo-humano-y-superacion","7":"product_cat-desarrollo-humano","8":"product_tag-vr-editoras","10":"first","11":"instock","12":"shipping-taxable","13":"purchasable","14":"product-type-simple"},"_links":{"self":[{"href":"https:\/\/libreriahistoriasdebolsillo.com\/index.php\/wp-json\/wp\/v2\/product\/6970","targetHints":{"allow":["GET"]}}],"collection":[{"href":"https:\/\/libreriahistoriasdebolsillo.com\/index.php\/wp-json\/wp\/v2\/product"}],"about":[{"href":"https:\/\/libreriahistoriasdebolsillo.com\/index.php\/wp-json\/wp\/v2\/types\/product"}],"wp:featuredmedia":[{"embeddable":true,"href":"https:\/\/libreriahistoriasdebolsillo.com\/index.php\/wp-json\/wp\/v2\/media\/6971"}],"wp:attachment":[{"href":"https:\/\/libreriahistoriasdebolsillo.com\/index.php\/wp-json\/wp\/v2\/media?parent=6970"}],"wp:term":[{"taxonomy":"product_brand","embeddable":true,"href":"https:\/\/libreriahistoriasdebolsillo.com\/index.php\/wp-json\/wp\/v2\/product_brand?post=6970"},{"taxonomy":"product_cat","embeddable":true,"href":"https:\/\/libreriahistoriasdebolsillo.com\/index.php\/wp-json\/wp\/v2\/product_cat?post=6970"},{"taxonomy":"product_tag","embeddable":true,"href":"https:\/\/libreriahistoriasdebolsillo.com\/index.php\/wp-json\/wp\/v2\/product_tag?post=6970"}],"curies":[{"name":"wp","href":"https:\/\/api.w.org\/{rel}","templated":true}]}}