{"id":6972,"date":"2025-06-27T10:36:24","date_gmt":"2025-06-27T16:36:24","guid":{"rendered":"https:\/\/libreriahistoriasdebolsillo.com\/?post_type=product&#038;p=6972"},"modified":"2025-06-27T10:36:24","modified_gmt":"2025-06-27T16:36:24","slug":"la-formula-de-la-autoconfianza","status":"publish","type":"product","link":"https:\/\/libreriahistoriasdebolsillo.com\/index.php\/producto\/la-formula-de-la-autoconfianza\/","title":{"rendered":"La f\u00f3rmula de la autoconfianza"},"content":{"rendered":"<p>La confianza en uno mismo puede entenderse como la columna vertebral del m\u00e9todo de \u00e9xito de Hill. Pero a pesar de ser crucial para la prosperidad y la felicidad, este rasgo est\u00e1 muy poco desarrollado en la mayor\u00eda de los individuos. Casi todos los seres humanos del mundo actual se mueven por la vida sin rumbo, mirando al suelo en lugar de hacia arriba y hacia delante, hacia las riquezas financieras, espirituales y emocionales que podr\u00edan recurrir. Permiten que las opiniones externas dicten c\u00f3mo deben actuar y ver el mundo. Se acab\u00f3 el tiempo de la duda y la autocr\u00edtica. La confianza en ti mismo y tu capacidad para satisfacer tu principal deseo marcan la diferencia entre el \u00e9xito y el fracaso. En la balanza est\u00e1 tu seguridad emocional y financiera. Hoy \u2014en este mismo instante\u2014 emprendes un viaje para descubrir, reconocer y compartir tus puntos fuertes de modo que puedas recuperar la energ\u00eda y la motivaci\u00f3n que necesitas para alcanzar tus objetivos. Este libro te prepara, con las estrategias recomendadas por Napoleon Hill, a controlar tus pensamientos con el fin de aumentar la autoconfianza. Despu\u00e9s de leerlo, no solo ser\u00e1s capaz de manejarte en un plano superior de pensamiento y acci\u00f3n \u2014atrayendo m\u00e1s oportunidades, ganando influencia y disfrutando de mejores relaciones\u2014, sino tambi\u00e9n de inculcar esta cualidad cr\u00edtica a los dem\u00e1s.<\/p>\n","protected":false},"excerpt":{"rendered":"<p>Napoleon Hill<\/p>\n<p>146 p\u00e1ginas<\/p>\n","protected":false},"featured_media":6973,"template":"","meta":{"_joinchat":[]},"product_brand":[],"product_cat":[58,41],"product_tag":[48],"class_list":{"0":"post-6972","1":"product","2":"type-product","3":"status-publish","4":"has-post-thumbnail","6":"product_cat-desarrollo-humano-y-superacion","7":"product_cat-desarrollo-humano","8":"product_tag-vr-editoras","10":"first","11":"instock","12":"shipping-taxable","13":"purchasable","14":"product-type-simple"},"_links":{"self":[{"href":"https:\/\/libreriahistoriasdebolsillo.com\/index.php\/wp-json\/wp\/v2\/product\/6972","targetHints":{"allow":["GET"]}}],"collection":[{"href":"https:\/\/libreriahistoriasdebolsillo.com\/index.php\/wp-json\/wp\/v2\/product"}],"about":[{"href":"https:\/\/libreriahistoriasdebolsillo.com\/index.php\/wp-json\/wp\/v2\/types\/product"}],"wp:featuredmedia":[{"embeddable":true,"href":"https:\/\/libreriahistoriasdebolsillo.com\/index.php\/wp-json\/wp\/v2\/media\/6973"}],"wp:attachment":[{"href":"https:\/\/libreriahistoriasdebolsillo.com\/index.php\/wp-json\/wp\/v2\/media?parent=6972"}],"wp:term":[{"taxonomy":"product_brand","embeddable":true,"href":"https:\/\/libreriahistoriasdebolsillo.com\/index.php\/wp-json\/wp\/v2\/product_brand?post=6972"},{"taxonomy":"product_cat","embeddable":true,"href":"https:\/\/libreriahistoriasdebolsillo.com\/index.php\/wp-json\/wp\/v2\/product_cat?post=6972"},{"taxonomy":"product_tag","embeddable":true,"href":"https:\/\/libreriahistoriasdebolsillo.com\/index.php\/wp-json\/wp\/v2\/product_tag?post=6972"}],"curies":[{"name":"wp","href":"https:\/\/api.w.org\/{rel}","templated":true}]}}