{"id":6976,"date":"2025-06-27T10:40:42","date_gmt":"2025-06-27T16:40:42","guid":{"rendered":"https:\/\/libreriahistoriasdebolsillo.com\/?post_type=product&#038;p=6976"},"modified":"2025-06-27T10:40:43","modified_gmt":"2025-06-27T16:40:43","slug":"habitos-millonarios","status":"publish","type":"product","link":"https:\/\/libreriahistoriasdebolsillo.com\/index.php\/producto\/habitos-millonarios\/","title":{"rendered":"H\u00e1bitos millonarios"},"content":{"rendered":"<p>Napoleon Hill, el legendario autor de los cl\u00e1sicos bestsellers Piense y h\u00e1gase rico y M\u00e1s vivo que el diablo fue inmortalizado por sus contribuciones al g\u00e9nero del desarrollo personal. En este trabajo in\u00e9dito, Hill comparte h\u00e1bitos-llaves que ofrecen la base para el \u00e9xito en el cambio de vida. H\u00e1bitos millonarios explica las reglas fundamentales que construyen una vida pr\u00f3spera y revisa conceptos ya consolidados de Hill, planteados de una manera totalmente nueva y aplicada a su rutina. \u00abNecesito hacerte una advertencia: si crees que H\u00e1bitos millonarios es solo un libro m\u00e1s de autoayuda de los que existen por ah\u00ed, te est\u00e1s enga\u00f1ando. Este libro, a diferencia de los otros, es el fruto de un estudio real, de muchos a\u00f1os atr\u00e1s, y que consigui\u00f3 con \u00e9xito identificar los h\u00e1bitos que forman parte del cotidiano de las personas de \u00e9xito. . Lo que \u00e9l propone no es un invento, sino algo a\u00fan m\u00e1s valioso: expone la prueba de que las personas m\u00e1s exitosas del mundo tienen los mismos h\u00e1bitos, y procura ense\u00f1arte cu\u00e1les son esos h\u00e1bitos\u00bb. Thiago Nigro Emprendedor y el idealizador del canal O Primo Rico. \u00abPero cuando adquirimos el h\u00e1bito millonario, vamos siendo elevados, poco a poco y de manera constante, por altas fuerzas, hasta que un d\u00eda nos damos cuenta de que estamos en el equipo de los campeones: produciendo riqueza para nosotros y para nuestra comunidad, viviendo con alegr\u00eda, paz, amor y salud\u00bb. Jamil Albuquerque Consejero Mundial de la Fundaci\u00f3n Napoleon Hill Siendo en origen una serie de conferencias de radio en Missouri, este libro est\u00e1 repleto de insights e historias personales y est\u00e1 escrito en un estilo de lectura accesible. Los insights de Hill se aplican a todas las facetas de la vida, inspirando a los lectores a apoyarse en sus principios con el fin de alcanzar sus propias aspiraciones y crear las vidas de \u00e9xito con las que siempre so\u00f1aron.<\/p>\n","protected":false},"excerpt":{"rendered":"<p>Napoleon Hill<\/p>\n<p>150 p\u00e1ginas<\/p>\n","protected":false},"featured_media":6977,"template":"","meta":{"_joinchat":[]},"product_brand":[],"product_cat":[58,41],"product_tag":[48],"class_list":{"0":"post-6976","1":"product","2":"type-product","3":"status-publish","4":"has-post-thumbnail","6":"product_cat-desarrollo-humano-y-superacion","7":"product_cat-desarrollo-humano","8":"product_tag-vr-editoras","10":"first","11":"instock","12":"shipping-taxable","13":"purchasable","14":"product-type-simple"},"_links":{"self":[{"href":"https:\/\/libreriahistoriasdebolsillo.com\/index.php\/wp-json\/wp\/v2\/product\/6976","targetHints":{"allow":["GET"]}}],"collection":[{"href":"https:\/\/libreriahistoriasdebolsillo.com\/index.php\/wp-json\/wp\/v2\/product"}],"about":[{"href":"https:\/\/libreriahistoriasdebolsillo.com\/index.php\/wp-json\/wp\/v2\/types\/product"}],"wp:featuredmedia":[{"embeddable":true,"href":"https:\/\/libreriahistoriasdebolsillo.com\/index.php\/wp-json\/wp\/v2\/media\/6977"}],"wp:attachment":[{"href":"https:\/\/libreriahistoriasdebolsillo.com\/index.php\/wp-json\/wp\/v2\/media?parent=6976"}],"wp:term":[{"taxonomy":"product_brand","embeddable":true,"href":"https:\/\/libreriahistoriasdebolsillo.com\/index.php\/wp-json\/wp\/v2\/product_brand?post=6976"},{"taxonomy":"product_cat","embeddable":true,"href":"https:\/\/libreriahistoriasdebolsillo.com\/index.php\/wp-json\/wp\/v2\/product_cat?post=6976"},{"taxonomy":"product_tag","embeddable":true,"href":"https:\/\/libreriahistoriasdebolsillo.com\/index.php\/wp-json\/wp\/v2\/product_tag?post=6976"}],"curies":[{"name":"wp","href":"https:\/\/api.w.org\/{rel}","templated":true}]}}