{"id":6978,"date":"2025-06-27T10:44:04","date_gmt":"2025-06-27T16:44:04","guid":{"rendered":"https:\/\/libreriahistoriasdebolsillo.com\/?post_type=product&#038;p=6978"},"modified":"2025-08-30T12:34:31","modified_gmt":"2025-08-30T18:34:31","slug":"la-psicologia-positiva-de-napoleon-hill","status":"publish","type":"product","link":"https:\/\/libreriahistoriasdebolsillo.com\/index.php\/producto\/la-psicologia-positiva-de-napoleon-hill\/","title":{"rendered":"La psicolog\u00eda positiva de Napoleon Hill"},"content":{"rendered":"<p>Una actitud positiva tiene el poder de cambiar tu vida, solo depende de tus elecciones. Al poner fin a los h\u00e1bitos de pensamiento negativos, podr\u00e1s embarcarte en un nuevo comienzo y alcanzar tus objetivos m\u00e1s elevados. Las claves para el pensamiento positivo de Napoleon Hill proporcionan un plan comprobado de 10 pasos para ayudarte a lograr salud, riqueza y \u00e9xito. En esta gu\u00eda sencilla y esclarecedora, descubrir\u00e1s los secretos de: \u2022 Mantenerte enfocado en tus metas y objetivos \u2022 Convertir los problemas en oportunidades \u2022 Superar el miedo al fracaso \u2022 Canalizar la energ\u00eda creativa \u2022 Maximizar tus talentos \u00fanicos&#8230; y mucho m\u00e1s Repleto de consejos inspiradores y la sabidur\u00eda atemporal caracter\u00edstica de Napoleon Hill, este poderoso libro te ayudar\u00e1 a implementar y mantener una actitud mental positiva. Porque si puedes creerlo, puedes hacerlo.<\/p>\n","protected":false},"excerpt":{"rendered":"<p>Napoleon Hill y Michael J. Ritt Jr<\/p>\n<p>172 p\u00e1ginas<\/p>\n","protected":false},"featured_media":6979,"template":"","meta":{"_joinchat":[]},"product_brand":[],"product_cat":[58,41],"product_tag":[48],"class_list":{"0":"post-6978","1":"product","2":"type-product","3":"status-publish","4":"has-post-thumbnail","6":"product_cat-desarrollo-humano-y-superacion","7":"product_cat-desarrollo-humano","8":"product_tag-vr-editoras","10":"first","11":"instock","12":"shipping-taxable","13":"purchasable","14":"product-type-simple"},"_links":{"self":[{"href":"https:\/\/libreriahistoriasdebolsillo.com\/index.php\/wp-json\/wp\/v2\/product\/6978","targetHints":{"allow":["GET"]}}],"collection":[{"href":"https:\/\/libreriahistoriasdebolsillo.com\/index.php\/wp-json\/wp\/v2\/product"}],"about":[{"href":"https:\/\/libreriahistoriasdebolsillo.com\/index.php\/wp-json\/wp\/v2\/types\/product"}],"wp:featuredmedia":[{"embeddable":true,"href":"https:\/\/libreriahistoriasdebolsillo.com\/index.php\/wp-json\/wp\/v2\/media\/6979"}],"wp:attachment":[{"href":"https:\/\/libreriahistoriasdebolsillo.com\/index.php\/wp-json\/wp\/v2\/media?parent=6978"}],"wp:term":[{"taxonomy":"product_brand","embeddable":true,"href":"https:\/\/libreriahistoriasdebolsillo.com\/index.php\/wp-json\/wp\/v2\/product_brand?post=6978"},{"taxonomy":"product_cat","embeddable":true,"href":"https:\/\/libreriahistoriasdebolsillo.com\/index.php\/wp-json\/wp\/v2\/product_cat?post=6978"},{"taxonomy":"product_tag","embeddable":true,"href":"https:\/\/libreriahistoriasdebolsillo.com\/index.php\/wp-json\/wp\/v2\/product_tag?post=6978"}],"curies":[{"name":"wp","href":"https:\/\/api.w.org\/{rel}","templated":true}]}}