{"id":6982,"date":"2025-06-27T10:48:43","date_gmt":"2025-06-27T16:48:43","guid":{"rendered":"https:\/\/libreriahistoriasdebolsillo.com\/?post_type=product&#038;p=6982"},"modified":"2025-06-27T10:48:43","modified_gmt":"2025-06-27T16:48:43","slug":"hazlo-ya","status":"publish","type":"product","link":"https:\/\/libreriahistoriasdebolsillo.com\/index.php\/producto\/hazlo-ya\/","title":{"rendered":"\u00a1Hazlo ya!"},"content":{"rendered":"<p>\u00a1HAZLO YA! Convi\u00e9rtete en el guionista de la historia de tu vida y en el creador de tu propio avance y \u00e9xito. El primer mandamiento del \u00e9xito de W. Clement Stone es \u00a1Hazlo ya! Teniendo en cuenta su punto de vista, aquellos de nosotros que seguimos sus consejos logramos m\u00e1s, tenemos menos estr\u00e9s, vivimos con menos remordimientos, nos volvemos m\u00e1s autodisciplinados y demostramos perseverancia personal. Todas estas cualidades contribuyen a hacer de nuestro mundo un lugar mejor para vivir simplemente haci\u00e9ndolo ahora. En su investigaci\u00f3n, el Dr. Napoleon Hill encontr\u00f3 que era necesario un sistema sincronizado de \u00e9xito que incluyera los principios de la interacci\u00f3n. Estos principios abordan los aspectos mental, social, f\u00edsico, emocional, financiero y espiritual del ser humano hol\u00edsticamente. Al leer un cap\u00edtulo a la semana y seguir adelante con las acciones apropiadas al mensaje, en un per\u00edodo muy corto de tiempo te reconocer\u00e1n por ser una persona que toma las riendas y avanza. Al tener iniciativa personal acompa\u00f1ada de una mentalidad positiva, decretar\u00e1s tu futuro en una sola acci\u00f3n. Empieza ahora, no demores tu recompensa. \u00a1Hazlo ya! Judith Williamson Directora Centro mundial de aprendizaje de Napoleon Hill.<\/p>\n","protected":false},"excerpt":{"rendered":"<p>Napoleon Hill<\/p>\n<p>214 p\u00e1ginas<\/p>\n","protected":false},"featured_media":6983,"template":"","meta":{"_joinchat":[]},"product_brand":[],"product_cat":[58,41],"product_tag":[48],"class_list":{"0":"post-6982","1":"product","2":"type-product","3":"status-publish","4":"has-post-thumbnail","6":"product_cat-desarrollo-humano-y-superacion","7":"product_cat-desarrollo-humano","8":"product_tag-vr-editoras","10":"first","11":"instock","12":"shipping-taxable","13":"purchasable","14":"product-type-simple"},"_links":{"self":[{"href":"https:\/\/libreriahistoriasdebolsillo.com\/index.php\/wp-json\/wp\/v2\/product\/6982","targetHints":{"allow":["GET"]}}],"collection":[{"href":"https:\/\/libreriahistoriasdebolsillo.com\/index.php\/wp-json\/wp\/v2\/product"}],"about":[{"href":"https:\/\/libreriahistoriasdebolsillo.com\/index.php\/wp-json\/wp\/v2\/types\/product"}],"wp:featuredmedia":[{"embeddable":true,"href":"https:\/\/libreriahistoriasdebolsillo.com\/index.php\/wp-json\/wp\/v2\/media\/6983"}],"wp:attachment":[{"href":"https:\/\/libreriahistoriasdebolsillo.com\/index.php\/wp-json\/wp\/v2\/media?parent=6982"}],"wp:term":[{"taxonomy":"product_brand","embeddable":true,"href":"https:\/\/libreriahistoriasdebolsillo.com\/index.php\/wp-json\/wp\/v2\/product_brand?post=6982"},{"taxonomy":"product_cat","embeddable":true,"href":"https:\/\/libreriahistoriasdebolsillo.com\/index.php\/wp-json\/wp\/v2\/product_cat?post=6982"},{"taxonomy":"product_tag","embeddable":true,"href":"https:\/\/libreriahistoriasdebolsillo.com\/index.php\/wp-json\/wp\/v2\/product_tag?post=6982"}],"curies":[{"name":"wp","href":"https:\/\/api.w.org\/{rel}","templated":true}]}}