{"id":6984,"date":"2025-06-27T10:50:49","date_gmt":"2025-06-27T16:50:49","guid":{"rendered":"https:\/\/libreriahistoriasdebolsillo.com\/?post_type=product&#038;p=6984"},"modified":"2025-08-09T12:00:40","modified_gmt":"2025-08-09T18:00:40","slug":"6984","status":"publish","type":"product","link":"https:\/\/libreriahistoriasdebolsillo.com\/index.php\/producto\/6984\/","title":{"rendered":"Manual de vida"},"content":{"rendered":"<p>\u00abLa esencia de la sabidur\u00eda estoica en aforismos de asombrosa perspicacia y sencillez. El primer y mejor libro de instrucciones de Occidente que ofrece reflexiones profundamente contempor\u00e1neas y pragm\u00e1ticas sobre la mejor manera de vivir, que es con serenidad y alegr\u00eda. El ejercicio contemplativo lleva al conocimiento y este a la serenidad de esp\u00edritu y, en \u00faltima instancia, a la felicidad. El Manual de vida de Epicteto es una colecci\u00f3n de preceptos que juntos proporcionan una poderosa filosof\u00eda para la vida diaria. Con gracia, pr\u00e1ctica y sabidur\u00eda, el manual aborda el vivir con integridad, autogesti\u00f3n y libertad personal. Se lo considera el pin\u00e1culo de la filosof\u00eda estoica, una escuela de pensamiento griego que se origin\u00f3 a principios del siglo III a. C., que sostiene que las emociones destructivas son el resultado de errores de juicio y ense\u00f1a una relaci\u00f3n activa entre la voluntad individual y el determinismo c\u00f3smico. Epicteto fue un fil\u00f3sofo estoico. Naci\u00f3 esclavo en la ciudad griega de Hier\u00e1polis y tras recibir su libertad, vivi\u00f3 y ense\u00f1\u00f3 en Roma hasta que un edicto imperial prohibi\u00f3 a todos los fil\u00f3sofos en la pen\u00ednsula it\u00e1lica. Luego, estableci\u00f3 una escuela de filosof\u00eda en Nic\u00f3polis, en el noroeste de Grecia. Sus ense\u00f1anzas fueron escritas y publicadas por su alumno Arriano en los ocho vol\u00famenes de los Discursos y el Manual. \u00ab<\/p>\n","protected":false},"excerpt":{"rendered":"<p>Epicteto<\/p>\n<p>126 p\u00e1ginas<\/p>\n","protected":false},"featured_media":6985,"template":"","meta":{"_joinchat":[]},"product_brand":[],"product_cat":[58,41],"product_tag":[48],"class_list":{"0":"post-6984","1":"product","2":"type-product","3":"status-publish","4":"has-post-thumbnail","6":"product_cat-desarrollo-humano-y-superacion","7":"product_cat-desarrollo-humano","8":"product_tag-vr-editoras","10":"first","11":"instock","12":"shipping-taxable","13":"purchasable","14":"product-type-simple"},"_links":{"self":[{"href":"https:\/\/libreriahistoriasdebolsillo.com\/index.php\/wp-json\/wp\/v2\/product\/6984","targetHints":{"allow":["GET"]}}],"collection":[{"href":"https:\/\/libreriahistoriasdebolsillo.com\/index.php\/wp-json\/wp\/v2\/product"}],"about":[{"href":"https:\/\/libreriahistoriasdebolsillo.com\/index.php\/wp-json\/wp\/v2\/types\/product"}],"wp:featuredmedia":[{"embeddable":true,"href":"https:\/\/libreriahistoriasdebolsillo.com\/index.php\/wp-json\/wp\/v2\/media\/6985"}],"wp:attachment":[{"href":"https:\/\/libreriahistoriasdebolsillo.com\/index.php\/wp-json\/wp\/v2\/media?parent=6984"}],"wp:term":[{"taxonomy":"product_brand","embeddable":true,"href":"https:\/\/libreriahistoriasdebolsillo.com\/index.php\/wp-json\/wp\/v2\/product_brand?post=6984"},{"taxonomy":"product_cat","embeddable":true,"href":"https:\/\/libreriahistoriasdebolsillo.com\/index.php\/wp-json\/wp\/v2\/product_cat?post=6984"},{"taxonomy":"product_tag","embeddable":true,"href":"https:\/\/libreriahistoriasdebolsillo.com\/index.php\/wp-json\/wp\/v2\/product_tag?post=6984"}],"curies":[{"name":"wp","href":"https:\/\/api.w.org\/{rel}","templated":true}]}}