{"id":6989,"date":"2025-06-27T11:07:20","date_gmt":"2025-06-27T17:07:20","guid":{"rendered":"https:\/\/libreriahistoriasdebolsillo.com\/?post_type=product&#038;p=6989"},"modified":"2025-06-27T11:07:20","modified_gmt":"2025-06-27T17:07:20","slug":"el-kybalion","status":"publish","type":"product","link":"https:\/\/libreriahistoriasdebolsillo.com\/index.php\/producto\/el-kybalion\/","title":{"rendered":"El Kybalion"},"content":{"rendered":"<p>El Kybalion es el libro que contiene las claves maestras o leyes universales basadas en las ense\u00f1anzas del misterioso maestro Hermes Trismegisto. Su impacto es tan transcendental que hasta las doctrinas m\u00e1s antiguas de la India en la actualidad fueron influenciadas por estos principios herm\u00e9ticos o leyes de Hermes. La filosof\u00eda herm\u00e9tica fue resguardada por los estudiantes de Hermes desde la antigua Mesopotamia, quienes se vieron forzados a ocultar las ense\u00f1anzas de los principios universales sobre alquimia a causa de las persecuciones durante la edad media. El Kybalion fue escrito por Los Tres Iniciados y contiene los pilares b\u00e1sicos de la \u201cAlquimia Herm\u00e9tica\u201d, cuyo significado real es de la transmutaci\u00f3n de las fuerzas mentales, es decir, ser capaz de realizar cambios a niveles de vibraci\u00f3n mental. Estas ense\u00f1anzas que sentaron las bases fundamentales del conocimiento esot\u00e9rico y fueron formuladas por Hermes, quien m\u00e1s tarde fue proclamado y reconocido como el \u201cMaestro de Maestros\u201d. Trismegisto significa \u201ctres veces grande\u201d y sus fieles seguidores lo adoraron como \u201cel origen de la sabidur\u00eda\u201d.<\/p>\n","protected":false},"excerpt":{"rendered":"<p>Tres iniciados<\/p>\n<p>112 p\u00e1ginas<\/p>\n","protected":false},"featured_media":6990,"template":"","meta":{"_joinchat":[]},"product_brand":[],"product_cat":[41],"product_tag":[48],"class_list":{"0":"post-6989","1":"product","2":"type-product","3":"status-publish","4":"has-post-thumbnail","6":"product_cat-desarrollo-humano","7":"product_tag-vr-editoras","9":"first","10":"instock","11":"shipping-taxable","12":"purchasable","13":"product-type-simple"},"_links":{"self":[{"href":"https:\/\/libreriahistoriasdebolsillo.com\/index.php\/wp-json\/wp\/v2\/product\/6989","targetHints":{"allow":["GET"]}}],"collection":[{"href":"https:\/\/libreriahistoriasdebolsillo.com\/index.php\/wp-json\/wp\/v2\/product"}],"about":[{"href":"https:\/\/libreriahistoriasdebolsillo.com\/index.php\/wp-json\/wp\/v2\/types\/product"}],"wp:featuredmedia":[{"embeddable":true,"href":"https:\/\/libreriahistoriasdebolsillo.com\/index.php\/wp-json\/wp\/v2\/media\/6990"}],"wp:attachment":[{"href":"https:\/\/libreriahistoriasdebolsillo.com\/index.php\/wp-json\/wp\/v2\/media?parent=6989"}],"wp:term":[{"taxonomy":"product_brand","embeddable":true,"href":"https:\/\/libreriahistoriasdebolsillo.com\/index.php\/wp-json\/wp\/v2\/product_brand?post=6989"},{"taxonomy":"product_cat","embeddable":true,"href":"https:\/\/libreriahistoriasdebolsillo.com\/index.php\/wp-json\/wp\/v2\/product_cat?post=6989"},{"taxonomy":"product_tag","embeddable":true,"href":"https:\/\/libreriahistoriasdebolsillo.com\/index.php\/wp-json\/wp\/v2\/product_tag?post=6989"}],"curies":[{"name":"wp","href":"https:\/\/api.w.org\/{rel}","templated":true}]}}