{"id":6991,"date":"2025-06-27T11:10:29","date_gmt":"2025-06-27T17:10:29","guid":{"rendered":"https:\/\/libreriahistoriasdebolsillo.com\/?post_type=product&#038;p=6991"},"modified":"2025-10-02T09:37:51","modified_gmt":"2025-10-02T15:37:51","slug":"asesinos-seriales-pack-2-libros","status":"publish","type":"product","link":"https:\/\/libreriahistoriasdebolsillo.com\/index.php\/producto\/asesinos-seriales-pack-2-libros\/","title":{"rendered":"Asesinos seriales (pack 2 libros)"},"content":{"rendered":"<p>Los asesinos seriales son aquellos que matan a tres o m\u00e1s personas en un lapso espaciado, es decir, dejando pasar un tiempo entre cada asesinato. Sus motivaciones son variadas y complejas, ya que pueden originarse en una multiplicidad de impulsos psicol\u00f3gicos que van desde las ansias de poder hasta la compulsi\u00f3n sexual. Sus cr\u00edmenes suelen ser perpetrados de una forma similar y sus v\u00edctimas, por lo general, comparten alguna caracter\u00edstica (profesi\u00f3n, raza, aspecto, edad o sexo). Nombres como los de Barbazul, Dr\u00e1cula, Jack el Destripador, el Estrangulador de Boston, el Petiso Orejudo, Landr\u00fa, el hijo de Sam y el Payaso Asesino, entre otros, se hicieron populares y sus historias se convirtieron en leyendas. Pero no fueron meros personajes de un folclore macabro. Existieron. Y sus actos fueron atroces. Hubo quienes ultimaron a un par de decenas, pero tambi\u00e9n est\u00e1n quienes superaron la marca de los doscientos. Cada uno tuvo su estilo y su cantidad, pero todos tuvieron algo en com\u00fan: fueron los asesinos m\u00e1s brutales de todos los tiempos. Esta obra compila cronol\u00f3gicamente la mayor informaci\u00f3n difundida sobre los nombres y las historias de ochenta y ocho de ellos. Los m\u00e1s famosos, los m\u00e1s prol\u00edferos, los m\u00e1s sangrientos. Narr\u00e1ndonos sus vidas, analizando sus patolog\u00edas, revelando sus destinos y describiendo cada uno de sus cr\u00edmenes, hasta en los detalles m\u00e1s escalofriantes. Dividida en dos tomos, esta edici\u00f3n de lujo contiene ilustraciones o fotograf\u00edas de cada uno de los asesinos. Adem\u00e1s se incorpor\u00f3, al final de cada historia, informaci\u00f3n de pel\u00edculas y series para que puedas seguir profundizando tu propia investigaci\u00f3n. Pr\u00f3logo del escritor Mat\u00edas Bragagnolo.<\/p>\n","protected":false},"excerpt":{"rendered":"<p>N\u00e9stor Durigon<\/p>\n<p>672 p\u00e1ginas<\/p>\n","protected":false},"featured_media":6992,"template":"","meta":{"_joinchat":[]},"product_brand":[],"product_cat":[41],"product_tag":[48],"class_list":{"0":"post-6991","1":"product","2":"type-product","3":"status-publish","4":"has-post-thumbnail","6":"product_cat-desarrollo-humano","7":"product_tag-vr-editoras","9":"first","10":"outofstock","11":"shipping-taxable","12":"purchasable","13":"product-type-simple"},"_links":{"self":[{"href":"https:\/\/libreriahistoriasdebolsillo.com\/index.php\/wp-json\/wp\/v2\/product\/6991","targetHints":{"allow":["GET"]}}],"collection":[{"href":"https:\/\/libreriahistoriasdebolsillo.com\/index.php\/wp-json\/wp\/v2\/product"}],"about":[{"href":"https:\/\/libreriahistoriasdebolsillo.com\/index.php\/wp-json\/wp\/v2\/types\/product"}],"wp:featuredmedia":[{"embeddable":true,"href":"https:\/\/libreriahistoriasdebolsillo.com\/index.php\/wp-json\/wp\/v2\/media\/6992"}],"wp:attachment":[{"href":"https:\/\/libreriahistoriasdebolsillo.com\/index.php\/wp-json\/wp\/v2\/media?parent=6991"}],"wp:term":[{"taxonomy":"product_brand","embeddable":true,"href":"https:\/\/libreriahistoriasdebolsillo.com\/index.php\/wp-json\/wp\/v2\/product_brand?post=6991"},{"taxonomy":"product_cat","embeddable":true,"href":"https:\/\/libreriahistoriasdebolsillo.com\/index.php\/wp-json\/wp\/v2\/product_cat?post=6991"},{"taxonomy":"product_tag","embeddable":true,"href":"https:\/\/libreriahistoriasdebolsillo.com\/index.php\/wp-json\/wp\/v2\/product_tag?post=6991"}],"curies":[{"name":"wp","href":"https:\/\/api.w.org\/{rel}","templated":true}]}}