{"id":6993,"date":"2025-06-27T11:13:12","date_gmt":"2025-06-27T17:13:12","guid":{"rendered":"https:\/\/libreriahistoriasdebolsillo.com\/?post_type=product&#038;p=6993"},"modified":"2025-06-27T11:13:12","modified_gmt":"2025-06-27T17:13:12","slug":"marco-aurelio","status":"publish","type":"product","link":"https:\/\/libreriahistoriasdebolsillo.com\/index.php\/producto\/marco-aurelio\/","title":{"rendered":"Marco Aurelio"},"content":{"rendered":"<p>LA BIOGRAF\u00cdA DEFINITIVA DEL EMPERADOR FIL\u00d3SOFO<\/p>\n<p>Se considera a Marco Aurelio (121-180 d. C.) uno de los mejores y m\u00e1s populares emperadores que tuvo Roma. La fascinaci\u00f3n por su figura, una de las m\u00e1s documentadas de la Antig\u00fcedad, va mucho m\u00e1s all\u00e1 de su sabidur\u00eda como gobernante, gracias a la correspondencia que mantuvo con su tutor Front\u00f3n, todo, a sus Meditaciones , obra maestra de la filosof\u00eda estoica.<\/p>\n<p>Con esta biograf\u00eda, Anthony Birley traza el m\u00e1s retrato que se ha hecho del hombre que llev\u00f3 al imperio a vivir su gran periodo \u00faltimo de esplendor y equilibrio. No solo profundiza de una forma accesible en la acci\u00f3n pol\u00edtica y militar de Marco Aurelio, sino que tambi\u00e9n hace emerger el car\u00e1cter m\u00e1s de un emperador que intent\u00f3 vivir de acuerdo con sus preceptos morales.<\/p>\n","protected":false},"excerpt":{"rendered":"<p>Anthony Birley<\/p>\n<p>448 p\u00e1ginas<\/p>\n","protected":false},"featured_media":6994,"template":"","meta":{"_joinchat":[]},"product_brand":[],"product_cat":[41],"product_tag":[48],"class_list":{"0":"post-6993","1":"product","2":"type-product","3":"status-publish","4":"has-post-thumbnail","6":"product_cat-desarrollo-humano","7":"product_tag-vr-editoras","9":"first","10":"instock","11":"shipping-taxable","12":"purchasable","13":"product-type-simple"},"_links":{"self":[{"href":"https:\/\/libreriahistoriasdebolsillo.com\/index.php\/wp-json\/wp\/v2\/product\/6993","targetHints":{"allow":["GET"]}}],"collection":[{"href":"https:\/\/libreriahistoriasdebolsillo.com\/index.php\/wp-json\/wp\/v2\/product"}],"about":[{"href":"https:\/\/libreriahistoriasdebolsillo.com\/index.php\/wp-json\/wp\/v2\/types\/product"}],"wp:featuredmedia":[{"embeddable":true,"href":"https:\/\/libreriahistoriasdebolsillo.com\/index.php\/wp-json\/wp\/v2\/media\/6994"}],"wp:attachment":[{"href":"https:\/\/libreriahistoriasdebolsillo.com\/index.php\/wp-json\/wp\/v2\/media?parent=6993"}],"wp:term":[{"taxonomy":"product_brand","embeddable":true,"href":"https:\/\/libreriahistoriasdebolsillo.com\/index.php\/wp-json\/wp\/v2\/product_brand?post=6993"},{"taxonomy":"product_cat","embeddable":true,"href":"https:\/\/libreriahistoriasdebolsillo.com\/index.php\/wp-json\/wp\/v2\/product_cat?post=6993"},{"taxonomy":"product_tag","embeddable":true,"href":"https:\/\/libreriahistoriasdebolsillo.com\/index.php\/wp-json\/wp\/v2\/product_tag?post=6993"}],"curies":[{"name":"wp","href":"https:\/\/api.w.org\/{rel}","templated":true}]}}