{"id":700,"date":"2023-11-20T13:21:25","date_gmt":"2023-11-20T19:21:25","guid":{"rendered":"https:\/\/libreriahistoriasdebolsillo.com\/?post_type=product&#038;p=700"},"modified":"2024-05-20T14:26:34","modified_gmt":"2024-05-20T20:26:34","slug":"jugamos","status":"publish","type":"product","link":"https:\/\/libreriahistoriasdebolsillo.com\/index.php\/producto\/jugamos\/","title":{"rendered":"\u00bfJugamos?"},"content":{"rendered":"<p>Soltar el pasado + Perdonarse = Abrirse al amor. Crey\u00f3 que una propuesta de matrimonio le permitir\u00eda escaparse, pero solo ha agregado m\u00e1s dolor a su vida. Nada sali\u00f3 como lo esperaba. La culpa por las decisiones equivocadas no la deja dormir y sus sue\u00f1os frustrados son una carga tan pesada\u2026 Cuando cre\u00eda que ya no era capaz de amar ni dejarse amar, todo cambia en su vida. \u00bfPODR\u00c1 NORA ANIMARSE A SER FELIZ?<\/p>\n","protected":false},"excerpt":{"rendered":"<p>Samantha Young<\/p>\n","protected":false},"featured_media":701,"template":"","meta":{"_joinchat":[]},"product_brand":[],"product_cat":[35],"product_tag":[48],"class_list":{"0":"post-700","1":"product","2":"type-product","3":"status-publish","4":"has-post-thumbnail","6":"product_cat-romantica","7":"product_tag-vr-editoras","9":"first","10":"instock","11":"shipping-taxable","12":"purchasable","13":"product-type-simple"},"_links":{"self":[{"href":"https:\/\/libreriahistoriasdebolsillo.com\/index.php\/wp-json\/wp\/v2\/product\/700","targetHints":{"allow":["GET"]}}],"collection":[{"href":"https:\/\/libreriahistoriasdebolsillo.com\/index.php\/wp-json\/wp\/v2\/product"}],"about":[{"href":"https:\/\/libreriahistoriasdebolsillo.com\/index.php\/wp-json\/wp\/v2\/types\/product"}],"wp:featuredmedia":[{"embeddable":true,"href":"https:\/\/libreriahistoriasdebolsillo.com\/index.php\/wp-json\/wp\/v2\/media\/701"}],"wp:attachment":[{"href":"https:\/\/libreriahistoriasdebolsillo.com\/index.php\/wp-json\/wp\/v2\/media?parent=700"}],"wp:term":[{"taxonomy":"product_brand","embeddable":true,"href":"https:\/\/libreriahistoriasdebolsillo.com\/index.php\/wp-json\/wp\/v2\/product_brand?post=700"},{"taxonomy":"product_cat","embeddable":true,"href":"https:\/\/libreriahistoriasdebolsillo.com\/index.php\/wp-json\/wp\/v2\/product_cat?post=700"},{"taxonomy":"product_tag","embeddable":true,"href":"https:\/\/libreriahistoriasdebolsillo.com\/index.php\/wp-json\/wp\/v2\/product_tag?post=700"}],"curies":[{"name":"wp","href":"https:\/\/api.w.org\/{rel}","templated":true}]}}