{"id":7000,"date":"2025-07-10T15:36:33","date_gmt":"2025-07-10T21:36:33","guid":{"rendered":"https:\/\/libreriahistoriasdebolsillo.com\/?post_type=product&#038;p=7000"},"modified":"2025-11-11T10:47:37","modified_gmt":"2025-11-11T16:47:37","slug":"operacion-shylock","status":"publish","type":"product","link":"https:\/\/libreriahistoriasdebolsillo.com\/index.php\/producto\/operacion-shylock\/","title":{"rendered":"Operaci\u00f3n Shylock"},"content":{"rendered":"<p><i><b>Operaci\u00f3n Shylock\u00a0<\/b><\/i><b>es una novela que se mantiene en la frontera entre el ensayo y la ficci\u00f3n, la seriedad y la alta comedia, la historia y la pesadilla.<\/b><\/p>\n<p>En este libro, diab\u00f3licamente imaginativo, que podr\u00eda -o no- ser una novela, Philip Roth conoce a un hombre que podr\u00eda -o no- ser Philip Roth. Porque alguien con ese nombre ha estado viajando por Israel, haciendo propaganda del Diasporismo, una ins\u00f3lita doctrina que pregona la necesidad de un nuevo \u00e9xodo, pero en direcci\u00f3n contraria. Roth intenta detenerle, incluso si esto significa hacerse pasar por su propio \u00abdoble\u00bb.<\/p>\n<p>Con un agud\u00edsimo suspense, una irreverente especulaci\u00f3n filos\u00f3fica y una serie de personajes que incluyen a agentes de inteligencia israel\u00edes, exiliados palestinos, criminales de guerra y un miembro de una organizaci\u00f3n llamada Antisemitas An\u00f3nimos,\u00a0<i>Operaci\u00f3n Shylock<\/i>\u00a0es un acertado juego entre realidad y ficci\u00f3n.<\/p>\n<p>En este libro, diab\u00f3licamente imaginativo, que podr\u00eda -o no- ser una novela, Philip Roth conoce a un hombre que podr\u00eda -o no- ser Philip Roth. Porque alguien con ese nombre ha estado viajando por Israel, haciendo propaganda del Diasporismo, una ins\u00f3lita doctrina que pregona la necesidad de un nuevo \u00e9xodo, pero en direcci\u00f3n contraria. Roth intenta detenerle, incluso si esto significa hacerse pasar por su propio \u00abdoble\u00bb.<\/p>\n<p>Con un agud\u00edsimo suspense, una irreverente especulaci\u00f3n filos\u00f3fica y una serie de personajes que incluyen a agentes de inteligencia israel\u00edes, exiliados palestinos, criminales de guerra y un miembro de una organizaci\u00f3n llamada Antisemitas An\u00f3nimos,\u00a0<i>Operaci\u00f3n Shylock<\/i>\u00a0es un acertado juego entre realidad y ficci\u00f3n.<\/p>\n","protected":false},"excerpt":{"rendered":"<p>Philip Roth<br \/>\n464 p\u00e1ginas<\/p>\n","protected":false},"featured_media":7001,"template":"","meta":{"_joinchat":[]},"product_brand":[],"product_cat":[33],"product_tag":[34],"class_list":{"0":"post-7000","1":"product","2":"type-product","3":"status-publish","4":"has-post-thumbnail","6":"product_cat-ficcion-general","7":"product_tag-penguin-random-house","9":"first","10":"outofstock","11":"shipping-taxable","12":"purchasable","13":"product-type-simple"},"_links":{"self":[{"href":"https:\/\/libreriahistoriasdebolsillo.com\/index.php\/wp-json\/wp\/v2\/product\/7000","targetHints":{"allow":["GET"]}}],"collection":[{"href":"https:\/\/libreriahistoriasdebolsillo.com\/index.php\/wp-json\/wp\/v2\/product"}],"about":[{"href":"https:\/\/libreriahistoriasdebolsillo.com\/index.php\/wp-json\/wp\/v2\/types\/product"}],"wp:featuredmedia":[{"embeddable":true,"href":"https:\/\/libreriahistoriasdebolsillo.com\/index.php\/wp-json\/wp\/v2\/media\/7001"}],"wp:attachment":[{"href":"https:\/\/libreriahistoriasdebolsillo.com\/index.php\/wp-json\/wp\/v2\/media?parent=7000"}],"wp:term":[{"taxonomy":"product_brand","embeddable":true,"href":"https:\/\/libreriahistoriasdebolsillo.com\/index.php\/wp-json\/wp\/v2\/product_brand?post=7000"},{"taxonomy":"product_cat","embeddable":true,"href":"https:\/\/libreriahistoriasdebolsillo.com\/index.php\/wp-json\/wp\/v2\/product_cat?post=7000"},{"taxonomy":"product_tag","embeddable":true,"href":"https:\/\/libreriahistoriasdebolsillo.com\/index.php\/wp-json\/wp\/v2\/product_tag?post=7000"}],"curies":[{"name":"wp","href":"https:\/\/api.w.org\/{rel}","templated":true}]}}