{"id":7002,"date":"2025-07-10T15:41:05","date_gmt":"2025-07-10T21:41:05","guid":{"rendered":"https:\/\/libreriahistoriasdebolsillo.com\/?post_type=product&#038;p=7002"},"modified":"2025-11-11T10:48:11","modified_gmt":"2025-11-11T16:48:11","slug":"nemesis","status":"publish","type":"product","link":"https:\/\/libreriahistoriasdebolsillo.com\/index.php\/producto\/nemesis\/","title":{"rendered":"N\u00e9mesis"},"content":{"rendered":"<p><b>Una novela extraordinaria donde Philip Roth vuelve a sorprendernos a trav\u00e9s de una epidemia.<\/b><\/p>\n<p>En el \u00abcalor sofocante de la Newark ecuatorial\u00bb una espantosa epidemia causa estragos y amenaza con dejar a los ni\u00f1os de la ciudad de Nueva Jersey mutilados, paralizados o minusv\u00e1lidos, e incluso con matarlos. Este es el sorprendente tema de la nueva y desgarradora obra de Roth: una epidemia de polio que tiene lugar en un tiempo de guerra, el verano de 1944, y sus efectos sobre la comunidad de Newark, regida por la cohesi\u00f3n y los valores de la familia, y sobre sus ni\u00f1os.<\/p>\n<p>El protagonista de\u00a0<i>N\u00e9mesis<\/i>\u00a0es Bucky Cantor, un joven responsable de las actividades al aire libre de los alumnos de una escuela, que vive volcado en ellos y frustrado por no haber podido ir a la guerra con sus coet\u00e1neos a causa de un defecto de visi\u00f3n. Cuando la polio empieza a asolar el patio de recreo, Roth se concentra en los dilemas de Cantor y en las emociones que una epidemia semejante puede engendrar: el miedo, la c\u00f3lera, el desconcierto, el sufrimiento y el dolor<\/p>\n<p>En esta novela volvemos a encontrar el sombr\u00edo interrogante que recorre las \u00faltimas cuatro novelas de Roth,\u00a0<i>Eleg\u00eda, Indignaci\u00f3n, La humillaci\u00f3n<\/i>\u00a0y ahora\u00a0<i>N\u00e9mesis:<\/i>\u00a0\u00bfqu\u00e9 decisiones determinan fatalmente la vida? \u00bfHasta qu\u00e9 punto somos impotentes ante las circunstancias?<\/p>\n","protected":false},"excerpt":{"rendered":"<p>Philip Roth<br \/>\n208 p\u00e1ginas<\/p>\n","protected":false},"featured_media":7003,"template":"","meta":{"_joinchat":[]},"product_brand":[],"product_cat":[33],"product_tag":[34],"class_list":{"0":"post-7002","1":"product","2":"type-product","3":"status-publish","4":"has-post-thumbnail","6":"product_cat-ficcion-general","7":"product_tag-penguin-random-house","9":"first","10":"outofstock","11":"shipping-taxable","12":"purchasable","13":"product-type-simple"},"_links":{"self":[{"href":"https:\/\/libreriahistoriasdebolsillo.com\/index.php\/wp-json\/wp\/v2\/product\/7002","targetHints":{"allow":["GET"]}}],"collection":[{"href":"https:\/\/libreriahistoriasdebolsillo.com\/index.php\/wp-json\/wp\/v2\/product"}],"about":[{"href":"https:\/\/libreriahistoriasdebolsillo.com\/index.php\/wp-json\/wp\/v2\/types\/product"}],"wp:featuredmedia":[{"embeddable":true,"href":"https:\/\/libreriahistoriasdebolsillo.com\/index.php\/wp-json\/wp\/v2\/media\/7003"}],"wp:attachment":[{"href":"https:\/\/libreriahistoriasdebolsillo.com\/index.php\/wp-json\/wp\/v2\/media?parent=7002"}],"wp:term":[{"taxonomy":"product_brand","embeddable":true,"href":"https:\/\/libreriahistoriasdebolsillo.com\/index.php\/wp-json\/wp\/v2\/product_brand?post=7002"},{"taxonomy":"product_cat","embeddable":true,"href":"https:\/\/libreriahistoriasdebolsillo.com\/index.php\/wp-json\/wp\/v2\/product_cat?post=7002"},{"taxonomy":"product_tag","embeddable":true,"href":"https:\/\/libreriahistoriasdebolsillo.com\/index.php\/wp-json\/wp\/v2\/product_tag?post=7002"}],"curies":[{"name":"wp","href":"https:\/\/api.w.org\/{rel}","templated":true}]}}