{"id":7004,"date":"2025-07-10T15:50:17","date_gmt":"2025-07-10T21:50:17","guid":{"rendered":"https:\/\/libreriahistoriasdebolsillo.com\/?post_type=product&#038;p=7004"},"modified":"2025-11-11T10:47:48","modified_gmt":"2025-11-11T16:47:48","slug":"la-humillacion","status":"publish","type":"product","link":"https:\/\/libreriahistoriasdebolsillo.com\/index.php\/producto\/la-humillacion\/","title":{"rendered":"La humillaci\u00f3n"},"content":{"rendered":"<p><b>La nueva novela de Philip Roth: otro acontecimiento editorial de primer orden.<\/b><\/p>\n<p>Para Simon Axler, uno de los principales actores teatrales norteamericanos,\u00a0<b>todo ha terminado<\/b>. Ya sexagenario, ha perdido su magia, su talento y la seguridad en s\u00ed mismo. Imagina que la gente se r\u00ede de \u00e9l, no puede fingir que es otra persona. Su mujer se ha ido, su p\u00fablico le ha abandonado, su agente no puede persuadirle de que vuelva a actuar.<\/p>\n<p>De repente, estalla otra trama: un deseo er\u00f3tico fuera de lo corriente que sirve de consuelo a su vida despose\u00edda, pero que es tan arriesgado y aberrante que no apunta hacia el alivio y la gratificaci\u00f3n, sino a un final a\u00fan m\u00e1s sombr\u00edo y espantoso.<\/p>\n","protected":false},"excerpt":{"rendered":"<p>Philip Roth<\/p>\n<p>160 p\u00e1ginas<\/p>\n","protected":false},"featured_media":7005,"template":"","meta":{"_joinchat":[]},"product_brand":[],"product_cat":[33],"product_tag":[34],"class_list":{"0":"post-7004","1":"product","2":"type-product","3":"status-publish","4":"has-post-thumbnail","6":"product_cat-ficcion-general","7":"product_tag-penguin-random-house","9":"first","10":"outofstock","11":"shipping-taxable","12":"purchasable","13":"product-type-simple"},"_links":{"self":[{"href":"https:\/\/libreriahistoriasdebolsillo.com\/index.php\/wp-json\/wp\/v2\/product\/7004","targetHints":{"allow":["GET"]}}],"collection":[{"href":"https:\/\/libreriahistoriasdebolsillo.com\/index.php\/wp-json\/wp\/v2\/product"}],"about":[{"href":"https:\/\/libreriahistoriasdebolsillo.com\/index.php\/wp-json\/wp\/v2\/types\/product"}],"wp:featuredmedia":[{"embeddable":true,"href":"https:\/\/libreriahistoriasdebolsillo.com\/index.php\/wp-json\/wp\/v2\/media\/7005"}],"wp:attachment":[{"href":"https:\/\/libreriahistoriasdebolsillo.com\/index.php\/wp-json\/wp\/v2\/media?parent=7004"}],"wp:term":[{"taxonomy":"product_brand","embeddable":true,"href":"https:\/\/libreriahistoriasdebolsillo.com\/index.php\/wp-json\/wp\/v2\/product_brand?post=7004"},{"taxonomy":"product_cat","embeddable":true,"href":"https:\/\/libreriahistoriasdebolsillo.com\/index.php\/wp-json\/wp\/v2\/product_cat?post=7004"},{"taxonomy":"product_tag","embeddable":true,"href":"https:\/\/libreriahistoriasdebolsillo.com\/index.php\/wp-json\/wp\/v2\/product_tag?post=7004"}],"curies":[{"name":"wp","href":"https:\/\/api.w.org\/{rel}","templated":true}]}}