{"id":7008,"date":"2025-07-10T15:54:50","date_gmt":"2025-07-10T21:54:50","guid":{"rendered":"https:\/\/libreriahistoriasdebolsillo.com\/?post_type=product&#038;p=7008"},"modified":"2025-10-15T18:38:17","modified_gmt":"2025-10-16T00:38:17","slug":"hiroshima","status":"publish","type":"product","link":"https:\/\/libreriahistoriasdebolsillo.com\/index.php\/producto\/hiroshima\/","title":{"rendered":"Hiroshima"},"content":{"rendered":"<p><b>El 6 de agosto de 1945 Hiroshima fue destruida por la primera bomba at\u00f3mica lanzada sobre una ciudad.<\/b>\u00a0En este libro, considerado una obra maestra del periodismo, John Hersey cuenta lo que pas\u00f3 en ese d\u00eda, tomando el<b>\u00a0testimonio de seis hibakushas<\/b>, personas que sobrevivieron a la explosi\u00f3n. El documento se public\u00f3 en la revista The New Yorker un a\u00f1o despu\u00e9s del suceso, y se convirti\u00f3 de inmediato en un texto cl\u00e1sico, por su<b>\u00a0intensidad y humanidad<\/b>, que remover\u00e1 eternamente las conciencias de la civilizaci\u00f3n. Casi cuarenta a\u00f1os m\u00e1s tarde, John Hersey regres\u00f3 a Jap\u00f3n en busca de los seis supervivientes; el relato de lo que descubri\u00f3 acerca de ellos se convirti\u00f3 en el elocuente y conmovedor cap\u00edtulo final de Hiroshima.<\/p>\n","protected":false},"excerpt":{"rendered":"<p>John Hersey<br \/>\n192 p\u00e1ginas<\/p>\n","protected":false},"featured_media":7010,"template":"","meta":{"_joinchat":[]},"product_brand":[],"product_cat":[41],"product_tag":[34],"class_list":{"0":"post-7008","1":"product","2":"type-product","3":"status-publish","4":"has-post-thumbnail","6":"product_cat-desarrollo-humano","7":"product_tag-penguin-random-house","9":"first","10":"outofstock","11":"shipping-taxable","12":"purchasable","13":"product-type-simple"},"_links":{"self":[{"href":"https:\/\/libreriahistoriasdebolsillo.com\/index.php\/wp-json\/wp\/v2\/product\/7008","targetHints":{"allow":["GET"]}}],"collection":[{"href":"https:\/\/libreriahistoriasdebolsillo.com\/index.php\/wp-json\/wp\/v2\/product"}],"about":[{"href":"https:\/\/libreriahistoriasdebolsillo.com\/index.php\/wp-json\/wp\/v2\/types\/product"}],"wp:featuredmedia":[{"embeddable":true,"href":"https:\/\/libreriahistoriasdebolsillo.com\/index.php\/wp-json\/wp\/v2\/media\/7010"}],"wp:attachment":[{"href":"https:\/\/libreriahistoriasdebolsillo.com\/index.php\/wp-json\/wp\/v2\/media?parent=7008"}],"wp:term":[{"taxonomy":"product_brand","embeddable":true,"href":"https:\/\/libreriahistoriasdebolsillo.com\/index.php\/wp-json\/wp\/v2\/product_brand?post=7008"},{"taxonomy":"product_cat","embeddable":true,"href":"https:\/\/libreriahistoriasdebolsillo.com\/index.php\/wp-json\/wp\/v2\/product_cat?post=7008"},{"taxonomy":"product_tag","embeddable":true,"href":"https:\/\/libreriahistoriasdebolsillo.com\/index.php\/wp-json\/wp\/v2\/product_tag?post=7008"}],"curies":[{"name":"wp","href":"https:\/\/api.w.org\/{rel}","templated":true}]}}