{"id":7011,"date":"2025-07-10T15:56:55","date_gmt":"2025-07-10T21:56:55","guid":{"rendered":"https:\/\/libreriahistoriasdebolsillo.com\/?post_type=product&#038;p=7011"},"modified":"2025-07-16T11:55:12","modified_gmt":"2025-07-16T17:55:12","slug":"orlando","status":"publish","type":"product","link":"https:\/\/libreriahistoriasdebolsillo.com\/index.php\/producto\/orlando\/","title":{"rendered":"Orlando"},"content":{"rendered":"<p>Orlando es la historia de un joven que, tras conocer el esplendor y la miseria de la historia moderna en Inglaterra, experimentar\u00e1 un cambio de sexo&#8230;<\/p>\n<p><b><i>Orlando\u00a0<\/i>es la sexta novela de Virginia Woolf y tambi\u00e9n una de sus obras m\u00e1s escandalosas, populares y accesibles.<\/b><\/p>\n<p>Se trata de la narraci\u00f3n de la vida de Orlando, quien al principio es un joven de la \u00e9poca isabelina que conocer\u00e1 todo el esplendor y la miseria de la moderna historia inglesa, desde los tiempos de Shakespeare hasta la primera guerra mundial, pasando por la Restauraci\u00f3n, la Ilustraci\u00f3n y el Romanticismo. En el periodo de la Restauraci\u00f3n, siendo embajador en Turqu\u00eda, Orlando experimenta un cambio de sexo y se convierte en mujer, aunque no muda su identidad.<\/p>\n<p>Detr\u00e1s de esta extra\u00f1a alegor\u00eda, se esconde la biograf\u00eda y la personalidad de la arist\u00f3crata Vita Sackville-West, amante de la propia Woolf, as\u00ed como una parodia de la biograf\u00eda victoriana y una indagaci\u00f3n en torno al tiempo, la historia y las identidades sexuales.<\/p>\n","protected":false},"excerpt":{"rendered":"<p>Virginia Woolf<\/p>\n<p>296 p\u00e1ginas<\/p>\n","protected":false},"featured_media":7012,"template":"","meta":{"_joinchat":[]},"product_brand":[],"product_cat":[42],"product_tag":[34],"class_list":{"0":"post-7011","1":"product","2":"type-product","3":"status-publish","4":"has-post-thumbnail","6":"product_cat-literatura-clasica","7":"product_tag-penguin-random-house","9":"first","10":"instock","11":"shipping-taxable","12":"purchasable","13":"product-type-simple"},"_links":{"self":[{"href":"https:\/\/libreriahistoriasdebolsillo.com\/index.php\/wp-json\/wp\/v2\/product\/7011","targetHints":{"allow":["GET"]}}],"collection":[{"href":"https:\/\/libreriahistoriasdebolsillo.com\/index.php\/wp-json\/wp\/v2\/product"}],"about":[{"href":"https:\/\/libreriahistoriasdebolsillo.com\/index.php\/wp-json\/wp\/v2\/types\/product"}],"wp:featuredmedia":[{"embeddable":true,"href":"https:\/\/libreriahistoriasdebolsillo.com\/index.php\/wp-json\/wp\/v2\/media\/7012"}],"wp:attachment":[{"href":"https:\/\/libreriahistoriasdebolsillo.com\/index.php\/wp-json\/wp\/v2\/media?parent=7011"}],"wp:term":[{"taxonomy":"product_brand","embeddable":true,"href":"https:\/\/libreriahistoriasdebolsillo.com\/index.php\/wp-json\/wp\/v2\/product_brand?post=7011"},{"taxonomy":"product_cat","embeddable":true,"href":"https:\/\/libreriahistoriasdebolsillo.com\/index.php\/wp-json\/wp\/v2\/product_cat?post=7011"},{"taxonomy":"product_tag","embeddable":true,"href":"https:\/\/libreriahistoriasdebolsillo.com\/index.php\/wp-json\/wp\/v2\/product_tag?post=7011"}],"curies":[{"name":"wp","href":"https:\/\/api.w.org\/{rel}","templated":true}]}}