{"id":7015,"date":"2025-07-10T16:06:16","date_gmt":"2025-07-10T22:06:16","guid":{"rendered":"https:\/\/libreriahistoriasdebolsillo.com\/?post_type=product&#038;p=7015"},"modified":"2026-03-10T15:24:55","modified_gmt":"2026-03-10T21:24:55","slug":"rebeca","status":"publish","type":"product","link":"https:\/\/libreriahistoriasdebolsillo.com\/index.php\/producto\/rebeca\/","title":{"rendered":"Rebeca"},"content":{"rendered":"<p><b>La novela que inspir\u00f3 la pel\u00edcula de Alfred Hitchock.<\/b><\/p>\n<p><b>\u00abAnoche so\u00f1\u00e9 que volv\u00eda a Manderley&#8230;\u00bb<\/b><\/p>\n<p>Nadie que conozca la pel\u00edcula basada en esta novela podr\u00e1 olvidar la voz en off que recita la frase inicial de la obra m\u00e1s lograda de Daphne du Maurier:\u00a0<b>Rebeca<\/b>. As\u00ed comienzan los recuerdos de la segunda se\u00f1ora De Winter, que la transportan de nuevo a la aislada y gris mansi\u00f3n situada en la h\u00fameda y ventosa costa de Cornualles. Con un marido al que apenas conoce, la joven esposa llega a este inmenso predio para ser inexorablemente ahogada por<b>\u00a0la fantasmal presencia de la primera se\u00f1ora De Winter, la hermosa Rebeca<\/b>. Su habitaci\u00f3n permanece intacta, sus vestidos listos para ser lucidos, y su sirvienta, la siniestra se\u00f1ora Danvers, a\u00fan le profesa una devoci\u00f3n malsana. Y con el espeluznante presentimiento de que algo maligno le aprisiona el coraz\u00f3n, la joven comienza a investigar el verdadero destino de Rebeca:\u00a0<b>el oscuro secreto de Manderley<\/b>.<\/p>\n<p>&nbsp;<\/p>\n","protected":false},"excerpt":{"rendered":"<p>Daphne du Maurier<br \/>\n464 p\u00e1ginas<\/p>\n","protected":false},"featured_media":7016,"template":"","meta":{"_joinchat":[]},"product_brand":[],"product_cat":[51,36],"product_tag":[34],"class_list":{"0":"post-7015","1":"product","2":"type-product","3":"status-publish","4":"has-post-thumbnail","6":"product_cat-oferta","7":"product_cat-terror-y-paranormal","8":"product_tag-penguin-random-house","10":"first","11":"instock","12":"sale","13":"shipping-taxable","14":"purchasable","15":"product-type-simple"},"_links":{"self":[{"href":"https:\/\/libreriahistoriasdebolsillo.com\/index.php\/wp-json\/wp\/v2\/product\/7015","targetHints":{"allow":["GET"]}}],"collection":[{"href":"https:\/\/libreriahistoriasdebolsillo.com\/index.php\/wp-json\/wp\/v2\/product"}],"about":[{"href":"https:\/\/libreriahistoriasdebolsillo.com\/index.php\/wp-json\/wp\/v2\/types\/product"}],"wp:featuredmedia":[{"embeddable":true,"href":"https:\/\/libreriahistoriasdebolsillo.com\/index.php\/wp-json\/wp\/v2\/media\/7016"}],"wp:attachment":[{"href":"https:\/\/libreriahistoriasdebolsillo.com\/index.php\/wp-json\/wp\/v2\/media?parent=7015"}],"wp:term":[{"taxonomy":"product_brand","embeddable":true,"href":"https:\/\/libreriahistoriasdebolsillo.com\/index.php\/wp-json\/wp\/v2\/product_brand?post=7015"},{"taxonomy":"product_cat","embeddable":true,"href":"https:\/\/libreriahistoriasdebolsillo.com\/index.php\/wp-json\/wp\/v2\/product_cat?post=7015"},{"taxonomy":"product_tag","embeddable":true,"href":"https:\/\/libreriahistoriasdebolsillo.com\/index.php\/wp-json\/wp\/v2\/product_tag?post=7015"}],"curies":[{"name":"wp","href":"https:\/\/api.w.org\/{rel}","templated":true}]}}